{"id":9887,"date":"2018-06-27T11:49:36","date_gmt":"2018-06-27T09:49:36","guid":{"rendered":"http:\/\/filologia.us.es\/?page_id=9887"},"modified":"2026-01-28T11:53:43","modified_gmt":"2026-01-28T10:53:43","slug":"horarios-de-clase","status":"publish","type":"page","link":"https:\/\/filologia.us.es\/?page_id=9887","title":{"rendered":"Horarios de clase"},"content":{"rendered":"<p><strong>ATENCI\u00d3N<\/strong>:<\/p>\n<ul>\n<li>Para ver el curso que quieres consultar, abre la pesta\u00f1a <em>Grado y Doble Grado<\/em> y elige el curso (PRIMERO, SEGUNDO, TERCERO o CUARTO) en la esquina inferior izquierda de la ventana que est\u00e1s usando. Para <em>M\u00e1ster y Doble M\u00e1ster <\/em>esto no es necesario.<em><br \/>\n<\/em><\/li>\n<li>Para <em>Idioma Moderno I y II<\/em>, consulta el enlace con este nombre en <em>Grado y Doble Grado &gt; Todos los cursos.<br \/>\n<\/em><\/li>\n<li>Si tienes problemas para ver la informaci\u00f3n correctamente, recarga la p\u00e1gina (cmd+R para Mac; F5 para Windows).<\/li>\n<\/ul>\n<p><strong>Se hace constar que las aulas del segundo cuatrimestre (C2) no son definitivas, y est\u00e1 sujetas a cambios antes del comienzo de dicho cuatrimestre.<\/strong><\/p>\n","protected":false},"excerpt":{"rendered":"<p>ATENCI\u00d3N: Para ver el curso que quieres consultar, abre la pesta\u00f1a Grado y Doble Grado y elige el curso (PRIMERO, SEGUNDO, TERCERO o CUARTO) en la esquina inferior izquierda de la ventana que est\u00e1s usando. Para M\u00e1ster y Doble M\u00e1ster esto no es necesario. Para Idioma Moderno I y II, consulta el enlace con este &hellip; <a href=\"https:\/\/filologia.us.es\/?page_id=9887\" class=\"more-link\">Continue reading <span class=\"screen-reader-text\">Horarios de clase<\/span> <span class=\"meta-nav\">&raquo;<\/span><\/a><\/p>\n","protected":false},"author":10,"featured_media":0,"parent":0,"menu_order":48,"comment_status":"closed","ping_status":"closed","template":"","meta":{"_acf_changed":false,"footnotes":""},"acf":[],"_links":{"self":[{"href":"https:\/\/filologia.us.es\/index.php?rest_route=\/wp\/v2\/pages\/9887"}],"collection":[{"href":"https:\/\/filologia.us.es\/index.php?rest_route=\/wp\/v2\/pages"}],"about":[{"href":"https:\/\/filologia.us.es\/index.php?rest_route=\/wp\/v2\/types\/page"}],"author":[{"embeddable":true,"href":"https:\/\/filologia.us.es\/index.php?rest_route=\/wp\/v2\/users\/10"}],"replies":[{"embeddable":true,"href":"https:\/\/filologia.us.es\/index.php?rest_route=%2Fwp%2Fv2%2Fcomments&post=9887"}],"version-history":[{"count":3,"href":"https:\/\/filologia.us.es\/index.php?rest_route=\/wp\/v2\/pages\/9887\/revisions"}],"predecessor-version":[{"id":23481,"href":"https:\/\/filologia.us.es\/index.php?rest_route=\/wp\/v2\/pages\/9887\/revisions\/23481"}],"wp:attachment":[{"href":"https:\/\/filologia.us.es\/index.php?rest_route=%2Fwp%2Fv2%2Fmedia&parent=9887"}],"curies":[{"name":"wp","href":"https:\/\/api.w.org\/{rel}","templated":true}]}}