{"id":6885,"date":"2017-06-09T12:25:28","date_gmt":"2017-06-09T10:25:28","guid":{"rendered":"http:\/\/filologia.us.es\/?page_id=6885"},"modified":"2017-06-09T12:26:12","modified_gmt":"2017-06-09T10:26:12","slug":"solicitud-aula-multimedia","status":"publish","type":"page","link":"https:\/\/filologia.us.es\/?page_id=6885","title":{"rendered":"Solicitud de aula multimedia"},"content":{"rendered":"\n<div class=\"wpcf7 no-js\" id=\"wpcf7-f6883-o1\" lang=\"es-ES\" dir=\"ltr\">\n<div class=\"screen-reader-response\"><p role=\"status\" aria-live=\"polite\" aria-atomic=\"true\"><\/p> <ul><\/ul><\/div>\n<form action=\"\/index.php?rest_route=%2Fwp%2Fv2%2Fpages%2F6885#wpcf7-f6883-o1\" method=\"post\" class=\"wpcf7-form init wpcf7-acceptance-as-validation\" aria-label=\"Formulario de contacto\" novalidate=\"novalidate\" data-status=\"init\">\n<div style=\"display: none;\">\n<input type=\"hidden\" name=\"_wpcf7\" value=\"6883\" \/>\n<input type=\"hidden\" name=\"_wpcf7_version\" value=\"5.8.7\" \/>\n<input type=\"hidden\" name=\"_wpcf7_locale\" value=\"es_ES\" \/>\n<input type=\"hidden\" name=\"_wpcf7_unit_tag\" value=\"wpcf7-f6883-o1\" \/>\n<input type=\"hidden\" name=\"_wpcf7_container_post\" value=\"0\" \/>\n<input type=\"hidden\" name=\"_wpcf7_posted_data_hash\" value=\"\" \/>\n<\/div>\n<p>* = Campo de cumplimentaci\u00f3n necesaria.\n<\/p>\n<p>Asunto<br \/>\n[Solicitud de aula multimedia para actividad docente]\n<\/p>\n<h5>Datos generales\n<\/h5>\n<p>Nombre*\n<\/p>\n<p><span class=\"wpcf7-form-control-wrap\" data-name=\"your-name\"><input size=\"40\" class=\"wpcf7-form-control wpcf7-text wpcf7-validates-as-required\" aria-required=\"true\" aria-invalid=\"false\" value=\"\" type=\"text\" name=\"your-name\" \/><\/span>\n<\/p>\n<p>Correo electr\u00f3nico us.es*\n<\/p>\n<p><span class=\"wpcf7-form-control-wrap\" data-name=\"your-email\"><input size=\"40\" class=\"wpcf7-form-control wpcf7-email wpcf7-validates-as-required wpcf7-text wpcf7-validates-as-email\" aria-required=\"true\" aria-invalid=\"false\" value=\"\" type=\"email\" name=\"your-email\" \/><\/span>\n<\/p>\n<p>Tel\u00e9fono*\n<\/p>\n<p><span class=\"wpcf7-form-control-wrap\" data-name=\"tel-64\"><input size=\"40\" class=\"wpcf7-form-control wpcf7-tel wpcf7-validates-as-required wpcf7-text wpcf7-validates-as-tel\" aria-required=\"true\" aria-invalid=\"false\" value=\"\" type=\"tel\" name=\"tel-64\" \/><\/span>\n<\/p>\n<p> Vinculaci\u00f3n con la Facultad de Filolog\u00eda o con la USE* <span class=\"wpcf7-form-control-wrap\" data-name=\"menu-730\"><select class=\"wpcf7-form-control wpcf7-select wpcf7-validates-as-required bar\" id=\"foo\" aria-required=\"true\" aria-invalid=\"false\" multiple=\"multiple\" name=\"menu-730[]\"><option value=\"Coordinador de asignatura de Grado, M\u00e1ster o Doctorado\">Coordinador de asignatura de Grado, M\u00e1ster o Doctorado<\/option><option value=\"Director de TFG, TFM, Tesis Doctoral\">Director de TFG, TFM, Tesis Doctoral<\/option><option value=\"Otra\">Otra<\/option><\/select><\/span>\n<\/p>\n<p> En caso de que tenga otra vinculaci\u00f3n, especif\u00edquese: <span class=\"wpcf7-form-control-wrap\" data-name=\"text-526\"><input size=\"40\" class=\"wpcf7-form-control wpcf7-text bar\" aria-invalid=\"false\" value=\"\" type=\"text\" name=\"text-526\" \/><\/span>\n<\/p>\n<h5>Datos de la actividad solicitada\n<\/h5>\n<p> Actividad para la que se solicita la reserva*: <span class=\"wpcf7-form-control-wrap\" data-name=\"text-398\"><input size=\"40\" class=\"wpcf7-form-control wpcf7-text wpcf7-validates-as-required\" aria-required=\"true\" aria-invalid=\"false\" value=\"\" type=\"text\" name=\"text-398\" \/><\/span>\n<\/p>\n<p>Si se trata de una actividad reglada distinta a las anteriores, especif\u00edquese: <span class=\"wpcf7-form-control-wrap\" data-name=\"text-730\"><input size=\"40\" class=\"wpcf7-form-control wpcf7-text\" aria-invalid=\"false\" value=\"\" type=\"text\" name=\"text-730\" \/><\/span>\n<\/p>\n<p> Asignatura: <span class=\"wpcf7-form-control-wrap\" data-name=\"text-698\"><input size=\"40\" class=\"wpcf7-form-control wpcf7-text\" aria-invalid=\"false\" value=\"\" type=\"text\" name=\"text-698\" \/><\/span><br \/>\nTitulaci\u00f3n: <span class=\"wpcf7-form-control-wrap\" data-name=\"text-699\"><input size=\"40\" class=\"wpcf7-form-control wpcf7-text\" aria-invalid=\"false\" value=\"\" type=\"text\" name=\"text-699\" \/><\/span><br \/>\nCurso: <span class=\"wpcf7-form-control-wrap\" data-name=\"text-700\"><input size=\"40\" class=\"wpcf7-form-control wpcf7-text\" aria-invalid=\"false\" value=\"\" type=\"text\" name=\"text-700\" \/><\/span>\n<\/p>\n<p> Cuatrimestre de impartici\u00f3n:<br \/>\n<span class=\"wpcf7-form-control-wrap\" data-name=\"menu-27\"><select class=\"wpcf7-form-control wpcf7-select wpcf7-validates-as-required\" aria-required=\"true\" aria-invalid=\"false\" name=\"menu-27\"><option value=\"Anual\">Anual<\/option><option value=\"Primer cuatrimestre\">Primer cuatrimestre<\/option><option value=\"Segundo cuatrimestre\">Segundo cuatrimestre<\/option><\/select><\/span>\n<\/p>\n<p> Caracter\u00edsticas del espacio solicitado*\n<\/p>\n<p>Espacio solicitado*<br \/>\n<span class=\"wpcf7-form-control-wrap\" data-name=\"menu-987\"><select class=\"wpcf7-form-control wpcf7-select wpcf7-validates-as-required bar\" aria-required=\"true\" aria-invalid=\"false\" multiple=\"multiple\" name=\"menu-987[]\"><option value=\"Aula 101A (aforo: 47)\">Aula 101A (aforo: 47)<\/option><option value=\"Aula  101B (aforo: 20)\">Aula  101B (aforo: 20)<\/option><option value=\"Laboratorio de idiomas (aforo: 38)\">Laboratorio de idiomas (aforo: 38)<\/option><\/select><\/span>\n<\/p>\n<p>Otras necesidades \/ informaci\u00f3n adicional de inter\u00e9s:<br \/>\n<span class=\"wpcf7-form-control-wrap\" data-name=\"text-637\"><input size=\"40\" class=\"wpcf7-form-control wpcf7-text bar\" aria-invalid=\"false\" value=\"\" type=\"text\" name=\"text-637\" \/><\/span>\n<\/p>\n<h5>Declaraci\u00f3n\n<\/h5>\n<p><span class=\"wpcf7-form-control-wrap\" data-name=\"declaracion\"><span class=\"wpcf7-form-control wpcf7-acceptance\"><span class=\"wpcf7-list-item\"><input type=\"checkbox\" name=\"declaracion\" value=\"1\" checked=\"checked\" aria-invalid=\"false\" \/><\/span><\/span><\/span><em>El solicitante, al enviar este formulario, acepta la responsabilidad derivada del uso del espacio concedido y se compromete:<br \/>\n(1) a devolver dicho espacio al estado de conservaci\u00f3n y distribuci\u00f3n del mobiliario anterior a la cesi\u00f3n,<br \/>\n(2) a no sacar del espacio ninguno de los elementos que contiene,<br \/>\n(3) a no usar el espacio cedido para una actividad distinta a la solicitada.<\/em>\n<\/p>\n<p>El env\u00edo del presente formulario implica que el\/la solicitante avala la veracidad de los datos consignados.\n<\/p>\n<p><input class=\"wpcf7-form-control wpcf7-submit has-spinner\" type=\"submit\" value=\"Enviar\" \/>\n<\/p><div class=\"wpcf7-response-output\" aria-hidden=\"true\"><\/div>\n<\/form>\n<\/div>\n\n","protected":false},"excerpt":{"rendered":"","protected":false},"author":9,"featured_media":0,"parent":132,"menu_order":54,"comment_status":"closed","ping_status":"closed","template":"page-templates_siff\/page-sidebar_secondary.php","meta":{"_acf_changed":false,"footnotes":""},"acf":[],"_links":{"self":[{"href":"https:\/\/filologia.us.es\/index.php?rest_route=\/wp\/v2\/pages\/6885"}],"collection":[{"href":"https:\/\/filologia.us.es\/index.php?rest_route=\/wp\/v2\/pages"}],"about":[{"href":"https:\/\/filologia.us.es\/index.php?rest_route=\/wp\/v2\/types\/page"}],"author":[{"embeddable":true,"href":"https:\/\/filologia.us.es\/index.php?rest_route=\/wp\/v2\/users\/9"}],"replies":[{"embeddable":true,"href":"https:\/\/filologia.us.es\/index.php?rest_route=%2Fwp%2Fv2%2Fcomments&post=6885"}],"version-history":[{"count":0,"href":"https:\/\/filologia.us.es\/index.php?rest_route=\/wp\/v2\/pages\/6885\/revisions"}],"up":[{"embeddable":true,"href":"https:\/\/filologia.us.es\/index.php?rest_route=\/wp\/v2\/pages\/132"}],"wp:attachment":[{"href":"https:\/\/filologia.us.es\/index.php?rest_route=%2Fwp%2Fv2%2Fmedia&parent=6885"}],"curies":[{"name":"wp","href":"https:\/\/api.w.org\/{rel}","templated":true}]}}