{"id":6796,"date":"2017-06-07T08:52:44","date_gmt":"2017-06-07T06:52:44","guid":{"rendered":"http:\/\/filologia.us.es\/?page_id=6796"},"modified":"2017-06-16T11:50:03","modified_gmt":"2017-06-16T09:50:03","slug":"solicitud-reserva-espacios","status":"publish","type":"page","link":"https:\/\/filologia.us.es\/?page_id=6796","title":{"rendered":"Solicitud de reservas de espacio para congresos, conferencias, actos, jornadas, etc."},"content":{"rendered":"\n<div class=\"wpcf7 no-js\" id=\"wpcf7-f6769-o1\" lang=\"es-ES\" dir=\"ltr\">\n<div class=\"screen-reader-response\"><p role=\"status\" aria-live=\"polite\" aria-atomic=\"true\"><\/p> <ul><\/ul><\/div>\n<form action=\"\/index.php?rest_route=%2Fwp%2Fv2%2Fpages%2F6796#wpcf7-f6769-o1\" method=\"post\" class=\"wpcf7-form init wpcf7-acceptance-as-validation\" aria-label=\"Formulario de contacto\" enctype=\"multipart\/form-data\" novalidate=\"novalidate\" data-status=\"init\">\n<div style=\"display: none;\">\n<input type=\"hidden\" name=\"_wpcf7\" value=\"6769\" \/>\n<input type=\"hidden\" name=\"_wpcf7_version\" value=\"5.8.7\" \/>\n<input type=\"hidden\" name=\"_wpcf7_locale\" value=\"es_ES\" \/>\n<input type=\"hidden\" name=\"_wpcf7_unit_tag\" value=\"wpcf7-f6769-o1\" \/>\n<input type=\"hidden\" name=\"_wpcf7_container_post\" value=\"0\" \/>\n<input type=\"hidden\" name=\"_wpcf7_posted_data_hash\" value=\"\" \/>\n<\/div>\n<p>* = Campo de cumplimentaci\u00f3n necesaria.\n<\/p>\n<p>Asunto<br \/>\n[Solicitud de espacios para actividades no regladas: congresos, conferencias, etc.]\n<\/p>\n<h5>Datos generales\n<\/h5>\n<p>Nombre*\n<\/p>\n<p><span class=\"wpcf7-form-control-wrap\" data-name=\"your-name\"><input size=\"40\" class=\"wpcf7-form-control wpcf7-text wpcf7-validates-as-required\" aria-required=\"true\" aria-invalid=\"false\" value=\"\" type=\"text\" name=\"your-name\" \/><\/span>\n<\/p>\n<p>Correo electr\u00f3nico us.es*\n<\/p>\n<p><span class=\"wpcf7-form-control-wrap\" data-name=\"your-email\"><input size=\"40\" class=\"wpcf7-form-control wpcf7-email wpcf7-validates-as-required wpcf7-text wpcf7-validates-as-email\" aria-required=\"true\" aria-invalid=\"false\" value=\"\" type=\"email\" name=\"your-email\" \/><\/span>\n<\/p>\n<p>Tel\u00e9fono*\n<\/p>\n<p><span class=\"wpcf7-form-control-wrap\" data-name=\"tel-64\"><input size=\"40\" class=\"wpcf7-form-control wpcf7-tel wpcf7-validates-as-required wpcf7-text wpcf7-validates-as-tel\" aria-required=\"true\" aria-invalid=\"false\" value=\"\" type=\"tel\" name=\"tel-64\" \/><\/span>\n<\/p>\n<p> Vinculaci\u00f3n con la Facultad de Filolog\u00eda o con la US (PDI, representante de estudiantes de acuerdo con el Estatuto de la US, PAS, etc.)*: <span class=\"wpcf7-form-control-wrap\" data-name=\"text-526\"><input size=\"40\" class=\"wpcf7-form-control wpcf7-text wpcf7-validates-as-required bar\" id=\"foo\" aria-required=\"true\" aria-invalid=\"false\" value=\"\" type=\"text\" name=\"text-526\" \/><\/span>\n<\/p>\n<h5>Espacios solicitados\n<\/h5>\n<p> Aula\/s:<br \/>\n<span class=\"wpcf7-form-control-wrap\" data-name=\"text-701\"><input size=\"40\" class=\"wpcf7-form-control wpcf7-text\" aria-invalid=\"false\" value=\"\" type=\"text\" name=\"text-701\" \/><\/span>\n<\/p>\n<p> Espacios especiales: <span class=\"wpcf7-form-control-wrap\" data-name=\"checkbox-700\"><span class=\"wpcf7-form-control wpcf7-checkbox\"><span class=\"wpcf7-list-item first\"><input type=\"checkbox\" name=\"checkbox-700[]\" value=\"Aula de Grados\" \/><span class=\"wpcf7-list-item-label\">Aula de Grados<\/span><\/span><span class=\"wpcf7-list-item\"><input type=\"checkbox\" name=\"checkbox-700[]\" value=\"Sala de investigadores\" \/><span class=\"wpcf7-list-item-label\">Sala de investigadores<\/span><\/span><span class=\"wpcf7-list-item\"><input type=\"checkbox\" name=\"checkbox-700[]\" value=\"Aulas multimedia\" \/><span class=\"wpcf7-list-item-label\">Aulas multimedia<\/span><\/span><span class=\"wpcf7-list-item last\"><input type=\"checkbox\" name=\"checkbox-700[]\" value=\"Patio de la cristalera\" \/><span class=\"wpcf7-list-item-label\">Patio de la cristalera<\/span><\/span><\/span><\/span>\n<\/p>\n<h5> Fechas y horas de ocupaci\u00f3n\n<\/h5>\n<p>D\u00eda\/s y horas de ocupaci\u00f3n (det\u00e1llese para cada espacio solicitado)*:<br \/>\n<span class=\"wpcf7-form-control-wrap\" data-name=\"text-62\"><input size=\"40\" class=\"wpcf7-form-control wpcf7-text wpcf7-validates-as-required bar\" aria-required=\"true\" aria-invalid=\"false\" value=\"\" type=\"text\" name=\"text-62\" \/><\/span>\n<\/p>\n<h5>Descripci\u00f3n de la Actividad\n<\/h5>\n<p> Tipo de actividad*: <span class=\"wpcf7-form-control-wrap\" data-name=\"menu-555\"><select class=\"wpcf7-form-control wpcf7-select wpcf7-validates-as-required\" aria-required=\"true\" aria-invalid=\"false\" name=\"menu-555\"><option value=\"\">&#8212;Por favor, elige una opci\u00f3n&#8212;<\/option><option value=\"Congreso (con series de reservas)\">Congreso (con series de reservas)<\/option><option value=\"Conferencia\">Conferencia<\/option><option value=\"Acto\">Acto<\/option><option value=\"Jornada\">Jornada<\/option><\/select><\/span>\n<\/p>\n<p> Nombre de la actividad y breve descripci\u00f3n de su contenido*: <span class=\"wpcf7-form-control-wrap\" data-name=\"text-854\"><input size=\"40\" class=\"wpcf7-form-control wpcf7-text wpcf7-validates-as-required\" aria-required=\"true\" aria-invalid=\"false\" value=\"\" type=\"text\" name=\"text-854\" \/><\/span>\n<\/p>\n<p> Nombre del\/ de la coordinador\/a de la actividad y de la instituci\u00f3n a la que pertenece o representa*: <span class=\"wpcf7-form-control-wrap\" data-name=\"text-358\"><input size=\"40\" class=\"wpcf7-form-control wpcf7-text wpcf7-validates-as-required\" aria-required=\"true\" aria-invalid=\"false\" value=\"\" type=\"text\" name=\"text-358\" \/><\/span>\n<\/p>\n<p> Carteler\u00eda para su promoci\u00f3n en la web, si corresponde <span class=\"wpcf7-form-control-wrap\" data-name=\"file-952\"><input size=\"40\" class=\"wpcf7-form-control wpcf7-file bar\" accept=\".doc,.pdf,.docx,.txt,.odt,.jpg,.jpeg,.ppt,.pptx,.gif,.png\" aria-invalid=\"false\" type=\"file\" name=\"file-952\" \/><\/span>\n<\/p>\n<p> El tama\u00f1o m\u00e1ximo permitido para el env\u00edo del archivo es de 3MB. Pueden enviarse archivos con extensi\u00f3n txt, doc, docx, odt, pdf, ppt, pptx, jpg, jpeg, gif y png.\n<\/p>\n<h5>Relaci\u00f3n de recursos propios de la Facultad de Filolog\u00eda solicitados\n<\/h5>\n<p><span class=\"wpcf7-form-control-wrap\" data-name=\"checkbox-397\"><span class=\"wpcf7-form-control wpcf7-checkbox\"><span class=\"wpcf7-list-item first\"><input type=\"checkbox\" name=\"checkbox-397[]\" value=\"Material t\u00e9cnico instalado en los espacios anteriores\" \/><span class=\"wpcf7-list-item-label\">Material t\u00e9cnico instalado en los espacios anteriores<\/span><\/span><span class=\"wpcf7-list-item\"><input type=\"checkbox\" name=\"checkbox-397[]\" value=\"Mostrador\" \/><span class=\"wpcf7-list-item-label\">Mostrador<\/span><\/span><span class=\"wpcf7-list-item\"><input type=\"checkbox\" name=\"checkbox-397[]\" value=\"Espacio en el almac\u00e9n de Filolog\u00eda\" \/><span class=\"wpcf7-list-item-label\">Espacio en el almac\u00e9n de Filolog\u00eda<\/span><\/span><span class=\"wpcf7-list-item\"><input type=\"checkbox\" name=\"checkbox-397[]\" value=\"Pantalla gris para proyecci\u00f3n trasera\" \/><span class=\"wpcf7-list-item-label\">Pantalla gris para proyecci\u00f3n trasera<\/span><\/span><span class=\"wpcf7-list-item\"><input type=\"checkbox\" name=\"checkbox-397[]\" value=\"Marquesina y otros medios de publicidad\" \/><span class=\"wpcf7-list-item-label\">Marquesina y otros medios de publicidad<\/span><\/span><span class=\"wpcf7-list-item\"><input type=\"checkbox\" name=\"checkbox-397[]\" value=\"P\u00e1gina web: filologia.us.es\" \/><span class=\"wpcf7-list-item-label\">P\u00e1gina web: filologia.us.es<\/span><\/span><span class=\"wpcf7-list-item\"><input type=\"checkbox\" name=\"checkbox-397[]\" value=\"Servicios audiovisuales para la grabaci\u00f3n de eventos\" \/><span class=\"wpcf7-list-item-label\">Servicios audiovisuales para la grabaci\u00f3n de eventos<\/span><\/span><span class=\"wpcf7-list-item\"><input type=\"checkbox\" name=\"checkbox-397[]\" value=\"Concurso del personal de Consejer\u00eda para situaciones especiales\" \/><span class=\"wpcf7-list-item-label\">Concurso del personal de Consejer\u00eda para situaciones especiales<\/span><\/span><span class=\"wpcf7-list-item last\"><input type=\"checkbox\" name=\"checkbox-397[]\" value=\"Otro\" \/><span class=\"wpcf7-list-item-label\">Otro<\/span><\/span><\/span><\/span>\n<\/p>\n<p> Si precisa grabar el evento, dir\u00edjase al SAV: http:\/\/sav.us.es\/index.php\/solicitudes.\n<\/p>\n<p>(Si para la grabaci\u00f3n del evento son necesarios los medios audiovisuales de la Facultad de Filolog\u00eda, cons\u00faltese la pesta\u00f1a \"informaci\u00f3n\" en esta misma secci\u00f3n)\n<\/p>\n<h5>Modelo que describe la petici\u00f3n*\n<\/h5>\n<p>Deben consultarse los distintos modelos de reserva en la pesta\u00f1a \"informaci\u00f3n\", que aparecen descritos en detalle, o puede descargarse el archivo \"Modelos de reserva\" copiando el siguiente enlace: <a href=\"http:\/\/filologia.us.es\/wp-content\/uploads\/2017\/06\/Resumen-de-modelos.pdf\">http:\/\/filologia.us.es\/wp-content\/uploads\/2017\/06\/Resumen-de-modelos.pdf<\/a>\n<\/p>\n<p><span class=\"wpcf7-form-control-wrap\" data-name=\"menu-986\"><select class=\"wpcf7-form-control wpcf7-select wpcf7-validates-as-required bar\" aria-required=\"true\" aria-invalid=\"false\" multiple=\"multiple\" name=\"menu-986[]\"><option value=\"Modelo b\u00e1sico (MB): Acto acad\u00e9mico o evento de FFL\/US - SIN matr\u00edcula - SIN \u00e1nimo de lucro - SIN canon\">Modelo b\u00e1sico (MB): Acto acad\u00e9mico o evento de FFL\/US - SIN matr\u00edcula - SIN \u00e1nimo de lucro - SIN canon<\/option><option value=\"Modelo 1 (M1): Evento de FFL\/US - CON tasa inscrip. - SIN \u00e1nimo de lucro - SIN canon\">Modelo 1 (M1): Evento de FFL\/US - CON tasa inscrip. - SIN \u00e1nimo de lucro - SIN canon<\/option><option value=\"Modelo 2 (M2): Evento de entidad P\u00daBLICA EXTERNA a FFL\/US - SIN tasa inscrip. - SIN \u00e1nimo de lucro - SIN canon\">Modelo 2 (M2): Evento de entidad P\u00daBLICA EXTERNA a FFL\/US - SIN tasa inscrip. - SIN \u00e1nimo de lucro - SIN canon<\/option><option value=\"Modelo 3 (M3): Evento de entidad P\u00daBLICA EXTERNA a FFL\/US - CON tasa inscrip. - SIN \u00e1nimo de lucro - CON canon\">Modelo 3 (M3): Evento de entidad P\u00daBLICA EXTERNA a FFL\/US - CON tasa inscrip. - SIN \u00e1nimo de lucro - CON canon<\/option><option value=\"Modelo 4 (M4): Resto de situaciones\">Modelo 4 (M4): Resto de situaciones<\/option><\/select><\/span>\n<\/p>\n<h5>Documentaci\u00f3n que se adjunta a la solicitud*\n<\/h5>\n<p><span class=\"wpcf7-form-control-wrap\" data-name=\"checkbox-997\"><span class=\"wpcf7-form-control wpcf7-checkbox wpcf7-validates-as-required bar\"><span class=\"wpcf7-list-item first\"><input type=\"checkbox\" name=\"checkbox-997[]\" value=\"Identificaci\u00f3n del\/ de la solicitante como miembro de la Facultad de Filolog\u00eda \/US o entidad p\u00fablica externa (para los modelos MB, M1, M2, M3)\" \/><span class=\"wpcf7-list-item-label\">Identificaci\u00f3n del\/ de la solicitante como miembro de la Facultad de Filolog\u00eda \/US o entidad p\u00fablica externa (para los modelos MB, M1, M2, M3)<\/span><\/span><span class=\"wpcf7-list-item\"><input type=\"checkbox\" name=\"checkbox-997[]\" value=\"Declaraci\u00f3n de haber seguido los tr\u00e1mites de la US para el tratamiento de inscripciones, cuotas y cuentas bancarias (para los modelos M1, M3)\" \/><span class=\"wpcf7-list-item-label\">Declaraci\u00f3n de haber seguido los tr\u00e1mites de la US para el tratamiento de inscripciones, cuotas y cuentas bancarias (para los modelos M1, M3)<\/span><\/span><span class=\"wpcf7-list-item\"><input type=\"checkbox\" name=\"checkbox-997[]\" value=\"Comprobantes de dichos tr\u00e1mites (para los modelos M1, M3)\" \/><span class=\"wpcf7-list-item-label\">Comprobantes de dichos tr\u00e1mites (para los modelos M1, M3)<\/span><\/span><span class=\"wpcf7-list-item last\"><input type=\"checkbox\" name=\"checkbox-997[]\" value=\"Documentos acreditativos de haber ingresado en la CC de la US las cantidades acordadas en concepto de cesi\u00f3n de espacios y recursos, para los modelos M1, M3 (v. instrucciones del anexo III del presupuesto de la US: http:\/\/servicio.us.es\/gesteco\/presupuestos.html)\" \/><span class=\"wpcf7-list-item-label\">Documentos acreditativos de haber ingresado en la CC de la US las cantidades acordadas en concepto de cesi\u00f3n de espacios y recursos, para los modelos M1, M3 (v. instrucciones del anexo III del presupuesto de la US: http:\/\/servicio.us.es\/gesteco\/presupuestos.html)<\/span><\/span><\/span><\/span>\n<\/p>\n<p>Otra informaci\u00f3n adicional de inter\u00e9s:<br \/>\n<span class=\"wpcf7-form-control-wrap\" data-name=\"text-637\"><input size=\"40\" class=\"wpcf7-form-control wpcf7-text bar\" aria-invalid=\"false\" value=\"\" type=\"text\" name=\"text-637\" \/><\/span>\n<\/p>\n<p>Archivo adjunto 1<br \/>\n<span class=\"wpcf7-form-control-wrap\" data-name=\"file-504\"><input size=\"40\" class=\"wpcf7-form-control wpcf7-file bar\" accept=\".doc,.pdf,.docx,.txt,.odt,.jpg,.jpeg,.ppt,.pptx,.gif,.png\" aria-invalid=\"false\" type=\"file\" name=\"file-504\" \/><\/span>\n<\/p>\n<p>Archivo adjunto 2<br \/>\n<span class=\"wpcf7-form-control-wrap\" data-name=\"file-726\"><input size=\"40\" class=\"wpcf7-form-control wpcf7-file bar\" accept=\".doc,.pdf,.docx,.txt,.odt,.jpg,.jpeg,.ppt,.pptx,.gif,.png\" aria-invalid=\"false\" type=\"file\" name=\"file-726\" \/><\/span>\n<\/p>\n<p>Archivo adjunto 3<br \/>\n<span class=\"wpcf7-form-control-wrap\" data-name=\"file-9\"><input size=\"40\" class=\"wpcf7-form-control wpcf7-file bar\" accept=\".doc,.pdf,.docx,.txt,.odt,.jpg,.jpeg,.ppt,.pptx,.gif,.png\" aria-invalid=\"false\" type=\"file\" name=\"file-9\" \/><\/span>\n<\/p>\n<p>Archivo adjunto 4<br \/>\n<span class=\"wpcf7-form-control-wrap\" data-name=\"file-543\"><input size=\"40\" class=\"wpcf7-form-control wpcf7-file bar\" accept=\".doc,.pdf,.docx,.txt,.odt,.jpg,.jpeg,.ppt,.pptx,.gif,.png\" aria-invalid=\"false\" type=\"file\" name=\"file-543\" \/><\/span>\n<\/p>\n<p> El tama\u00f1o m\u00e1ximo permitido para el env\u00edo del archivo es de 3MB. Pueden enviarse archivos con extensi\u00f3n txt, doc, docx, odt, pdf, ppt, pptx, jpg, jpeg, gif y png.\n<\/p>\n<h5>Declaraci\u00f3n*\n<\/h5>\n<p><span class=\"wpcf7-form-control-wrap\" data-name=\"declaracion\"><span class=\"wpcf7-form-control wpcf7-acceptance\"><span class=\"wpcf7-list-item\"><input type=\"checkbox\" name=\"declaracion\" value=\"1\" aria-invalid=\"false\" \/><\/span><\/span><\/span><em>El solicitante, al enviar este formulario, acepta la responsabilidad derivada del uso del espacio concedido y se compromete:<br \/>\n(1) a reparar (o a reponer en su caso) cualquier desperfecto causado en el espacio cedido o en su equipamiento,<br \/>\n(2) a devolver dicho espacio al estado de conservaci\u00f3n y distribuci\u00f3n del mobiliario anterior a la cesi\u00f3n,<br \/>\n(3) a no sacar del espacio ninguno de los elementos que contiene<br \/>\n(4) a no usar el espacio cedido para una actividad distinta a la solicitada.<\/em>\n<\/p>\n<p>El env\u00edo del presente formulario implica que el\/la solicitante avala la veracidad de los datos consignados.\n<\/p>\n<p>La reserva provisional ser\u00e1 definitiva cuando se hayan cumplimentado todos los tr\u00e1mites necesarios, para lo que se establece un plazo de 30 d\u00edas a partir del registro de la petici\u00f3n (fecha de entrada de la presente solicitud).\n<\/p>\n<p><input class=\"wpcf7-form-control wpcf7-submit has-spinner\" type=\"submit\" value=\"Enviar\" \/>\n<\/p><div class=\"wpcf7-response-output\" aria-hidden=\"true\"><\/div>\n<\/form>\n<\/div>\n\n","protected":false},"excerpt":{"rendered":"","protected":false},"author":10,"featured_media":1675,"parent":132,"menu_order":52,"comment_status":"closed","ping_status":"closed","template":"page-templates_siff\/page-sidebar_secondary.php","meta":{"_acf_changed":false,"footnotes":""},"acf":[],"_links":{"self":[{"href":"https:\/\/filologia.us.es\/index.php?rest_route=\/wp\/v2\/pages\/6796"}],"collection":[{"href":"https:\/\/filologia.us.es\/index.php?rest_route=\/wp\/v2\/pages"}],"about":[{"href":"https:\/\/filologia.us.es\/index.php?rest_route=\/wp\/v2\/types\/page"}],"author":[{"embeddable":true,"href":"https:\/\/filologia.us.es\/index.php?rest_route=\/wp\/v2\/users\/10"}],"replies":[{"embeddable":true,"href":"https:\/\/filologia.us.es\/index.php?rest_route=%2Fwp%2Fv2%2Fcomments&post=6796"}],"version-history":[{"count":0,"href":"https:\/\/filologia.us.es\/index.php?rest_route=\/wp\/v2\/pages\/6796\/revisions"}],"up":[{"embeddable":true,"href":"https:\/\/filologia.us.es\/index.php?rest_route=\/wp\/v2\/pages\/132"}],"wp:featuredmedia":[{"embeddable":true,"href":"https:\/\/filologia.us.es\/index.php?rest_route=\/wp\/v2\/media\/1675"}],"wp:attachment":[{"href":"https:\/\/filologia.us.es\/index.php?rest_route=%2Fwp%2Fv2%2Fmedia&parent=6796"}],"curies":[{"name":"wp","href":"https:\/\/api.w.org\/{rel}","templated":true}]}}