{"id":646,"date":"2024-11-06T18:37:00","date_gmt":"2024-11-06T17:37:00","guid":{"rendered":"http:\/\/filologia.us.es\/?page_id=646"},"modified":"2026-04-14T23:19:32","modified_gmt":"2026-04-14T21:19:32","slug":"cursos-concertados","status":"publish","type":"page","link":"https:\/\/filologia.us.es\/?page_id=646","title":{"rendered":"Cursos Concertados"},"content":{"rendered":"<p><img loading=\"lazy\" decoding=\"async\" class=\"wp-image-27 aligncenter\" src=\"https:\/\/filologia.us.es\/wp-content\/uploads\/2016\/02\/leadings-02.png\" alt=\"Alumnos entrando en la facultad\" width=\"503\" height=\"503\" srcset=\"https:\/\/filologia.us.es\/wp-content\/uploads\/2016\/02\/leadings-02.png 400w, https:\/\/filologia.us.es\/wp-content\/uploads\/2016\/02\/leadings-02-300x300.png 300w\" sizes=\"(max-width: 503px) 100vw, 503px\" \/><img loading=\"lazy\" decoding=\"async\" class=\"alignnone wp-image-21812 aligncenter\" src=\"https:\/\/filologia.us.es\/wp-content\/uploads\/2024\/11\/biblioteca_14.jpg\" alt=\"\" width=\"348\" height=\"232\" srcset=\"https:\/\/filologia.us.es\/wp-content\/uploads\/2024\/11\/biblioteca_14.jpg 1200w, https:\/\/filologia.us.es\/wp-content\/uploads\/2024\/11\/biblioteca_14-768x512.jpg 768w, https:\/\/filologia.us.es\/wp-content\/uploads\/2024\/11\/biblioteca_14-685x457.jpg 685w, https:\/\/filologia.us.es\/wp-content\/uploads\/2024\/11\/biblioteca_14-1024x683.jpg 1024w\" sizes=\"(max-width: 348px) 100vw, 348px\" \/><\/p>\n<p>Las Facultades de Filolog\u00eda y de Geograf\u00eda e Historia de la Universidad de Sevilla le dan la bienvenida a sus Cursos Concertados, un programa especial de estudios dirigidos exclusivamente a estudiantes de universidades extranjeras y\/o de los Programas Internacionales que hayan suscrito convenio con nuestra universidad.<\/p>\n<p>Para la informaci\u00f3n de los Cursos en espa\u00f1ol, abra la pesta\u00f1a de ESPA\u00d1OL.<\/p>\n<p>&nbsp;<\/p>\n<p>The University of Seville Faculties of Philology and Geography &amp; History welcome you to their Courses of Study for Students from Abroad, a special study program available exclusively to those students belonging to universities from abroad and\/or to International Programs with which agreements have been signed.<\/p>\n<p>For the Course information in English, open the ENGLISH tab.<\/p>\n<table style=\"height: 358px;\" width=\"1409\">\n<tbody>\n<tr>\n<td width=\"170\">\n<p style=\"text-align: center;\">\n<\/td>\n<td style=\"text-align: center;\" width=\"198\">Facultad de Filolog\u00eda \/ Faculty of Philology<\/td>\n<td style=\"text-align: center;\" width=\"232\">Facultad de Geograf\u00eda e Historia \/ Faculty of Geography &amp; History<\/td>\n<\/tr>\n<tr>\n<td width=\"170\">\n<p style=\"text-align: center;\">Decanos \/ Deans<\/p>\n<\/td>\n<td width=\"198\">&nbsp;<\/p>\n<p style=\"text-align: center;\">Dr. Javier Martos Ramos<\/p>\n<p style=\"text-align: center;\"><a href=\"mailto:jmartos@us.es\">jmartos@us.es<\/a><\/p>\n<p>&nbsp;<\/td>\n<td width=\"232\">&nbsp;<\/p>\n<p style=\"text-align: center;\">Dra. M\u00aa Antonia Carmona Ruiz<\/p>\n<p style=\"text-align: center;\"><a href=\"mailto:mantonia@us.es\">mantonia@us.es<\/a><\/p>\n<p>&nbsp;<\/td>\n<\/tr>\n<tr>\n<td style=\"text-align: center;\" width=\"170\">&nbsp;<\/p>\n<p>Directores de los Cursos \/ Course Directors<\/p>\n<p>&nbsp;<\/td>\n<td style=\"text-align: center;\" width=\"198\">&nbsp;<\/p>\n<p>Dr. Javier Mart\u00edn Gonz\u00e1lez<\/p>\n<p><a href=\"mailto:javiermartin@us.es\">javiermartin@us.es<\/a><\/p>\n<p>&nbsp;<\/td>\n<td width=\"232\">\n<p style=\"text-align: center;\">Dr. Jos\u00e9 Miranda Bonilla<\/p>\n<p style=\"text-align: center;\"><a href=\"mailto:jmiranda@us.es\">jmiranda@us.es<\/a><\/p>\n<p style=\"text-align: center;\">\n<\/td>\n<\/tr>\n<\/tbody>\n<\/table>\n<p>&nbsp;<\/p>\n<table style=\"height: 334px;\" width=\"1326\">\n<tbody>\n<tr>\n<td width=\"601\">\n<p style=\"text-align: center;\"><strong>INFORMACI\u00d3N DE CONTACTO \/ CONTACT INFORMATION<\/strong><\/p>\n<\/td>\n<\/tr>\n<tr>\n<td width=\"601\">\n<p style=\"text-align: center;\">Secretar\u00eda de Cursos de Extranjeros<\/p>\n<p style=\"text-align: center;\">Facultades de Filolog\u00eda y de Geograf\u00eda e Historia<\/p>\n<p style=\"text-align: center;\">Universidad de Sevilla<\/p>\n<p style=\"text-align: center;\">C\/ Palos de la Frontera s\/n<\/p>\n<p style=\"text-align: center;\">41004 Sevilla, Espa\u00f1a<\/p>\n<p style=\"text-align: center;\">e-mail: <a href=\"mailto:mgalvez1@us.es\">mgalvez1@us.es<\/a><\/p>\n<p style=\"text-align: center;\">Tlfno: (95) 4 55 14 93\/ Telefax: (95) 4 55 13 43<\/p>\n<\/td>\n<\/tr>\n<\/tbody>\n<\/table>\n","protected":false},"excerpt":{"rendered":"<p>Las Facultades de Filolog\u00eda y de Geograf\u00eda e Historia de la Universidad de Sevilla le dan la bienvenida a sus Cursos Concertados, un programa especial de estudios dirigidos exclusivamente a estudiantes de universidades extranjeras y\/o de los Programas Internacionales que hayan suscrito convenio con nuestra universidad. Para la informaci\u00f3n de los Cursos en espa\u00f1ol, abra &hellip; <a href=\"https:\/\/filologia.us.es\/?page_id=646\" class=\"more-link\">Continue reading <span class=\"screen-reader-text\">Cursos Concertados<\/span> <span class=\"meta-nav\">&raquo;<\/span><\/a><\/p>\n","protected":false},"author":1,"featured_media":0,"parent":0,"menu_order":107,"comment_status":"closed","ping_status":"closed","template":"","meta":{"_acf_changed":false,"footnotes":""},"acf":[],"_links":{"self":[{"href":"https:\/\/filologia.us.es\/index.php?rest_route=\/wp\/v2\/pages\/646"}],"collection":[{"href":"https:\/\/filologia.us.es\/index.php?rest_route=\/wp\/v2\/pages"}],"about":[{"href":"https:\/\/filologia.us.es\/index.php?rest_route=\/wp\/v2\/types\/page"}],"author":[{"embeddable":true,"href":"https:\/\/filologia.us.es\/index.php?rest_route=\/wp\/v2\/users\/1"}],"replies":[{"embeddable":true,"href":"https:\/\/filologia.us.es\/index.php?rest_route=%2Fwp%2Fv2%2Fcomments&post=646"}],"version-history":[{"count":3,"href":"https:\/\/filologia.us.es\/index.php?rest_route=\/wp\/v2\/pages\/646\/revisions"}],"predecessor-version":[{"id":23862,"href":"https:\/\/filologia.us.es\/index.php?rest_route=\/wp\/v2\/pages\/646\/revisions\/23862"}],"wp:attachment":[{"href":"https:\/\/filologia.us.es\/index.php?rest_route=%2Fwp%2Fv2%2Fmedia&parent=646"}],"curies":[{"name":"wp","href":"https:\/\/api.w.org\/{rel}","templated":true}]}}