{"id":634,"date":"2016-02-29T05:32:10","date_gmt":"2016-02-29T05:32:10","guid":{"rendered":"http:\/\/filologia.us.es\/?page_id=634"},"modified":"2025-10-17T13:54:05","modified_gmt":"2025-10-17T11:54:05","slug":"unidad-tecnica","status":"publish","type":"page","link":"https:\/\/filologia.us.es\/?page_id=634","title":{"rendered":"Unidad T\u00e9cnica"},"content":{"rendered":"<h6>La Unidad T\u00e9cnica de la Facultad de Filolog\u00eda<\/h6>\n<ol>\n<li><strong>Descripci\u00f3n:<\/strong><br \/>\nLa Unidad T\u00e9cnica de la Facultad de Filolog\u00eda es el servicio que se ocupa de los procesos relacionados con la gesti\u00f3n y el mantenimiento del soporte inform\u00e1tico del Centro con el fin de procurar el buen funcionamiento de todos los sistemas que administra.<br \/>\nLas cinco secciones que conforman la Unidad T\u00e9cnica colaboran con el mismo prop\u00f3sito de apoyo a la docencia y a la investigaci\u00f3n.<\/li>\n<li><strong>Organigrama de la Unidad T\u00e9cnica:<\/strong>\n<ol type=\"a\">\n<li><a href=\"http:\/\/filologia.us.es\/la-facultad\/unidad-tecnica\/direccion\/\"><strong>Direcci\u00f3n<\/strong><\/a><\/li>\n<li><a href=\"http:\/\/filologia.us.es\/la-facultad\/unidad-tecnica\/servicio-informatico\/\"><strong>Servicio Inform\u00e1tico<\/strong><\/a> (<a href=\"mailto:servinfo@us.es\">servinfo@us.es<\/a>)<\/li>\n<li><a href=\"http:\/\/filologia.us.es\/la-facultad\/unidad-tecnica\/laboratorio-de-fonetica\/\"><strong>Laboratorio de Fon\u00e9tica y Ciencias del Habla<\/strong><\/a><strong>\u00a0<\/strong> (<a href=\"mailto:labfonetica@us.es\" target=\"_blank\" rel=\"noopener noreferrer\">labfonetica@us.es<\/a>)<\/li>\n<li><a href=\"http:\/\/filologia.us.es\/la-facultad\/unidad-tecnica\/medios-audiovisuales\/\"><strong>Servicio de Medios Audiovisuales<\/strong><\/a>\u00a0 (<a href=\"mailto:mediosfilologia@us.es\">mediosfilologia@us.es<\/a>)<\/li>\n<li><a href=\"http:\/\/filologia.us.es\/la-facultad\/unidad-tecnica\/centro-apla\/\"><strong>Centro de Aprendizaje Ling\u00fc\u00edstico Aut\u00f3nomo (Centro APLA)<\/strong><\/a>\u00a0 (<a href=\"mailto:tandem@us.es\">tandem@us.es<\/a>)<\/li>\n<\/ol>\n<\/li>\n<li><strong> Descripci\u00f3n general de los Servicios y funciones:<\/strong><br \/>\nLa Unidad T\u00e9cnica de la Facultad de Filolog\u00eda se encargar\u00e1 de:<\/p>\n<ol type=\"a\">\n<li>apoyar a la docencia y la investigaci\u00f3n desde el punto de vista t\u00e9cnico<\/li>\n<li>la configuraci\u00f3n de los equipos que garantizan el funcionamiento integral de las aulas de inform\u00e1tica y de docencia<\/li>\n<li>la configuraci\u00f3n de los equipos que garantizan el funcionamiento integral de los servicios de administraci\u00f3n<\/li>\n<li>la configuraci\u00f3n de los equipos que garantizan el funcionamiento integral de aquellos equipos de servicio p\u00fablico,<\/li>\n<li>la producci\u00f3n y edici\u00f3n de v\u00eddeo de contenido did\u00e1ctico<\/li>\n<li>la divulgaci\u00f3n de la informaci\u00f3n relativa a la FFL<\/li>\n<li>facilitar la gesti\u00f3n del aprendizaje aut\u00f3nomo a trav\u00e9s del Centro de Aprendizaje Ling\u00fc\u00edstico Aut\u00f3nomo (Centro APLA).<\/li>\n<\/ol>\n<\/li>\n<li><strong>Compromiso con la calidad<\/strong><br \/>\nLa Unidad T\u00e9cnica de la Facultad de Filolog\u00eda est\u00e1 comprometida activamente con el mantenimiento y la mejora de la calidad de la oferta de la Facultad, tanto docente como administrativa y de servicio. Sus funciones est\u00e1n<br \/>\ncodificadas en el Manual de Recursos Humanos y han sido recientemente revisadas y ajustadas a la realidad y a las necesidades de la Facultad. La U.T. est\u00e1 mencionada en todas las Memorias de Verificaci\u00f3n de los planes de estudio de la Facultad por el papel tan b\u00e1sico y necesario que desarrollan en la docencia moderna.<\/li>\n<\/ol>\n","protected":false},"excerpt":{"rendered":"<p>La Unidad T\u00e9cnica de la Facultad de Filolog\u00eda Descripci\u00f3n: La Unidad T\u00e9cnica de la Facultad de Filolog\u00eda es el servicio que se ocupa de los procesos relacionados con la gesti\u00f3n y el mantenimiento del soporte inform\u00e1tico del Centro con el fin de procurar el buen funcionamiento de todos los sistemas que administra. Las cinco secciones &hellip; <a href=\"https:\/\/filologia.us.es\/?page_id=634\" class=\"more-link\">Continue reading <span class=\"screen-reader-text\">Unidad T\u00e9cnica<\/span> <span class=\"meta-nav\">&raquo;<\/span><\/a><\/p>\n","protected":false},"author":1,"featured_media":1679,"parent":84,"menu_order":168,"comment_status":"closed","ping_status":"closed","template":"page-templates_siff\/page-la_facultad_child.php","meta":{"_acf_changed":false,"footnotes":""},"acf":[],"_links":{"self":[{"href":"https:\/\/filologia.us.es\/index.php?rest_route=\/wp\/v2\/pages\/634"}],"collection":[{"href":"https:\/\/filologia.us.es\/index.php?rest_route=\/wp\/v2\/pages"}],"about":[{"href":"https:\/\/filologia.us.es\/index.php?rest_route=\/wp\/v2\/types\/page"}],"author":[{"embeddable":true,"href":"https:\/\/filologia.us.es\/index.php?rest_route=\/wp\/v2\/users\/1"}],"replies":[{"embeddable":true,"href":"https:\/\/filologia.us.es\/index.php?rest_route=%2Fwp%2Fv2%2Fcomments&post=634"}],"version-history":[{"count":3,"href":"https:\/\/filologia.us.es\/index.php?rest_route=\/wp\/v2\/pages\/634\/revisions"}],"predecessor-version":[{"id":23075,"href":"https:\/\/filologia.us.es\/index.php?rest_route=\/wp\/v2\/pages\/634\/revisions\/23075"}],"up":[{"embeddable":true,"href":"https:\/\/filologia.us.es\/index.php?rest_route=\/wp\/v2\/pages\/84"}],"wp:featuredmedia":[{"embeddable":true,"href":"https:\/\/filologia.us.es\/index.php?rest_route=\/wp\/v2\/media\/1679"}],"wp:attachment":[{"href":"https:\/\/filologia.us.es\/index.php?rest_route=%2Fwp%2Fv2%2Fmedia&parent=634"}],"curies":[{"name":"wp","href":"https:\/\/api.w.org\/{rel}","templated":true}]}}