{"id":632,"date":"2016-02-29T05:31:35","date_gmt":"2016-02-29T05:31:35","guid":{"rendered":"http:\/\/filologia.us.es\/?page_id=632"},"modified":"2024-12-19T14:01:35","modified_gmt":"2024-12-19T13:01:35","slug":"departamentos-y-areas","status":"publish","type":"page","link":"https:\/\/filologia.us.es\/?page_id=632","title":{"rendered":"Departamentos y \u00c1reas"},"content":{"rendered":"<h3>Departamentos y \u00c1reas de la Facultad de Filolog\u00eda<\/h3>\n<p>&nbsp;<\/p>\n","protected":false},"excerpt":{"rendered":"<p>Departamentos y \u00c1reas de la Facultad de Filolog\u00eda &nbsp;<\/p>\n","protected":false},"author":1,"featured_media":1679,"parent":84,"menu_order":102,"comment_status":"closed","ping_status":"closed","template":"","meta":{"_acf_changed":false,"footnotes":""},"acf":[],"_links":{"self":[{"href":"https:\/\/filologia.us.es\/index.php?rest_route=\/wp\/v2\/pages\/632"}],"collection":[{"href":"https:\/\/filologia.us.es\/index.php?rest_route=\/wp\/v2\/pages"}],"about":[{"href":"https:\/\/filologia.us.es\/index.php?rest_route=\/wp\/v2\/types\/page"}],"author":[{"embeddable":true,"href":"https:\/\/filologia.us.es\/index.php?rest_route=\/wp\/v2\/users\/1"}],"replies":[{"embeddable":true,"href":"https:\/\/filologia.us.es\/index.php?rest_route=%2Fwp%2Fv2%2Fcomments&post=632"}],"version-history":[{"count":2,"href":"https:\/\/filologia.us.es\/index.php?rest_route=\/wp\/v2\/pages\/632\/revisions"}],"predecessor-version":[{"id":21990,"href":"https:\/\/filologia.us.es\/index.php?rest_route=\/wp\/v2\/pages\/632\/revisions\/21990"}],"up":[{"embeddable":true,"href":"https:\/\/filologia.us.es\/index.php?rest_route=\/wp\/v2\/pages\/84"}],"wp:featuredmedia":[{"embeddable":true,"href":"https:\/\/filologia.us.es\/index.php?rest_route=\/wp\/v2\/media\/1679"}],"wp:attachment":[{"href":"https:\/\/filologia.us.es\/index.php?rest_route=%2Fwp%2Fv2%2Fmedia&parent=632"}],"curies":[{"name":"wp","href":"https:\/\/api.w.org\/{rel}","templated":true}]}}