{"id":629,"date":"2020-07-06T05:28:12","date_gmt":"2020-07-06T03:28:12","guid":{"rendered":"http:\/\/filologia.us.es\/?page_id=629"},"modified":"2025-11-27T09:48:47","modified_gmt":"2025-11-27T08:48:47","slug":"secretaria","status":"publish","type":"page","link":"https:\/\/filologia.us.es\/?page_id=629","title":{"rendered":"Secretar\u00eda"},"content":{"rendered":"<p><strong>Importante para las solicitudes de T\u00edtulo y Certificaci\u00f3n Acad\u00e9mica de finalizaci\u00f3n de estudios:<\/strong><\/p>\n<p>Los estudiantes que deseen solicitar la expedici\u00f3n del t\u00edtulo o de una certificaci\u00f3n acreditativa de haber finalizado sus estudios, pero tengan recibos impagados o pendientes de abonar, con car\u00e1cter previo al abono del t\u00edtulo o de la certificaci\u00f3n acad\u00e9mica,\u00a0 deber\u00e1n satisfacer las cantidades pendientes de pago de este curso o de cursos anteriores en la misma titulaci\u00f3n, salvo que est\u00e9n prescritas seg\u00fan Ley. (Ar. 26.8 Normas de Matr\u00edcula, curso 2022-23)<\/p>\n","protected":false},"excerpt":{"rendered":"<p>Importante para las solicitudes de T\u00edtulo y Certificaci\u00f3n Acad\u00e9mica de finalizaci\u00f3n de estudios: Los estudiantes que deseen solicitar la expedici\u00f3n del t\u00edtulo o de una certificaci\u00f3n acreditativa de haber finalizado sus estudios, pero tengan recibos impagados o pendientes de abonar, con car\u00e1cter previo al abono del t\u00edtulo o de la certificaci\u00f3n acad\u00e9mica,\u00a0 deber\u00e1n satisfacer las &hellip; <a href=\"https:\/\/filologia.us.es\/?page_id=629\" class=\"more-link\">Continue reading <span class=\"screen-reader-text\">Secretar\u00eda<\/span> <span class=\"meta-nav\">&raquo;<\/span><\/a><\/p>\n","protected":false},"author":1,"featured_media":0,"parent":84,"menu_order":163,"comment_status":"closed","ping_status":"closed","template":"page-templates_siff\/page-la_facultad_child.php","meta":{"_acf_changed":false,"footnotes":""},"acf":[],"_links":{"self":[{"href":"https:\/\/filologia.us.es\/index.php?rest_route=\/wp\/v2\/pages\/629"}],"collection":[{"href":"https:\/\/filologia.us.es\/index.php?rest_route=\/wp\/v2\/pages"}],"about":[{"href":"https:\/\/filologia.us.es\/index.php?rest_route=\/wp\/v2\/types\/page"}],"author":[{"embeddable":true,"href":"https:\/\/filologia.us.es\/index.php?rest_route=\/wp\/v2\/users\/1"}],"replies":[{"embeddable":true,"href":"https:\/\/filologia.us.es\/index.php?rest_route=%2Fwp%2Fv2%2Fcomments&post=629"}],"version-history":[{"count":3,"href":"https:\/\/filologia.us.es\/index.php?rest_route=\/wp\/v2\/pages\/629\/revisions"}],"predecessor-version":[{"id":23283,"href":"https:\/\/filologia.us.es\/index.php?rest_route=\/wp\/v2\/pages\/629\/revisions\/23283"}],"up":[{"embeddable":true,"href":"https:\/\/filologia.us.es\/index.php?rest_route=\/wp\/v2\/pages\/84"}],"wp:attachment":[{"href":"https:\/\/filologia.us.es\/index.php?rest_route=%2Fwp%2Fv2%2Fmedia&parent=629"}],"curies":[{"name":"wp","href":"https:\/\/api.w.org\/{rel}","templated":true}]}}