{"id":617,"date":"2016-02-29T05:14:34","date_gmt":"2016-02-29T05:14:34","guid":{"rendered":"http:\/\/filologia.us.es\/?page_id=617"},"modified":"2024-10-24T11:10:02","modified_gmt":"2024-10-24T09:10:02","slug":"junta-de-centro","status":"publish","type":"page","link":"https:\/\/filologia.us.es\/?page_id=617","title":{"rendered":"La Junta de Centro"},"content":{"rendered":"<p>La Junta de Centro est\u00e1 formada por una representaci\u00f3n de los Sectores del Profesorado, el Estudiantado y el Personal de Administraci\u00f3n y Servicios de nuestra Facultad, y es un \u00f3rgano colegiado soberano cuyo cometido es\u00a0someter a debate y a aprobaci\u00f3n propuestas relacionadas con el funcionamiento del Centro.<\/p>\n<p>Los miembros de los sectores del Profesorado y del Personal de Administraci\u00f3n y Servicios son elegidos una vez cada cuatro a\u00f1os. La representaci\u00f3n de los miembros del sector del estudiantado en la Junta de Centro es renovada una vez al a\u00f1o. Distintas Comisiones constituidas de la forma en que establece el Reglamento de la Junta de Centro o el Estatuto de la Universidad de Sevilla velan por la organizaci\u00f3n y el control de asuntos relacionados con el funcionamiento del Centro de manera espec\u00edfica.<\/p>\n<p><a href=\"https:\/\/filologia.us.es\/la-facultad\/junta-de-centro\/composicion-comisiones-centro\/#gsc.tab=0\">Composici\u00f3n y comisiones<\/a>.<\/p>\n<p><a href=\"https:\/\/filologia.us.es\/wp-content\/uploads\/2024\/10\/Reglamento-de-Funcionamiento-de-la-Junta-de-Facultad.pdf\">Reglamento de Funcionamiento de la Junta de Facultad<\/a><\/p>\n","protected":false},"excerpt":{"rendered":"<p>La Junta de Centro est\u00e1 formada por una representaci\u00f3n de los Sectores del Profesorado, el Estudiantado y el Personal de Administraci\u00f3n y Servicios de nuestra Facultad, y es un \u00f3rgano colegiado soberano cuyo cometido es\u00a0someter a debate y a aprobaci\u00f3n propuestas relacionadas con el funcionamiento del Centro. Los miembros de los sectores del Profesorado y &hellip; <a href=\"https:\/\/filologia.us.es\/?page_id=617\" class=\"more-link\">Continue reading <span class=\"screen-reader-text\">La Junta de Centro<\/span> <span class=\"meta-nav\">&raquo;<\/span><\/a><\/p>\n","protected":false},"author":1,"featured_media":1679,"parent":84,"menu_order":126,"comment_status":"closed","ping_status":"closed","template":"page-templates_siff\/page-la_facultad_child.php","meta":{"_acf_changed":false,"footnotes":""},"acf":[],"_links":{"self":[{"href":"https:\/\/filologia.us.es\/index.php?rest_route=\/wp\/v2\/pages\/617"}],"collection":[{"href":"https:\/\/filologia.us.es\/index.php?rest_route=\/wp\/v2\/pages"}],"about":[{"href":"https:\/\/filologia.us.es\/index.php?rest_route=\/wp\/v2\/types\/page"}],"author":[{"embeddable":true,"href":"https:\/\/filologia.us.es\/index.php?rest_route=\/wp\/v2\/users\/1"}],"replies":[{"embeddable":true,"href":"https:\/\/filologia.us.es\/index.php?rest_route=%2Fwp%2Fv2%2Fcomments&post=617"}],"version-history":[{"count":4,"href":"https:\/\/filologia.us.es\/index.php?rest_route=\/wp\/v2\/pages\/617\/revisions"}],"predecessor-version":[{"id":21796,"href":"https:\/\/filologia.us.es\/index.php?rest_route=\/wp\/v2\/pages\/617\/revisions\/21796"}],"up":[{"embeddable":true,"href":"https:\/\/filologia.us.es\/index.php?rest_route=\/wp\/v2\/pages\/84"}],"wp:featuredmedia":[{"embeddable":true,"href":"https:\/\/filologia.us.es\/index.php?rest_route=\/wp\/v2\/media\/1679"}],"wp:attachment":[{"href":"https:\/\/filologia.us.es\/index.php?rest_route=%2Fwp%2Fv2%2Fmedia&parent=617"}],"curies":[{"name":"wp","href":"https:\/\/api.w.org\/{rel}","templated":true}]}}