{"id":614,"date":"2016-02-29T05:10:11","date_gmt":"2016-02-29T05:10:11","guid":{"rendered":"http:\/\/filologia.us.es\/?page_id=614"},"modified":"2026-04-27T19:38:11","modified_gmt":"2026-04-27T17:38:11","slug":"directorio","status":"publish","type":"page","link":"https:\/\/filologia.us.es\/?page_id=614","title":{"rendered":"Directorio"},"content":{"rendered":"<h5>EQUIPO DE GESTI\u00d3N DE LA FACULTAD. ORGANIGRAMA<\/h5>\n<p><strong>DECANATO. <\/strong>Decano: <span style=\"color: #993300;\"><strong><em>Jos\u00e9 Javier Martos Ramos<\/em><\/strong><\/span><br \/>\n[Tel.: 954556923 \/ Correo-e: <a href=\"mailto:decanatoffl@us.es\">decanatoffl@us.es<\/a>]<\/p>\n<p><strong>SECRETAR\u00cdA ACAD\u00c9MICA. <\/strong>Secretario: <span style=\"color: #993300;\"><em><strong>Jos\u00e9 Javier Rodr\u00edguez Toro<\/strong><\/em><\/span><br \/>\n[Tel.: 954551494 \/ Correo-e: <a href=\"mailto:secffl@us.es\">secffl@us.es<\/a>]<\/p>\n<p><strong>ORDENACI\u00d3N ACAD\u00c9MICA, PLANES DE ESTUDIO Y TFE. <\/strong>Vicedecana: <span style=\"color: #993300;\"><em><strong>Marina Gonz\u00e1lez Sanz<\/strong><\/em><\/span><br \/>\n[Tel.: 954551501 \/ Correo-e: <a href=\"mailto:filoa@us.es\">filoa@us.es<\/a>]<\/p>\n<p><strong>ESTUDIANTES, PR\u00c1CTICAS Y EMPLEABILIDAD.\u00a0 <\/strong>Vicedecana:\u00a0<span style=\"color: #993300;\"><em><strong>Mar\u00eda Garc\u00eda Antu\u00f1a<\/strong><\/em><\/span><br \/>\n[Tel.: 954551098 \/ Correo-e: <a href=\"mailto:vic-estudiantes-fil@us.es\">vic-estudiantes-fil@us.es<\/a>]<\/p>\n<p><strong>RELACIONES INTERNACIONALES, MOVILIDAD Y GESTI\u00d3N LING\u00dc\u00cdSTICA.\u00a0 <\/strong>Vicedecana: <span style=\"color: #993300;\"><strong><em>Blanca Garrido Mart\u00edn<\/em><\/strong><\/span><br \/>\n[Tel.: 954551491 \/ Correo-e: <a href=\"mailto:filrelint@us.es\" target=\"_blank\" rel=\"noopener noreferrer\" data-auth=\"NotApplicable\" data-linkindex=\"1\">filrelint@us.es<\/a>]<\/p>\n<p><strong>CALIDAD, ACREDITACI\u00d3N E INNOVACI\u00d3N DOCENTE.<\/strong><strong>\u00a0 <\/strong>Vicedecano: <span style=\"color: #993300;\"><strong><em>Marc Vi\u00e9mon<\/em><\/strong><\/span><br \/>\n[Tel.: 954556876 \/ Correo-e: <a href=\"mailto:filcalidad@us.es\">filcalidad@us.es<\/a>]<\/p>\n<p><strong>INVESTIGACI\u00d3N, RECURSOS y COMUNICACI\u00d3N.\u00a0 <\/strong>Vicedecana: <span style=\"color: #993300;\"><em><strong>Isabel Cl\u00faa Gin\u00e9s<\/strong><\/em><\/span><br \/>\n[Tel.: 954556381 \/ Correo-e: <a href=\"mailto:filinfra@us.es\">filinfra@us.es <\/a>]<\/p>\n<p><strong>RELACIONES INSTITUCIONALES, EXTENSI\u00d3N UNIVERSITARIA y CULTURAL Y MEDIOS DE COMUNICACI\u00d3N. <\/strong>Responsable: <strong><span style=\"color: #993300;\"><em>el Decano<\/em><\/span><\/strong><\/p>\n","protected":false},"excerpt":{"rendered":"<p>EQUIPO DE GESTI\u00d3N DE LA FACULTAD. ORGANIGRAMA DECANATO. Decano: Jos\u00e9 Javier Martos Ramos [Tel.: 954556923 \/ Correo-e: decanatoffl@us.es] SECRETAR\u00cdA ACAD\u00c9MICA. Secretario: Jos\u00e9 Javier Rodr\u00edguez Toro [Tel.: 954551494 \/ Correo-e: secffl@us.es] ORDENACI\u00d3N ACAD\u00c9MICA, PLANES DE ESTUDIO Y TFE. Vicedecana: Marina Gonz\u00e1lez Sanz [Tel.: 954551501 \/ Correo-e: filoa@us.es] ESTUDIANTES, PR\u00c1CTICAS Y EMPLEABILIDAD.\u00a0 Vicedecana:\u00a0Mar\u00eda Garc\u00eda Antu\u00f1a [Tel.: 954551098 &hellip; <a href=\"https:\/\/filologia.us.es\/?page_id=614\" class=\"more-link\">Continue reading <span class=\"screen-reader-text\">Directorio<\/span> <span class=\"meta-nav\">&raquo;<\/span><\/a><\/p>\n","protected":false},"author":1,"featured_media":1679,"parent":84,"menu_order":121,"comment_status":"closed","ping_status":"closed","template":"page-templates_siff\/page-la_facultad_child.php","meta":{"_acf_changed":false,"footnotes":""},"acf":[],"_links":{"self":[{"href":"https:\/\/filologia.us.es\/index.php?rest_route=\/wp\/v2\/pages\/614"}],"collection":[{"href":"https:\/\/filologia.us.es\/index.php?rest_route=\/wp\/v2\/pages"}],"about":[{"href":"https:\/\/filologia.us.es\/index.php?rest_route=\/wp\/v2\/types\/page"}],"author":[{"embeddable":true,"href":"https:\/\/filologia.us.es\/index.php?rest_route=\/wp\/v2\/users\/1"}],"replies":[{"embeddable":true,"href":"https:\/\/filologia.us.es\/index.php?rest_route=%2Fwp%2Fv2%2Fcomments&post=614"}],"version-history":[{"count":4,"href":"https:\/\/filologia.us.es\/index.php?rest_route=\/wp\/v2\/pages\/614\/revisions"}],"predecessor-version":[{"id":23911,"href":"https:\/\/filologia.us.es\/index.php?rest_route=\/wp\/v2\/pages\/614\/revisions\/23911"}],"up":[{"embeddable":true,"href":"https:\/\/filologia.us.es\/index.php?rest_route=\/wp\/v2\/pages\/84"}],"wp:featuredmedia":[{"embeddable":true,"href":"https:\/\/filologia.us.es\/index.php?rest_route=\/wp\/v2\/media\/1679"}],"wp:attachment":[{"href":"https:\/\/filologia.us.es\/index.php?rest_route=%2Fwp%2Fv2%2Fmedia&parent=614"}],"curies":[{"name":"wp","href":"https:\/\/api.w.org\/{rel}","templated":true}]}}