{"id":596,"date":"2016-02-29T03:20:18","date_gmt":"2016-02-29T03:20:18","guid":{"rendered":"http:\/\/filologia.us.es\/?page_id=596"},"modified":"2023-07-05T11:45:19","modified_gmt":"2023-07-05T09:45:19","slug":"alumnos-visitantes","status":"publish","type":"page","link":"https:\/\/filologia.us.es\/?page_id=596","title":{"rendered":"Alumnos visitantes"},"content":{"rendered":"<p>El Servicio de Asistencia a la Comunidad Universitaria (<a href=\"http:\/\/sacu.us.es\/\">SACU<\/a>) tiene una amplia informaci\u00f3n que ser\u00e1 de tu ayuda.<\/p>\n<ul>\n<li><a href=\"http:\/\/sacu.us.es\/extranjeros-estudiar-use\">Estudiar en la USE<\/a><\/li>\n<li><a href=\"http:\/\/sacu.us.es\/extranjeros-prestaciones-asesoramiento\">Prestaciones y asesoramiento<\/a><\/li>\n<li><a href=\"http:\/\/sacu.us.es\/extranjeros-llegada\">Gu\u00eda pr\u00e1ctica para antes de llegar a Sevilla<\/a><\/li>\n<li><a href=\"http:\/\/sacu.us.es\/extranjeros-documentacion\">Documentaci\u00f3n para extranjeros<\/a><\/li>\n<li><a href=\"http:\/\/sacu.us.es\/Extranjeros_Enlaces\">Otra informaci\u00f3n de inter\u00e9s<\/a>: consulados, tr\u00e1mites, modelos de solicitud, etc.<\/li>\n<li>Para estudiantes de posgrado, visiten las secciones de <a href=\"http:\/\/filologia.us.es\/master-universitario\/\">M\u00e1ster Universitario<\/a> y <a href=\"http:\/\/institucional.us.es\/docfilologia\/\">Doctorado<\/a><\/li>\n<\/ul>\n<p>No obstante, te interesar\u00e1 consultar tambi\u00e9n lo siguiente:<\/p>\n","protected":false},"excerpt":{"rendered":"<p>El Servicio de Asistencia a la Comunidad Universitaria (SACU) tiene una amplia informaci\u00f3n que ser\u00e1 de tu ayuda. Estudiar en la USE Prestaciones y asesoramiento Gu\u00eda pr\u00e1ctica para antes de llegar a Sevilla Documentaci\u00f3n para extranjeros Otra informaci\u00f3n de inter\u00e9s: consulados, tr\u00e1mites, modelos de solicitud, etc. Para estudiantes de posgrado, visiten las secciones de M\u00e1ster &hellip; <a href=\"https:\/\/filologia.us.es\/?page_id=596\" class=\"more-link\">Continue reading <span class=\"screen-reader-text\">Alumnos visitantes<\/span> <span class=\"meta-nav\">&raquo;<\/span><\/a><\/p>\n","protected":false},"author":1,"featured_media":1693,"parent":174,"menu_order":170,"comment_status":"closed","ping_status":"closed","template":"page-templates_siff\/page-movilidad_nacional_internacional_child.php","meta":{"_acf_changed":false,"footnotes":""},"acf":[],"_links":{"self":[{"href":"https:\/\/filologia.us.es\/index.php?rest_route=\/wp\/v2\/pages\/596"}],"collection":[{"href":"https:\/\/filologia.us.es\/index.php?rest_route=\/wp\/v2\/pages"}],"about":[{"href":"https:\/\/filologia.us.es\/index.php?rest_route=\/wp\/v2\/types\/page"}],"author":[{"embeddable":true,"href":"https:\/\/filologia.us.es\/index.php?rest_route=\/wp\/v2\/users\/1"}],"replies":[{"embeddable":true,"href":"https:\/\/filologia.us.es\/index.php?rest_route=%2Fwp%2Fv2%2Fcomments&post=596"}],"version-history":[{"count":1,"href":"https:\/\/filologia.us.es\/index.php?rest_route=\/wp\/v2\/pages\/596\/revisions"}],"predecessor-version":[{"id":12649,"href":"https:\/\/filologia.us.es\/index.php?rest_route=\/wp\/v2\/pages\/596\/revisions\/12649"}],"up":[{"embeddable":true,"href":"https:\/\/filologia.us.es\/index.php?rest_route=\/wp\/v2\/pages\/174"}],"wp:featuredmedia":[{"embeddable":true,"href":"https:\/\/filologia.us.es\/index.php?rest_route=\/wp\/v2\/media\/1693"}],"wp:attachment":[{"href":"https:\/\/filologia.us.es\/index.php?rest_route=%2Fwp%2Fv2%2Fmedia&parent=596"}],"curies":[{"name":"wp","href":"https:\/\/api.w.org\/{rel}","templated":true}]}}