{"id":592,"date":"2016-02-29T03:19:19","date_gmt":"2016-02-29T03:19:19","guid":{"rendered":"http:\/\/filologia.us.es\/?page_id=592"},"modified":"2026-02-25T17:28:33","modified_gmt":"2026-02-25T16:28:33","slug":"dobles-tiulaciones-internacionales-international-double-degrees","status":"publish","type":"page","link":"https:\/\/filologia.us.es\/?page_id=592","title":{"rendered":"Dobles Titulaciones Internacionales \/ International Double Degrees"},"content":{"rendered":"<h4>Oferta de Dobles T\u00edtulos Internacionales<\/h4>\n<div class=\"meta\"><\/div>\n<div class=\"entry\">\n<div>\n<p style=\"text-align: justify;\">Los convenios de Doble Titulaci\u00f3n permiten obtener simult\u00e1neamente dos t\u00edtulos oficiales, uno de la Universidad de Sevilla y otro de la Universidad contraparte, \u00a0mediante una estancia de movilidad internacional seg\u00fan los criterios y condiciones establecidos en cada caso (un semestre o un curso dependiendo del convenio, equivalentes a 30\/60 ECTS) \u00a0en la Universidad de destino.<\/p>\n<p style=\"text-align: justify;\">Los estudiantes de la USE interesados deber\u00e1n solicitar ayudas o becas convocadas anualmente por el Programa Erasmus+ o el Plan Propio de Docencia de la USE.<\/p>\n<blockquote>\n<p style=\"text-align: justify;\">\u00a0Informaci\u00f3n: Coordinadora de Convenios de DTI: <a href=\"mailto:ltrapassi@us.es\" target=\"_blank\" rel=\"noopener noreferrer\" data-auth=\"NotApplicable\" data-linkindex=\"14\">Leonarda Trapassi<\/a><\/p>\n<\/blockquote>\n<p style=\"text-align: justify;\">Actualmente la Facultad de Filolog\u00eda mantiene los siguientes acuerdos de Doble Titulaci\u00f3n Internacional:<\/p>\n<\/div>\n<p style=\"text-align: justify;\"><strong>GRADO<\/strong><\/p>\n<ul style=\"text-align: justify;\">\n<li><strong><em>Universit\u00e0 degli Studi di Perugia (Italia)<\/em><\/strong>\n<ul>\n<li><a href=\"https:\/\/servicio.us.es\/academica\/sites\/default\/files\/servicios\/planes\/DT_GR_FILOLOGIA_PERUGIA.pdf\">\u201cGrado en Filolog\u00eda Cl\u00e1sica\u201d (menci\u00f3n en Italiano) y \u201cLaurea Triennale Lettere: Curriculum Classico\u201d<\/a> (profesores coordinadores: Prof. Dra. Irene Paj\u00f3n Leyra; email: <a href=\"mailto:ipajon@us.es\">ipajon@us.es<\/a> y Prof. Dr. Francisco Gonz\u00e1lez Ponce; email: <a href=\"mailto:ponce@us.es\">ponce@us.es<\/a>).<\/li>\n<\/ul>\n<\/li>\n<li><strong><em>Universt\u00e4t des Saarlandes (Alemania)<\/em><\/strong>\n<ul>\n<li><a href=\"https:\/\/servicio.us.es\/academica\/sites\/default\/files\/servicios\/planes\/DT_GR_FILOLOGIA_SAARLANDES_HISPANICA.pdf\">\u201cGrado en Filolog\u00eda Hisp\u00e1nica (menci\u00f3n con idioma moderno Alem\u00e1n o menci\u00f3n en Italiano)\u201d \/ \u201cBachelor Romanistik-Spanisch (maior) \u2013 Germanistik (minor)\u201d o \u201cItalienisch (minor)\u201d<\/a>. <a href=\"http:\/\/filologia.us.es\/wp-content\/uploads\/2021\/06\/Doppelstudienabschluss_Sevilla_Hispanistik_angen_27.1.19_JR_8.3.19_IE_angen.pdf\">M\u00e1s informaci\u00f3n<\/a><\/li>\n<li><a href=\"https:\/\/servicio.us.es\/academica\/sites\/default\/files\/servicios\/planes\/DT_GR_FILOLOGIA_SAARLANDES_ALEMAN.pdf\">\u201cGrado en Lengua y Literatura Alemanas (menci\u00f3n Alem\u00e1n o menci\u00f3n Estudios Italianos)\u201d \/ \u201cBachelor Germanistik (maior) \u2013 Romanistik-Spanisch (minor)\u201d o \u201cItalienisch (minor)\u201d<\/a> (profesor coordinador: Prof. Dr. V\u00edctor Manuel Borrero Zapata; email: <a href=\"mailto:vborrero@us.es\">vborrero@us.es<\/a>). <a href=\"http:\/\/filologia.us.es\/wp-content\/uploads\/2021\/06\/US-UdS-Convenio-Germanistik-9.3.2019.pdf\">M\u00e1s informaci\u00f3n<\/a><\/li>\n<\/ul>\n<\/li>\n<li><strong><em>Friedrich-Alexander Universt\u00e4t Erlangen-N\u00fcrnberg (Alemania)<\/em><\/strong>\n<ul>\n<li><a href=\"https:\/\/servicio.us.es\/academica\/sites\/default\/files\/servicios\/planes\/DT_GR_FILO_NURNBERG_1.pdf\">\u201cGrado en Filolog\u00eda Hisp\u00e1nica\u201d y \u201cBachelor of Arts in Ibero-Romanistik (maior) \/ Germanistik (minor)\u201d<\/a>. <a href=\"https:\/\/www.us.es\/sites\/default\/files\/dobles-internacionales\/DT_GR_FILOL_NURNBERG_1.pdf\">M\u00e1s informaci\u00f3n<\/a><\/li>\n<li><a href=\"https:\/\/servicio.us.es\/academica\/sites\/default\/files\/servicios\/planes\/DT_GR_FILO_NURNBERG_2.pdf\">\u201cGrado en Lengua y Literatura Alemanas\u201d y \u201cBachelor of Arts in Germanistik (maior) \/ Ibero-Romanistik (minor)\u201d<\/a> (profesor coordinador: Prof. Dr. Jos\u00e9 Javier Martos Ramos; email: <a href=\"mailto:jmartos@us.es\">jmartos@us.es<\/a>). <a href=\"https:\/\/www.us.es\/sites\/default\/files\/dobles-internacionales\/DT_GR_FILOL_NURNBERG_2.pdf\">M\u00e1s informaci\u00f3n<\/a><\/li>\n<\/ul>\n<\/li>\n<\/ul>\n<p style=\"text-align: justify;\"><strong>M\u00c1STER<\/strong><\/p>\n<ul style=\"text-align: justify;\">\n<li><strong><em>University of Iceland (Islandia)<\/em><\/strong> <a href=\"https:\/\/youtu.be\/hv0rJOHdITg\">V\u00eddeo informat\u00edvo<\/a>\n<ul>\n<li><a href=\"https:\/\/www.us.es\/sites\/default\/files\/dobles-internacionales\/dobles-master\/DT_MTR_FILO_ISLAND_MASELE.pdf\">\u201cM\u00e1ster Universitario en Ense\u00f1anza del Espa\u00f1ol como Lengua Extranjera y de otras Lenguas Modernas\u201d y \u201cMaster of Arts programme in Teaching Spanish as a Second Language\u201d<\/a>.<\/li>\n<li>\u201cM\u00e1ster Universitario de Estudios Hisp\u00e1nicos Superiores\u201d y\u00a0 \u201cMaster in Hispanic Philology\u201d (no se oferta).<\/li>\n<\/ul>\n<\/li>\n<\/ul>\n<ul style=\"text-align: justify;\">\n<li><strong><em>Universit\u00e0 Ca\u2019Foscari Venezia (Italia)<\/em><\/strong>\n<ul>\n<li><a href=\"https:\/\/filologia.us.es\/wp-content\/uploads\/2026\/02\/Convenio-Venecia.pdf\">\u201cM\u00e1ster Universitario en Estudios Hisp\u00e1nicos Superiores\u201d y \u201cLaurea Magistrale in Lingue e Letterature Europee, Americane e Postcoloniali (LLEAP), curriculum Iberistica\u201d<\/a> (profesora coordinadora: Prof. Dra. Blanca Garrido Mart\u00edn; email: <a href=\"mailto:blancagm@us.es\">blancagm@us.es<\/a>).<\/li>\n<li><a href=\"https:\/\/servicio.us.es\/academica\/sites\/default\/files\/servicios\/planes\/DT_MTR_FILOLOGIA_Ca_FOSCARI.pdf\">\u201cM\u00e1ster Universitario en Estudios Ling\u00fc\u00edsticos, Literarios y Culturales\u201d y \u201cLaurea Magistrale in Lingue e Civilt\u00e0 dell\u2019Asia e dell\u2019Africa Mediterranea\u201d<\/a> (profesora coordinadora: Prof. Dra. F\u00e1tima Rold\u00e1n Castro; email: <a href=\"mailto:froldan@us.es\">froldan@us.es<\/a>). <span style=\"color: #000000;\">(Es necesario estar graduado en <em>Estudios \u00c1rabes<\/em> o en <em>Lenguas Modernas (maior o minor \u00c1rabe)<\/em>.<\/span><\/li>\n<\/ul>\n<\/li>\n<\/ul>\n<ul style=\"text-align: justify;\">\n<li><strong><em>Universit\u00e9 Jean Jaur\u00e8s Toulouse (Francia)<\/em><\/strong>\n<ul>\n<li>\u201cM\u00e1ster Universitario de Estudios Hisp\u00e1nicos Superiores\u201d y \u201cMaster Recherche \u00c9tudes Romanes, parcours \u00c9tudes Ib\u00e9riques \/ parcours \u00c9tudes Ib\u00e9ro-am\u00e9ricaines\u201d (en proceso de renovaci\u00f3n) (profesora coordinadora: Prof. Dra. Blanca Garrido Mart\u00edn; email: <a href=\"mailto:blancagm@us.es\">blancagm@us.es<\/a>).<\/li>\n<\/ul>\n<\/li>\n<\/ul>\n<ul>\n<li><strong><em>Universit\u00e0 dell\u2019Insubria \u00a0(Como, Italia)<\/em><\/strong>\n<ul>\n<li style=\"text-align: justify;\"><a href=\"https:\/\/www.us.es\/sites\/default\/files\/dobles-internacionales\/dobles-master\/DT_MASTER_FILOLOG_INSUBRIA.pdf\">\u201cM\u00e1ster Universitario en Traducci\u00f3n e Interculturalidad\/ Traducci\u00f3n para fines espec\u00edficos: italiano\u201d y\u00a0\u00a0\u201cLaurea Magistrale in Lingue Moderne per la cooperazione internazionale \/ Percorso 1: Traduzione giuridica e economica\u201d<\/a>\u00a0 (profesora coordinadora: Prof. Dra. Leonarda Trapassi; email: <a href=\"mailto:ltrapassi@us.es\">ltrapassi@us.es<\/a>).<\/li>\n<\/ul>\n<\/li>\n<li style=\"text-align: left;\"><strong><em>Universit\u00e0 degli Studi di Bari Aldo Moro (Italia)<\/em><\/strong>\n<ul>\n<li style=\"text-align: left;\"><a href=\"https:\/\/www.us.es\/sites\/default\/files\/dobles-internacionales\/dobles-master\/DT_MTR_FILO_UNIBA.pdf\">\u201cM\u00e1ster Universitario en Traducci\u00f3n e Interculturalidad (doble itinerario de Lengua: italiano y alem\u00e1n\/franc\u00e9s\/ingl\u00e9s)\u201d y \u201cLaurea magistrale in Traduzione specialistica\u201d<\/a> (lingue: spagnolo e francese\/inglese\/tedesco) (profesora coordinadora: Prof. Dra. Leonarda Trapassi; email: <a href=\"mailto:ltrapassi@us.es\">ltrapassi@us.es<\/a>).<\/li>\n<\/ul>\n<\/li>\n<\/ul>\n<ul>\n<li><strong><em>Universit\u00e0 degli Studi di Palermo (Italia)<\/em><\/strong>\n<ul>\n<li><a href=\"https:\/\/filologia.us.es\/wp-content\/uploads\/2026\/02\/Convenio-Palermo.pdf\">\u201cM\u00e1ster Universitario en Estudios Hisp\u00e1nicos Superiores\u201d y \u201cLaurea Magistrale interclasse Lingue e letterature: interculturalit\u00e0 e didattica)\u201d<\/a> (profesora coordinadora: Prof. Dra. Catalina Fuentes; email: <a href=\"mailto:cfuentes@us.es\">cfuentes@us.es<\/a>).<\/li>\n<\/ul>\n<\/li>\n<li><strong><em>Universit\u00e0 degli Studi di Torino (Italia)<\/em><\/strong>\n<ul>\n<li><a href=\"https:\/\/servicio.us.es\/academica\/sites\/default\/files\/servicios\/planes\/DT_MTR_FILOLOGIA_TORINO.pdf\">\u201cM\u00e1ster Universitario en Traducci\u00f3n e Interculturalidad\u201d (doble itinerario de Lengua: italiano y alem\u00e1n\/franc\u00e9s\/ingl\u00e9s) y \u201cLaurea magistrale in Traduzione\u201d<\/a> (lingue: spagnolo e francese\/inglese\/tedesco) (profesora coordinadora: Prof. Dra. Leonarda Trapassi; email: <a href=\"mailto:ltrapassi@us.es\">ltrapassi@us.es<\/a>).<\/li>\n<\/ul>\n<\/li>\n<li><strong><em>Universit\u00e0 Tor Vergata\u00a0 (Roma, Italia)<\/em><\/strong>\n<ul>\n<li style=\"text-align: justify;\"><a href=\"https:\/\/www.us.es\/sites\/default\/files\/dobles-internacionales\/dobles-master\/DT_MTR_FILO_UTV.pdf\">\u201cM\u00e1ster Universitario en Estudios Ling\u00fc\u00edsticos, Literarios y Culturales\u201d y\u00a0\u00a0\u201cLaurea Magistrale Archeologia, Filologia, Letterature e Storia dell\u2019antichit\u00e0 &#8211; Curriculum Filologico-classico\u201d<\/a>\u00a0 (profesor coordinador: Prof. Francisco J. Gonz\u00e1lez Ponce; email: <a href=\"mailto:ponce@us.es\">ponce@us.es<\/a>).<\/li>\n<\/ul>\n<\/li>\n<li><strong><em>Universit\u00e0 di Trieste (Italia)<\/em><\/strong>\n<ul>\n<li style=\"text-align: left;\">\u201cM\u00e1ster Universitario en Estudios Ling\u00fc\u00edsticos, Literarios y Culturales\u201d y\u00a0\u00a0\u201cLaurea Magistrale (L.M.) in Lingue, Letterature straniere e Turismo culturale\u201d\u00a0 (profesor coordinador: Prof. Jos\u00e9 Javier Martos Ramos; email: <a href=\"mailto:jmartos@us.es\">jmartos@us.es<\/a>). (Es necesario estar graduado en <em>Estudios Ingleses<\/em> o en <em>Lenguas Modernas (maior o minor Ingl\u00e9s)<\/em>.<\/li>\n<\/ul>\n<\/li>\n<\/ul>\n<\/div>\n","protected":false},"excerpt":{"rendered":"<p>Oferta de Dobles T\u00edtulos Internacionales Los convenios de Doble Titulaci\u00f3n permiten obtener simult\u00e1neamente dos t\u00edtulos oficiales, uno de la Universidad de Sevilla y otro de la Universidad contraparte, \u00a0mediante una estancia de movilidad internacional seg\u00fan los criterios y condiciones establecidos en cada caso (un semestre o un curso dependiendo del convenio, equivalentes a 30\/60 ECTS) &hellip; <a href=\"https:\/\/filologia.us.es\/?page_id=592\" class=\"more-link\">Continue reading <span class=\"screen-reader-text\">Dobles Titulaciones Internacionales \/ International Double Degrees<\/span> <span class=\"meta-nav\">&raquo;<\/span><\/a><\/p>\n","protected":false},"author":1,"featured_media":1693,"parent":174,"menu_order":143,"comment_status":"closed","ping_status":"closed","template":"page-templates_siff\/page-movilidad_nacional_internacional_child.php","meta":{"_acf_changed":false,"footnotes":""},"acf":[],"_links":{"self":[{"href":"https:\/\/filologia.us.es\/index.php?rest_route=\/wp\/v2\/pages\/592"}],"collection":[{"href":"https:\/\/filologia.us.es\/index.php?rest_route=\/wp\/v2\/pages"}],"about":[{"href":"https:\/\/filologia.us.es\/index.php?rest_route=\/wp\/v2\/types\/page"}],"author":[{"embeddable":true,"href":"https:\/\/filologia.us.es\/index.php?rest_route=\/wp\/v2\/users\/1"}],"replies":[{"embeddable":true,"href":"https:\/\/filologia.us.es\/index.php?rest_route=%2Fwp%2Fv2%2Fcomments&post=592"}],"version-history":[{"count":3,"href":"https:\/\/filologia.us.es\/index.php?rest_route=\/wp\/v2\/pages\/592\/revisions"}],"predecessor-version":[{"id":23695,"href":"https:\/\/filologia.us.es\/index.php?rest_route=\/wp\/v2\/pages\/592\/revisions\/23695"}],"up":[{"embeddable":true,"href":"https:\/\/filologia.us.es\/index.php?rest_route=\/wp\/v2\/pages\/174"}],"wp:featuredmedia":[{"embeddable":true,"href":"https:\/\/filologia.us.es\/index.php?rest_route=\/wp\/v2\/media\/1693"}],"wp:attachment":[{"href":"https:\/\/filologia.us.es\/index.php?rest_route=%2Fwp%2Fv2%2Fmedia&parent=592"}],"curies":[{"name":"wp","href":"https:\/\/api.w.org\/{rel}","templated":true}]}}