{"id":5,"date":"2016-01-12T23:38:57","date_gmt":"2016-01-12T23:38:57","guid":{"rendered":"http:\/\/filologia.us.es\/?page_id=5"},"modified":"2024-03-15T12:48:33","modified_gmt":"2024-03-15T11:48:33","slug":"pagina-principal","status":"publish","type":"page","link":"https:\/\/filologia.us.es\/","title":{"rendered":"La sede"},"content":{"rendered":"<p>La Facultad de Filolog\u00eda tiene su sede en la Real\u00a0F\u00e1brica de Tabacos, edificio catalogado como\u00a0Bien de Inter\u00e9s Cultural con categor\u00eda de Monumento Hist\u00f3rico, construido en el\u00a0siglo XVIII sobre el espacio ocupado en su tiempo por una necr\u00f3polis romana. Ofrece estudios de Grado, M\u00e1ster y Doctorado en diversas lenguas.<\/p>\n\n\t\t<style type=\"text\/css\">\n\t\t\t#gallery-1 {\n\t\t\t\tmargin: auto;\n\t\t\t}\n\t\t\t#gallery-1 .gallery-item {\n\t\t\t\tfloat: left;\n\t\t\t\tmargin-top: 10px;\n\t\t\t\ttext-align: center;\n\t\t\t\twidth: 33%;\n\t\t\t}\n\t\t\t#gallery-1 img {\n\t\t\t\tborder: 2px solid #cfcfcf;\n\t\t\t}\n\t\t\t#gallery-1 .gallery-caption {\n\t\t\t\tmargin-left: 0;\n\t\t\t}\n\t\t\t\/* see gallery_shortcode() in wp-includes\/media.php *\/\n\t\t<\/style>\n\t\t<div id='gallery-1' class='gallery galleryid-5 gallery-columns-3 gallery-size-full'><dl class='gallery-item'>\n\t\t\t<dt class='gallery-icon landscape'>\n\t\t\t\t<img loading=\"lazy\" decoding=\"async\" width=\"400\" height=\"400\" src=\"https:\/\/filologia.us.es\/wp-content\/uploads\/2016\/02\/leadings-02.png\" class=\"attachment-full size-full\" alt=\"Alumnos entrando en la facultad\" srcset=\"https:\/\/filologia.us.es\/wp-content\/uploads\/2016\/02\/leadings-02.png 400w, https:\/\/filologia.us.es\/wp-content\/uploads\/2016\/02\/leadings-02-300x300.png 300w\" sizes=\"(max-width: 400px) 100vw, 400px\" \/>\n\t\t\t<\/dt><\/dl><dl class='gallery-item'>\n\t\t\t<dt class='gallery-icon landscape'>\n\t\t\t\t<img loading=\"lazy\" decoding=\"async\" width=\"400\" height=\"400\" src=\"https:\/\/filologia.us.es\/wp-content\/uploads\/2016\/02\/leadings-06.png\" class=\"attachment-full size-full\" alt=\"\" srcset=\"https:\/\/filologia.us.es\/wp-content\/uploads\/2016\/02\/leadings-06.png 400w, https:\/\/filologia.us.es\/wp-content\/uploads\/2016\/02\/leadings-06-300x300.png 300w\" sizes=\"(max-width: 400px) 100vw, 400px\" \/>\n\t\t\t<\/dt><\/dl><dl class='gallery-item'>\n\t\t\t<dt class='gallery-icon landscape'>\n\t\t\t\t<img loading=\"lazy\" decoding=\"async\" width=\"400\" height=\"398\" src=\"https:\/\/filologia.us.es\/wp-content\/uploads\/2016\/01\/estudiantes-2.jpg\" class=\"attachment-full size-full\" alt=\"\" srcset=\"https:\/\/filologia.us.es\/wp-content\/uploads\/2016\/01\/estudiantes-2.jpg 400w, https:\/\/filologia.us.es\/wp-content\/uploads\/2016\/01\/estudiantes-2-300x300.jpg 300w\" sizes=\"(max-width: 400px) 100vw, 400px\" \/>\n\t\t\t<\/dt><\/dl><br style=\"clear: both\" \/>\n\t\t<\/div>\n\n","protected":false},"excerpt":{"rendered":"<p>La Facultad de Filolog\u00eda tiene su sede en la Real\u00a0F\u00e1brica de Tabacos, edificio catalogado como\u00a0Bien de Inter\u00e9s Cultural con categor\u00eda de Monumento Hist\u00f3rico, construido en el\u00a0siglo XVIII sobre el espacio ocupado en su tiempo por una necr\u00f3polis romana. Ofrece estudios de Grado, M\u00e1ster y Doctorado en diversas lenguas.<\/p>\n","protected":false},"author":1,"featured_media":0,"parent":0,"menu_order":129,"comment_status":"closed","ping_status":"closed","template":"page-templates_siff\/front-page.php","meta":{"_acf_changed":false,"footnotes":""},"acf":[],"_links":{"self":[{"href":"https:\/\/filologia.us.es\/wp-json\/wp\/v2\/pages\/5"}],"collection":[{"href":"https:\/\/filologia.us.es\/wp-json\/wp\/v2\/pages"}],"about":[{"href":"https:\/\/filologia.us.es\/wp-json\/wp\/v2\/types\/page"}],"author":[{"embeddable":true,"href":"https:\/\/filologia.us.es\/wp-json\/wp\/v2\/users\/1"}],"replies":[{"embeddable":true,"href":"https:\/\/filologia.us.es\/wp-json\/wp\/v2\/comments?post=5"}],"version-history":[{"count":4,"href":"https:\/\/filologia.us.es\/wp-json\/wp\/v2\/pages\/5\/revisions"}],"predecessor-version":[{"id":22417,"href":"https:\/\/filologia.us.es\/wp-json\/wp\/v2\/pages\/5\/revisions\/22417"}],"wp:attachment":[{"href":"https:\/\/filologia.us.es\/wp-json\/wp\/v2\/media?parent=5"}],"curies":[{"name":"wp","href":"https:\/\/api.w.org\/{rel}","templated":true}]}}