{"id":3619,"date":"2016-10-16T04:39:51","date_gmt":"2016-10-16T04:39:51","guid":{"rendered":"http:\/\/filologia.us.es\/?page_id=3619"},"modified":"2021-02-05T13:34:08","modified_gmt":"2021-02-05T12:34:08","slug":"grado-filologia-clasica-mencion-italiano","status":"publish","type":"page","link":"https:\/\/filologia.us.es\/?page_id=3619","title":{"rendered":"Grado en Filolog\u00eda Cl\u00e1sica con menci\u00f3n en Italiano"},"content":{"rendered":"<h3>Informaci\u00f3n espec\u00edfica<\/h3>\n<p>&nbsp;<\/p>\n","protected":false},"excerpt":{"rendered":"<p>Informaci\u00f3n espec\u00edfica &nbsp;<\/p>\n","protected":false},"author":9,"featured_media":0,"parent":0,"menu_order":66,"comment_status":"closed","ping_status":"closed","template":"","meta":{"_acf_changed":false,"footnotes":""},"acf":[],"_links":{"self":[{"href":"https:\/\/filologia.us.es\/index.php?rest_route=\/wp\/v2\/pages\/3619"}],"collection":[{"href":"https:\/\/filologia.us.es\/index.php?rest_route=\/wp\/v2\/pages"}],"about":[{"href":"https:\/\/filologia.us.es\/index.php?rest_route=\/wp\/v2\/types\/page"}],"author":[{"embeddable":true,"href":"https:\/\/filologia.us.es\/index.php?rest_route=\/wp\/v2\/users\/9"}],"replies":[{"embeddable":true,"href":"https:\/\/filologia.us.es\/index.php?rest_route=%2Fwp%2Fv2%2Fcomments&post=3619"}],"version-history":[{"count":1,"href":"https:\/\/filologia.us.es\/index.php?rest_route=\/wp\/v2\/pages\/3619\/revisions"}],"predecessor-version":[{"id":15232,"href":"https:\/\/filologia.us.es\/index.php?rest_route=\/wp\/v2\/pages\/3619\/revisions\/15232"}],"wp:attachment":[{"href":"https:\/\/filologia.us.es\/index.php?rest_route=%2Fwp%2Fv2%2Fmedia&parent=3619"}],"curies":[{"name":"wp","href":"https:\/\/api.w.org\/{rel}","templated":true}]}}