{"id":3617,"date":"2016-10-16T04:38:54","date_gmt":"2016-10-16T04:38:54","guid":{"rendered":"http:\/\/filologia.us.es\/?page_id=3617"},"modified":"2024-12-17T07:13:06","modified_gmt":"2024-12-17T06:13:06","slug":"grado-lengua-literatura-alemanas-mencion-estudios-italianos","status":"publish","type":"page","link":"https:\/\/filologia.us.es\/?page_id=3617","title":{"rendered":"(No se oferta) Grado en Lengua y Literatura Alemanas con menci\u00f3n en Estudios Italianos (Plan 2009)"},"content":{"rendered":"<h3>Informaci\u00f3n espec\u00edfica<\/h3>\n<p>&nbsp;<\/p>\n","protected":false},"excerpt":{"rendered":"<p>Informaci\u00f3n espec\u00edfica &nbsp;<\/p>\n","protected":false},"author":9,"featured_media":0,"parent":0,"menu_order":70,"comment_status":"closed","ping_status":"closed","template":"","meta":{"_acf_changed":false,"footnotes":""},"acf":[],"_links":{"self":[{"href":"https:\/\/filologia.us.es\/index.php?rest_route=\/wp\/v2\/pages\/3617"}],"collection":[{"href":"https:\/\/filologia.us.es\/index.php?rest_route=\/wp\/v2\/pages"}],"about":[{"href":"https:\/\/filologia.us.es\/index.php?rest_route=\/wp\/v2\/types\/page"}],"author":[{"embeddable":true,"href":"https:\/\/filologia.us.es\/index.php?rest_route=\/wp\/v2\/users\/9"}],"replies":[{"embeddable":true,"href":"https:\/\/filologia.us.es\/index.php?rest_route=%2Fwp%2Fv2%2Fcomments&post=3617"}],"version-history":[{"count":2,"href":"https:\/\/filologia.us.es\/index.php?rest_route=\/wp\/v2\/pages\/3617\/revisions"}],"predecessor-version":[{"id":21973,"href":"https:\/\/filologia.us.es\/index.php?rest_route=\/wp\/v2\/pages\/3617\/revisions\/21973"}],"wp:attachment":[{"href":"https:\/\/filologia.us.es\/index.php?rest_route=%2Fwp%2Fv2%2Fmedia&parent=3617"}],"curies":[{"name":"wp","href":"https:\/\/api.w.org\/{rel}","templated":true}]}}