{"id":3604,"date":"2016-10-16T04:24:47","date_gmt":"2016-10-16T04:24:47","guid":{"rendered":"http:\/\/filologia.us.es\/?page_id=3604"},"modified":"2024-09-03T11:33:21","modified_gmt":"2024-09-03T09:33:21","slug":"dobles-titulaciones-internacionales-international-double-degrees","status":"publish","type":"page","link":"https:\/\/filologia.us.es\/?page_id=3604","title":{"rendered":"Dobles Titulaciones Internacionales \/ International Double Degrees"},"content":{"rendered":"<h3>Convenios de Doble Titulaci\u00f3n Internacional de Grado y M\u00e1ster<\/h3>\n<p>&nbsp;<\/p>\n<p style=\"text-align: justify;\">Los convenios de Doble Titulaci\u00f3n permiten obtener simult\u00e1neamente dos t\u00edtulos oficiales, uno de la Universidad de Sevilla y otro de la universidad contraparte, \u00a0mediante una estancia de movilidad internacional seg\u00fan los criterios y condiciones establecidos en cada caso (un semestre o un curso dependiendo del convenio, equivalentes a 30\/60 ECTS) \u00a0en la universidad de destino.<\/p>\n<p style=\"text-align: justify;\">Los estudiantes de la USE interesados deber\u00e1n solicitar ayudas o becas convocadas anualmente por el Programa Erasmus + o el Plan Propio de Docencia de la USE.<\/p>\n<p style=\"text-align: justify;\"><a href=\"http:\/\/filologia.us.es\/movilidad-nacional-e-internacional\/dobles-tiulaciones-internacionales-international-double-degrees\/\">M\u00e1s informaci\u00f3n<\/a>: Vicedecanato de Movilidad Internacional y Nacional y Pol\u00edtica Ling\u00fc\u00edstica (filrelint@us.es).<\/p>\n","protected":false},"excerpt":{"rendered":"<p>Convenios de Doble Titulaci\u00f3n Internacional de Grado y M\u00e1ster &nbsp; Los convenios de Doble Titulaci\u00f3n permiten obtener simult\u00e1neamente dos t\u00edtulos oficiales, uno de la Universidad de Sevilla y otro de la universidad contraparte, \u00a0mediante una estancia de movilidad internacional seg\u00fan los criterios y condiciones establecidos en cada caso (un semestre o un curso dependiendo del &hellip; <a href=\"https:\/\/filologia.us.es\/?page_id=3604\" class=\"more-link\">Continue reading <span class=\"screen-reader-text\">Dobles Titulaciones Internacionales \/ International Double Degrees<\/span> <span class=\"meta-nav\">&raquo;<\/span><\/a><\/p>\n","protected":false},"author":9,"featured_media":0,"parent":0,"menu_order":71,"comment_status":"closed","ping_status":"closed","template":"","meta":{"_acf_changed":false,"footnotes":""},"acf":[],"_links":{"self":[{"href":"https:\/\/filologia.us.es\/index.php?rest_route=\/wp\/v2\/pages\/3604"}],"collection":[{"href":"https:\/\/filologia.us.es\/index.php?rest_route=\/wp\/v2\/pages"}],"about":[{"href":"https:\/\/filologia.us.es\/index.php?rest_route=\/wp\/v2\/types\/page"}],"author":[{"embeddable":true,"href":"https:\/\/filologia.us.es\/index.php?rest_route=\/wp\/v2\/users\/9"}],"replies":[{"embeddable":true,"href":"https:\/\/filologia.us.es\/index.php?rest_route=%2Fwp%2Fv2%2Fcomments&post=3604"}],"version-history":[{"count":1,"href":"https:\/\/filologia.us.es\/index.php?rest_route=\/wp\/v2\/pages\/3604\/revisions"}],"predecessor-version":[{"id":21384,"href":"https:\/\/filologia.us.es\/index.php?rest_route=\/wp\/v2\/pages\/3604\/revisions\/21384"}],"wp:attachment":[{"href":"https:\/\/filologia.us.es\/index.php?rest_route=%2Fwp%2Fv2%2Fmedia&parent=3604"}],"curies":[{"name":"wp","href":"https:\/\/api.w.org\/{rel}","templated":true}]}}