{"id":3495,"date":"2016-10-15T05:36:05","date_gmt":"2016-10-15T05:36:05","guid":{"rendered":"http:\/\/filologia.us.es\/?page_id=3495"},"modified":"2016-10-16T07:30:17","modified_gmt":"2016-10-16T07:30:17","slug":"grado-doble-grado","status":"publish","type":"page","link":"https:\/\/filologia.us.es\/?page_id=3495","title":{"rendered":"Grado y Doble Grado"},"content":{"rendered":"<p>&nbsp;<\/p>\n<h3>Grado y Doble Grado<\/h3>\n<p style=\"text-align: justify;\">En el men\u00fa lateral puede consultarse informaci\u00f3n sobre cada una de las ofertas acad\u00e9micas relativa a la estructura de los estudios, las materias y sus correspondientes proyectos docentes, el desarrollo de las pr\u00e1cticas y el Trabajo de Fin de Grado de los seis Grados exentos y los tres Dobles Grados de la Facultad de Filolog\u00eda.<\/p>\n","protected":false},"excerpt":{"rendered":"<p>&nbsp; Grado y Doble Grado En el men\u00fa lateral puede consultarse informaci\u00f3n sobre cada una de las ofertas acad\u00e9micas relativa a la estructura de los estudios, las materias y sus correspondientes proyectos docentes, el desarrollo de las pr\u00e1cticas y el Trabajo de Fin de Grado de los seis Grados exentos y los tres Dobles Grados &hellip; <a href=\"https:\/\/filologia.us.es\/?page_id=3495\" class=\"more-link\">Continue reading <span class=\"screen-reader-text\">Grado y Doble Grado<\/span> <span class=\"meta-nav\">&raquo;<\/span><\/a><\/p>\n","protected":false},"author":9,"featured_media":0,"parent":0,"menu_order":74,"comment_status":"closed","ping_status":"closed","template":"","meta":{"_acf_changed":false,"footnotes":""},"acf":[],"_links":{"self":[{"href":"https:\/\/filologia.us.es\/index.php?rest_route=\/wp\/v2\/pages\/3495"}],"collection":[{"href":"https:\/\/filologia.us.es\/index.php?rest_route=\/wp\/v2\/pages"}],"about":[{"href":"https:\/\/filologia.us.es\/index.php?rest_route=\/wp\/v2\/types\/page"}],"author":[{"embeddable":true,"href":"https:\/\/filologia.us.es\/index.php?rest_route=\/wp\/v2\/users\/9"}],"replies":[{"embeddable":true,"href":"https:\/\/filologia.us.es\/index.php?rest_route=%2Fwp%2Fv2%2Fcomments&post=3495"}],"version-history":[{"count":0,"href":"https:\/\/filologia.us.es\/index.php?rest_route=\/wp\/v2\/pages\/3495\/revisions"}],"wp:attachment":[{"href":"https:\/\/filologia.us.es\/index.php?rest_route=%2Fwp%2Fv2%2Fmedia&parent=3495"}],"curies":[{"name":"wp","href":"https:\/\/api.w.org\/{rel}","templated":true}]}}