{"id":3342,"date":"2016-10-14T05:34:39","date_gmt":"2016-10-14T05:34:39","guid":{"rendered":"http:\/\/filologia.us.es\/?page_id=3342"},"modified":"2026-03-18T13:05:37","modified_gmt":"2026-03-18T12:05:37","slug":"acreditaciones","status":"publish","type":"page","link":"https:\/\/filologia.us.es\/movilidad-nacional-e-internacional\/acreditaciones\/","title":{"rendered":"Acreditaci\u00f3n de competencias ling\u00fc\u00edsticas"},"content":{"rendered":"<h5>Nivel de lengua adquirido seg\u00fan el MCERL acorde con lo dispuesto por la Resoluci\u00f3n Rectoral de 22\/06\/2017<\/h5>\n<div class=\"meta\"><\/div>\n<div class=\"entry\">\n<p style=\"text-align: justify;\">Los estudiantes de Grado, que tengan superada alguna de las materias cuyo examen (prueba de dominio seg\u00fan los niveles del MCERL)\u00a0se adapta a los criterios establecidos por el Convenio de colaboraci\u00f3n vigente suscrito por las Universidades Andaluzas \u00a0(Resoluci\u00f3n Rectoral de 22 de junio de 2017), <strong>ver\u00e1n reflejado el nivel correspondiente en sus certificaciones acad\u00e9micas as\u00ed como en su expediente virtual (SEVIUS)<\/strong>. Asimismo, estos estudiantes podr\u00e1n solicitar que esto se les certifique por escrito, previo abono de las tasas acad\u00e9micas en vigor, utilizando el siguiente <a href=\"http:\/\/filologia.us.es\/descarga\/solicitud-certificacion-nivel-lengua\/\">formulario.<\/a><\/p>\n<blockquote>\n<p dir=\"ltr\">Las materias de Grado que dan derecho a certificaci\u00f3n acad\u00e9mica previo abono de las tasas econ\u00f3micas pueden consultarse\u00a0<a href=\"https:\/\/servicio.us.es\/academica\/sites\/default\/files\/Catalogo_asignaturas_04-03-25.pdf\">aqu\u00ed<\/a>.<\/p>\n<\/blockquote>\n<p style=\"text-align: justify;\">Los licenciados o los alumnos de licenciatura o de grado que tengan superadas \u00a0otras asignaturas de idioma instrumental de titulaciones impartidas por el Centro podr\u00e1n pedir al Departamento correspondiente un documento gen\u00e9rico informativo sobre las correspondencias de los contenidos de las asignaturas de idioma instrumental con el MCERL.<\/p>\n<p style=\"text-align: justify;\">Existe la posibilidad de obtener la acreditaci\u00f3n del nivel de competencia si se dispone de alguno de los certificados contemplados en el anexo II del convenio de colaboraci\u00f3n suscrito por las Universidades Andaluzas para la acreditaci\u00f3n de lenguas extranjeras. En este caso habr\u00e1 de solicitarse el reconocimiento en el Instituto de Idiomas.<\/p>\n<blockquote><p>Dicho anexo puede consultarse\u00a0<a href=\"https:\/\/www.us.es\/sites\/default\/files\/inline-files\/tabla%20certificados%20actualizacion%202025%20WEB%20US%20e%20IDI.pdf\">aqu\u00ed<\/a>.<\/p><\/blockquote>\n<p style=\"text-align: justify;\">En el Instituto de Idiomas de la Universidad de Sevilla se celebran pruebas de acreditaci\u00f3n del dominio de una lengua extranjera.<\/p>\n<blockquote><p>La informaci\u00f3n puede consultarse <a href=\"https:\/\/institutodeidiomas.us.es\/pruebas-de-acreditacion\">aqu\u00ed.<\/a><\/p><\/blockquote>\n<\/div>\n","protected":false},"excerpt":{"rendered":"<p>Nivel de lengua adquirido seg\u00fan el MCERL acorde con lo dispuesto por la Resoluci\u00f3n Rectoral de 22\/06\/2017 Los estudiantes de Grado, que tengan superada alguna de las materias cuyo examen (prueba de dominio seg\u00fan los niveles del MCERL)\u00a0se adapta a los criterios establecidos por el Convenio de colaboraci\u00f3n vigente suscrito por las Universidades Andaluzas \u00a0(Resoluci\u00f3n &hellip; <a href=\"https:\/\/filologia.us.es\/movilidad-nacional-e-internacional\/acreditaciones\/\" class=\"more-link\">Continue reading <span class=\"screen-reader-text\">Acreditaci\u00f3n de competencias ling\u00fc\u00edsticas<\/span> <span class=\"meta-nav\">&raquo;<\/span><\/a><\/p>\n","protected":false},"author":9,"featured_media":0,"parent":174,"menu_order":77,"comment_status":"closed","ping_status":"closed","template":"page-templates_siff\/page-movilidad_nacional_internacional_child.php","meta":{"_acf_changed":false,"footnotes":""},"acf":[],"_links":{"self":[{"href":"https:\/\/filologia.us.es\/wp-json\/wp\/v2\/pages\/3342"}],"collection":[{"href":"https:\/\/filologia.us.es\/wp-json\/wp\/v2\/pages"}],"about":[{"href":"https:\/\/filologia.us.es\/wp-json\/wp\/v2\/types\/page"}],"author":[{"embeddable":true,"href":"https:\/\/filologia.us.es\/wp-json\/wp\/v2\/users\/9"}],"replies":[{"embeddable":true,"href":"https:\/\/filologia.us.es\/wp-json\/wp\/v2\/comments?post=3342"}],"version-history":[{"count":2,"href":"https:\/\/filologia.us.es\/wp-json\/wp\/v2\/pages\/3342\/revisions"}],"predecessor-version":[{"id":23816,"href":"https:\/\/filologia.us.es\/wp-json\/wp\/v2\/pages\/3342\/revisions\/23816"}],"up":[{"embeddable":true,"href":"https:\/\/filologia.us.es\/wp-json\/wp\/v2\/pages\/174"}],"wp:attachment":[{"href":"https:\/\/filologia.us.es\/wp-json\/wp\/v2\/media?parent=3342"}],"curies":[{"name":"wp","href":"https:\/\/api.w.org\/{rel}","templated":true}]}}