{"id":276,"date":"2016-02-23T11:42:05","date_gmt":"2016-02-23T11:42:05","guid":{"rendered":"http:\/\/filologia.us.es\/?page_id=276"},"modified":"2016-10-10T19:19:22","modified_gmt":"2016-10-10T19:19:22","slug":"cookies","status":"publish","type":"page","link":"https:\/\/filologia.us.es\/?page_id=276","title":{"rendered":"Cookies"},"content":{"rendered":"<p style=\"text-align: justify;\">La FACULTAD DE FILOLOG\u00cdA DE SEVILLA pone en conocimiento de los usuarios que podr\u00eda tener instalados \u00abcookies\u00bb en sus sistemas. Las cookies son peque\u00f1os archivos de informaciones que se generan a trav\u00e9s de las instrucciones que los servidores web env\u00edan a los programas navegadores, y que se guardan en un directorio espec\u00edfico del ordenador del usuario. Las cookies por s\u00ed mismas no pueden identificar de manera personal al usuario, aunque s\u00ed pueden contener la direcci\u00f3n IP del usuario mismo.<br \/>\nNo obstante la mayor\u00eda de los navegadores aceptan la utilizaci\u00f3n de cookies de forma autom\u00e1tica, el usuario tiene la posibilidad de impedir el acceso a su ordenador, mediante la elecci\u00f3n de la opci\u00f3n correspondiente de su navegador.<\/p>\n","protected":false},"excerpt":{"rendered":"<p>La FACULTAD DE FILOLOG\u00cdA DE SEVILLA pone en conocimiento de los usuarios que podr\u00eda tener instalados \u00abcookies\u00bb en sus sistemas. Las cookies son peque\u00f1os archivos de informaciones que se generan a trav\u00e9s de las instrucciones que los servidores web env\u00edan a los programas navegadores, y que se guardan en un directorio espec\u00edfico del ordenador del &hellip; <a href=\"https:\/\/filologia.us.es\/?page_id=276\" class=\"more-link\">Continue reading <span class=\"screen-reader-text\">Cookies<\/span> <span class=\"meta-nav\">&raquo;<\/span><\/a><\/p>\n","protected":false},"author":1,"featured_media":1682,"parent":0,"menu_order":105,"comment_status":"closed","ping_status":"closed","template":"","meta":{"_acf_changed":false,"footnotes":""},"acf":[],"_links":{"self":[{"href":"https:\/\/filologia.us.es\/index.php?rest_route=\/wp\/v2\/pages\/276"}],"collection":[{"href":"https:\/\/filologia.us.es\/index.php?rest_route=\/wp\/v2\/pages"}],"about":[{"href":"https:\/\/filologia.us.es\/index.php?rest_route=\/wp\/v2\/types\/page"}],"author":[{"embeddable":true,"href":"https:\/\/filologia.us.es\/index.php?rest_route=\/wp\/v2\/users\/1"}],"replies":[{"embeddable":true,"href":"https:\/\/filologia.us.es\/index.php?rest_route=%2Fwp%2Fv2%2Fcomments&post=276"}],"version-history":[{"count":0,"href":"https:\/\/filologia.us.es\/index.php?rest_route=\/wp\/v2\/pages\/276\/revisions"}],"wp:featuredmedia":[{"embeddable":true,"href":"https:\/\/filologia.us.es\/index.php?rest_route=\/wp\/v2\/media\/1682"}],"wp:attachment":[{"href":"https:\/\/filologia.us.es\/index.php?rest_route=%2Fwp%2Fv2%2Fmedia&parent=276"}],"curies":[{"name":"wp","href":"https:\/\/api.w.org\/{rel}","templated":true}]}}