{"id":272,"date":"2016-02-23T11:41:37","date_gmt":"2016-02-23T11:41:37","guid":{"rendered":"http:\/\/filologia.us.es\/?page_id=272"},"modified":"2016-10-10T19:18:25","modified_gmt":"2016-10-10T19:18:25","slug":"informacion-legal","status":"publish","type":"page","link":"https:\/\/filologia.us.es\/?page_id=272","title":{"rendered":"Informaci\u00f3n legal"},"content":{"rendered":"<p style=\"text-align: justify;\">Estas Condiciones Generales regulan el uso del sitio web de la FACULTAD DE FILOLOG\u00cdA\u00a0DE SEVILLA, al que se accede mediante la direcci\u00f3n:\u00a0filologia.us.es<br \/>\nLa existencia de las presentes Condiciones Generales de Uso no excluye la presencia de otras disposiciones o condiciones de acceso a las diversas secciones que componen el sitio de la FACULTAD DE FILOLOG\u00cdA\u00a0DE SEVILLA.<\/p>\n<p style=\"text-align: justify;\">1. ACEPTACI\u00d3N DE LAS CONDICIONES DE USO<\/p>\n<p style=\"text-align: justify;\">Los usuarios deber\u00e1n leer las presentes Condiciones Generales de Uso de esta p\u00e1gina web.<\/p>\n<p style=\"text-align: justify;\">El uso del sitio web de la FACULTAD DE FILOLOG\u00cdA DE SEVILLA implica el conocimiento y plena aceptaci\u00f3n de las advertencias legales y condiciones vigentes en cada momento en que el usuario acceda al mismo y que a continuaci\u00f3n se especifican.<\/p>\n<p style=\"text-align: justify;\">Asimismo, la utilizaci\u00f3n de determinados servicios a disposici\u00f3n de los usuarios de este sitio oficial puede estar sometida a condiciones especiales, advertencias o instrucciones que tambi\u00e9n deber\u00e1n ser consultadas y aceptadas sin reservas por aquellos.<\/p>\n<p style=\"text-align: justify;\">2. INFORMACI\u00d3N GENERAL<\/p>\n<p style=\"text-align: justify;\">En cumplimiento de lo previsto en la Ley 34\/2002, de 11 de julio, de Servicios de la Sociedad de la Informaci\u00f3n y de Comercio Electr\u00f3nico, se informa que el sitio web de la FACULTAD DE FILOLOG\u00cdA DE SEVILLA ha sido creado, es mantenido y es propiedad de la UNIVERSIDAD DE SEVILLA, creada por la Ley 29\/79, de 30 de octubre (B.O.E. de 31 de octubre de 1979) y cuya direcci\u00f3n, a la que podr\u00e1n dirigirse los usuarios, es:<\/p>\n<p style=\"text-align: justify;\">UNIVERSIDAD DE SEVILLA<br \/>\nC\/ S. Fernando, 4 (C.P. 41004)<br \/>\nTfnos de Contactos:<br \/>\nCentralita exterior: 954551000<br \/>\nInformaci\u00f3n Telef\u00f3nica del Servicio para Alumnos: 954485797 \/ 954485776<br \/>\nUnidad de Informaci\u00f3n General de la Universidad de Sevilla: 954556999<br \/>\nFax del Registro General: 954211294<\/p>\n<p style=\"text-align: justify;\">3. CONDICIONES DE ACCESO Y UTILIZACI\u00d3N<\/p>\n<p style=\"text-align: justify;\">Gratuidad del acceso<\/p>\n<p style=\"text-align: justify;\">La utilizaci\u00f3n del sitio oficial de la FACULTAD DE FILOLOG\u00cdA DE SEVILLA posee car\u00e1cter gratuito. No obstante, la contrataci\u00f3n de algunos de los servicios que ofrece este sitio web puede estar, actualmente o en el futuro, condicionada al pago de un precio, en cuyo caso se indicar\u00e1 convenientemente.<\/p>\n<p style=\"text-align: justify;\">Registro del usuario<\/p>\n<p style=\"text-align: justify;\">Con car\u00e1cter general, el acceso y utilizaci\u00f3n de este sitio web no exige la previa inscripci\u00f3n o registro de los usuarios.<\/p>\n<p style=\"text-align: justify;\">Sin embargo, y con car\u00e1cter excepcional, el acceso a determinados servicios est\u00e1 supeditado al registro del usuario en las bases de datos de la FACULTAD DE FILOLOG\u00cdA DE SEVILLA. En estos casos, los datos de car\u00e1cter personal facilitados a la FACULTAD DE FILOLOG\u00cdA DE SEVILLA en consecuencia de la utilizaci\u00f3n del sitio web ser\u00e1n objeto de tratamiento por parte de la misma, en las condiciones y t\u00e9rminos especificados en la cl\u00e1usula 7 de las presentes Condiciones Generales de Uso.<\/p>\n<p style=\"text-align: justify;\">La FACULTAD DE FILOLOG\u00cdA DE SEVILLA no almacena las contrase\u00f1as ni gestiona los usuarios de la UNIVERSIDAD DE SEVILLA, ya que el Usuario Virtual de la Universidad de Sevilla UVUS es gestionado desde la propia UNIVERSIDAD DE SEVILLA .<\/p>\n<p style=\"text-align: justify;\">El usuario se compromete a usar sus claves de acceso (nombre de usuario y contrase\u00f1a) pertenecientes a la UNIVERSIDAD DE SEVILLA de acuerdo con las siguientes restricciones:<br \/>\nLa contrase\u00f1a elegida por el usuario no podr\u00e1 lesionar los derechos al honor y a la propia imagen de terceros, as\u00ed como tampoco infringir en modo alguno los derechos de propiedad industrial e intelectual de terceros.<br \/>\nLas claves de acceso son para uso exclusivo del usuario titular de las mismas y su custodia, su confidencialidad y correcta utilizaci\u00f3n son de su exclusiva responsabilidad.<br \/>\nLa UNIVERSIDAD DE SEVILLA no ser\u00e1 responsable por ning\u00fan perjuicio en que el usuario o terceros puedan incurrir como consecuencia de que otras personas utilicen su contrase\u00f1a, tanto con su conocimiento como sin \u00e9l.<br \/>\nLa UNIVERSIDAD DE SEVILLA se compromete a no divulgar la contrase\u00f1a utilizada por el usuario a cualquier otra persona, excepto en el caso de que, en estricto cumplimiento de los pertinentes requerimientos judiciales o, en su caso, autoridad legalmente autorizada, le sea exigida.<br \/>\nRestricciones de acceso y uso<\/p>\n<p style=\"text-align: justify;\">La utilizaci\u00f3n del sitio oficial de la FACULTAD DE FILOLOG\u00cdA DE SEVILLA deber\u00e1 obedecer al contenido de estas Condiciones Generales, y a cualesquiera disposiciones legales aplicables.<\/p>\n<p style=\"text-align: justify;\">La FACULTAD DE FILOLOG\u00cdA DE SEVILLA se reserva el derecho unilateral de denegar el acceso a este sitio web a aquellos usuarios que incumplan las presentes Condiciones Generales de Uso.<\/p>\n<p style=\"text-align: justify;\">4. PROPIEDAD INDUSTRIAL E INTELECTUAL<\/p>\n<p style=\"text-align: justify;\">Propiedad Industrial<\/p>\n<p style=\"text-align: justify;\">La denominaci\u00f3n \u00abFacultad de Filolog\u00eda\u00a0de Sevilla\u00bb, as\u00ed como otros signos distintivos (gr\u00e1ficos o denominativos) que aparecen en este sitio web, son propiedad exclusiva de la FACULTAD DE FILOLOG\u00cdA DE SEVILLA, quien los tiene debidamente registrados. Su titularidad le otorga, de conformidad con el Art. 34 de la Ley 17\/2001, de 17 de diciembre, de Marcas, as\u00ed como con otras legislaciones nacionales que pudieran ser aplicables, el derecho exclusivo de utilizar los antedichos signos distintivos en el tr\u00e1fico econ\u00f3mico. Por consiguiente, queda prohibida su utilizaci\u00f3n por parte de terceros que carezcan de autorizaci\u00f3n.<\/p>\n<p style=\"text-align: justify;\">La eventual presencia en este sitio de signos distintivos de titularidad ajena a la rese\u00f1ada en el p\u00e1rrafo precedente se efect\u00faa sin finalidad comercial y con la autorizaci\u00f3n de sus leg\u00edtimos propietarios, siempre con el debido respeto a sus derechos de exclusiva.<\/p>\n<p style=\"text-align: justify;\">Nombres de dominio<\/p>\n<p style=\"text-align: justify;\">En el mismo sentido que lo referido en el apartado precedente, el nombre de dominio y todos aquellos que sirvan para acceder de forma directa al presente sitio oficial son de titularidad exclusiva de la UNIVERSIDAD DE SEVILLA. La indebida utilizaci\u00f3n de los mismos en el tr\u00e1fico econ\u00f3mico supondr\u00eda una infracci\u00f3n de los derechos conferidos por su registro y ser\u00e1 perseguido por los medios previstos en la Ley.<\/p>\n<p style=\"text-align: justify;\">Derechos de Autor<br \/>\nLos contenidos, textos, fotograf\u00edas, dise\u00f1os, logotipos, im\u00e1genes, sonidos, v\u00eddeos, animaciones, grabaciones, programas de ordenador, c\u00f3digos fuente y, en general, cualquier creaci\u00f3n intelectual existente en este sitio oficial, as\u00ed como el propio sitio en su conjunto como obra art\u00edstica multimedia est\u00e1n protegidos como derechos de autor por la legislaci\u00f3n en materia de propiedad intelectual.<br \/>\nQuedan exceptuados de esta protecci\u00f3n aquellos archivos o programas de ordenador no titularidad de la FACULTAD DE FILOLOG\u00cdA\u00a0DE SEVILLA o la UNIVERSIDAD DE SEVILLA y de acceso gratuito (freeware) que el usuario puede descargarse desde diversas p\u00e1ginas de este sitio con el fin de posibilitar el acceso a las mismas. Se trata, en todo caso, de aplicaciones que tienen el car\u00e1cter de dominio p\u00fablico por expresa voluntad de sus autores.<br \/>\nEl usuario queda expresamente autorizado por la FACULTAD DE FILOLOG\u00cdA DE SEVILLA a visualizar, imprimir, copiar o almacenar, de cualquier otra forma, en su disco duro u otro soporte f\u00edsico, las creaciones intelectuales protegidas y cualquier otro contenido o activo amparado o no por un derecho de exclusiva, siempre que ello se efect\u00fae para fines personales y privados del usuario, sin finalidad comercial o de distribuci\u00f3n y sin modificar, alterar o descompilar los antedichos derechos y contenidos. Esta facultad de uso personal se entiende reconocida siempre y cuando se respeten intactas las advertencias a los derechos de autor y de propiedad industrial aqu\u00ed realizadas y no supone la concesi\u00f3n de licencia alguna al usuario.<br \/>\nAsimismo, los museos, bibliotecas, fonotecas, filmotecas, hemerotecas o archivos, de titularidad p\u00fablica o integradas en instituciones de car\u00e1cter cultural o cient\u00edfico, quedan exentos de requerir la autorizaci\u00f3n de la FACULTAD DE FILOLOG\u00cdA DE SEVILLA por la reproducci\u00f3n del material contenido y, en general, de cualquier creaci\u00f3n intelectual existente en este sitio oficial o activo amparado o no por un derecho de exclusiva, cuando aquella se realice sin finalidad lucrativa y exclusivamente para fines de investigaci\u00f3n.<br \/>\nCualquier otra utilizaci\u00f3n requerir\u00e1 la autorizaci\u00f3n expresa y por escrito de la FACULTAD DE FILOLOG\u00cdA DE SEVILLA.<br \/>\nReserva de acciones<\/p>\n<p style=\"text-align: justify;\">El usuario de este sitio web se compromete a respetar los derechos enunciados y evitar cualquier actuaci\u00f3n que pudiera perjudicarlos.<\/p>\n<p style=\"text-align: justify;\">En consonancia con lo hasta ahora rese\u00f1ado, la utilizaci\u00f3n no autorizada de los derechos de propiedad industrial e intelectual titularidad de la FACULTAD DE FILOLOG\u00cdA DE SEVILLA y relacionados o contenidos en este sitio web, as\u00ed como cualquier vulneraci\u00f3n de la pac\u00edfica posesi\u00f3n y titularidad de los antedichos derechos ser\u00e1 perseguida con los medios que la legislaci\u00f3n, tanto espa\u00f1ola como internacional, prev\u00e9n.<\/p>\n<p style=\"text-align: justify;\">En este sentido, la FACULTAD DE FILOLOG\u00cdA DE SEVILLA deja hecha expresa reserva del ejercicio de cuantas acciones, tanto civiles como penales, amparen sus leg\u00edtimos derechos de propiedad intelectual e industrial.<\/p>\n<p style=\"text-align: justify;\">5. ENLACES<\/p>\n<p style=\"text-align: justify;\">En el sitio web de la FACULTAD DE FILOLOG\u00cdA DE SEVILLA el usuario podr\u00e1 encontrar diversos enlaces que le conducir\u00e1n a p\u00e1ginas web independientes de \u00e9sta. Su \u00fanica finalidad es la de facilitar el acceso a otras fuentes de informaci\u00f3n en Internet relacionadas con la cultura y la educaci\u00f3n y su inserci\u00f3n en este sitio web est\u00e1 inspirada en el respeto de los derechos de propiedad intelectual que, en su caso, puedan corresponder a sus autores.<\/p>\n<p style=\"text-align: justify;\">Asimismo, el establecimiento de enlaces al sitio web de la FACULTAD DE FILOLOG\u00cdA DE SEVILLA deber\u00e1 respetar los derechos de propiedad intelectual y\/o industrial titularidad de la FACULTAD DE FILOLOG\u00cdA DE SEVILLA rese\u00f1ados en estas Condiciones Generales.<\/p>\n<p style=\"text-align: justify;\">6. EXENCI\u00d3N DE RESPONSABILIDAD<\/p>\n<p style=\"text-align: justify;\">Por los contenidos:<br \/>\nInformaciones: las informaciones, tanto propias como de terceros, que aparecen en el sitio de la FACULTAD DE FILOLOG\u00cdA DE SEVILLA se proporcionan \u00abcomo est\u00e1n\u201d, sin garant\u00edas de ning\u00fan tipo en cuanto a su exactitud y actualizaci\u00f3n. En su consecuencia, la FACULTAD DE FILOLOG\u00cdA DE SEVILLA no se hace responsable de los posibles perjuicios que la utilizaci\u00f3n de las mismas pudieran causar.<br \/>\nAsimismo, la FACULTAD DE FILOLOG\u00cdA DE SEVILLA no se hace responsable de la licitud del contenido suministrado por los proveedores, usuarios y otros terceros a trav\u00e9s de cualquier manera de utilizaci\u00f3n de este sitio web.<br \/>\nEn cualquier caso, la FACULTAD DE FILOLOG\u00cdA DE SEVILLA se compromete a actuar con diligencia para evitar la existencia en su sitio web de contenidos il\u00edcitos y, en caso de que tome conocimiento efectivo de estos contenidos, eliminarlos o impedir el acceso a los mismos.<br \/>\nErrores: en relaci\u00f3n con lo mencionado en el p\u00e1rrafo anterior, los documentos publicados podr\u00edan contener inconsistencias t\u00e9cnicas o errores tipogr\u00e1ficos involuntarios, de los cuales la FACULTAD DE FILOLOG\u00cdA DE SEVILLA no se hace responsable, pero se compromete a subsanarlos, con la mayor brevedad posible, desde el momento en que tenga conocimiento de los mismos.<br \/>\nHiperenlaces: los enlaces, con o sin contenido publicitario, existentes en este sitio web permiten al usuario dejar el sitio web de la FACULTAD DE FILOLOG\u00cdA DE SEVILLA. Los sitios enlazados no est\u00e1n relacionados, salvo indicaci\u00f3n en contrario, con la FACULTAD DE FILOLOG\u00cdA DE SEVILLA, quien no se hace responsable de los contenidos a los que se acceda en virtud de los mencionados enlaces, ni de las modificaciones que se lleven a cabo en los mismos, ni del uso que de aquellos se realice, ni de la disponibilidad t\u00e9cnica de los mismos.<br \/>\nEn cualquier caso, la FACULTAD DE FILOLOG\u00cdA DE SEVILLA se compromete a hacer lo posible por evitar la existencia en su sitio web de enlaces a sitios de contenido ilegal, que promuevan actividades il\u00edcitas y, en general, susceptibles de atentar contra los principios de libertad y de dignidad humana o vulneren los valores y derechos reconocidos por la Constituci\u00f3n espa\u00f1ola y por la Declaraci\u00f3n Universal de los Derechos Humanos.<br \/>\nAsimismo, en caso de que tome conocimiento de la existencia de los antedichos enlaces a sitios de contenido ilegal, la FACULTAD DE FILOLOG\u00cdA DE SEVILLA se compromete a actuar con diligencia para suprimirlos de forma inmediata.<br \/>\nForos de debate y tertulias: la FACULTAD DE FILOLOG\u00cdA DE SEVILLA no es responsable de las opiniones que se pudieran expresar en los diferentes foros permanentes y en las tertulias ocasionales que se desarrollen en el seno de este sitio. En cualquier caso, es el prop\u00f3sito de la FACULTAD DE FILOLOG\u00cdA DE SEVILLA procurar la correcta utilizaci\u00f3n de estos mecanismos, con el m\u00e1ximo respeto a la dignidad de las personas y a la libertad de expresi\u00f3n amparada por la Constituci\u00f3n espa\u00f1ola.<br \/>\nModificaci\u00f3n de contenidos: la informaci\u00f3n, la presentaci\u00f3n y los servicios que ofrece este sitio pueden ser sometidos a cambios peri\u00f3dicos o puntuales, susceptibles de ser efectuados libremente por la FACULTAD DE FILOLOG\u00cdA DE SEVILLA sin que est\u00e9 obligada a comunicarlo a los usuarios.<br \/>\nPor el funcionamiento del sitio:<br \/>\nPrivacidad: la FACULTAD DE FILOLOG\u00cdA DE SEVILLA no garantiza privacidad absoluta en la utilizaci\u00f3n de este sitio, ya que no debe descartarse la posibilidad de que terceros no autorizados puedan tener conocimiento de la misma y de las circunstancias en que se realiza.<br \/>\nVirus: la FACULTAD DE FILOLOG\u00cdA DE SEVILLA no acepta ninguna responsabilidad por los posibles da\u00f1os causados por virus inform\u00e1ticos, cuya ausencia no queda garantizada.<br \/>\nDisfunciones t\u00e9cnicas: la FACULTAD DE FILOLOG\u00cdA DE SEVILLA queda eximida de cualquier responsabilidad derivada del mal funcionamiento del sitio o de cualquiera de sus servicios que tenga su origen en una circunstancia accidental, fuerza mayor, trabajos necesarios de mantenimiento o cualquier otra causa no imputable a la misma.<\/p>\n<p style=\"text-align: justify;\">7. TERMINACI\u00d3N<\/p>\n<p style=\"text-align: justify;\">Si bien, en principio, la duraci\u00f3n de este sitio es indeterminada, la FACULTAD DE FILOLOG\u00cdA DE SEVILLA se reserva el derecho a suspender o dar por terminada la prestaci\u00f3n de algunos o todos sus servicios, sin que esta decisi\u00f3n deba ser comunicada con antelaci\u00f3n a los usuarios del mismo.<\/p>\n<p style=\"text-align: justify;\">8. LEY Y JURISDICCI\u00d3N APLICABLE<\/p>\n<p style=\"text-align: justify;\">Las presentes Condiciones Generales de Uso se rigen por las Leyes espa\u00f1olas.<\/p>\n<p style=\"text-align: justify;\">Cualquier controversia en relaci\u00f3n con el sitio web de la FACULTAD DE FILOLOG\u00cdA DE SEVILLA se sustanciar\u00e1 ante la jurisdicci\u00f3n espa\u00f1ola, someti\u00e9ndose las partes a los Juzgados y Tribunales de la ciudad de Sevilla, y sus superiores jer\u00e1rquicos, con expresa renuncia a sus fueros si lo tuvieren y fueran diferentes de los rese\u00f1ados.<\/p>\n","protected":false},"excerpt":{"rendered":"<p>Estas Condiciones Generales regulan el uso del sitio web de la FACULTAD DE FILOLOG\u00cdA\u00a0DE SEVILLA, al que se accede mediante la direcci\u00f3n:\u00a0filologia.us.es La existencia de las presentes Condiciones Generales de Uso no excluye la presencia de otras disposiciones o condiciones de acceso a las diversas secciones que componen el sitio de la FACULTAD DE FILOLOG\u00cdA\u00a0DE &hellip; <a href=\"https:\/\/filologia.us.es\/?page_id=272\" class=\"more-link\">Continue reading <span class=\"screen-reader-text\">Informaci\u00f3n legal<\/span> <span class=\"meta-nav\">&raquo;<\/span><\/a><\/p>\n","protected":false},"author":1,"featured_media":1682,"parent":0,"menu_order":127,"comment_status":"closed","ping_status":"closed","template":"","meta":{"_acf_changed":false,"footnotes":""},"acf":[],"_links":{"self":[{"href":"https:\/\/filologia.us.es\/index.php?rest_route=\/wp\/v2\/pages\/272"}],"collection":[{"href":"https:\/\/filologia.us.es\/index.php?rest_route=\/wp\/v2\/pages"}],"about":[{"href":"https:\/\/filologia.us.es\/index.php?rest_route=\/wp\/v2\/types\/page"}],"author":[{"embeddable":true,"href":"https:\/\/filologia.us.es\/index.php?rest_route=\/wp\/v2\/users\/1"}],"replies":[{"embeddable":true,"href":"https:\/\/filologia.us.es\/index.php?rest_route=%2Fwp%2Fv2%2Fcomments&post=272"}],"version-history":[{"count":0,"href":"https:\/\/filologia.us.es\/index.php?rest_route=\/wp\/v2\/pages\/272\/revisions"}],"wp:featuredmedia":[{"embeddable":true,"href":"https:\/\/filologia.us.es\/index.php?rest_route=\/wp\/v2\/media\/1682"}],"wp:attachment":[{"href":"https:\/\/filologia.us.es\/index.php?rest_route=%2Fwp%2Fv2%2Fmedia&parent=272"}],"curies":[{"name":"wp","href":"https:\/\/api.w.org\/{rel}","templated":true}]}}