{"id":2516,"date":"2016-07-21T09:03:06","date_gmt":"2016-07-21T09:03:06","guid":{"rendered":"http:\/\/filologia.us.es\/?page_id=2516"},"modified":"2025-06-09T13:58:40","modified_gmt":"2025-06-09T11:58:40","slug":"doble-master-mellc-maes-ensenanza-secundaria","status":"publish","type":"page","link":"https:\/\/filologia.us.es\/?page_id=2516","title":{"rendered":"Doble m\u00e1ster MELLC + MAES (Ense\u00f1anza Secundaria)"},"content":{"rendered":"<h3>Informaci\u00f3n espec\u00edfica del doble M\u00e1ster Universitario en Estudios Ling\u00fc\u00edsticos, Literarios y Culturales y en Ense\u00f1anza Secundaria (MELLC + MAES)<\/h3>\n<p class=\"x_elementToProof\" data-olk-copy-source=\"MessageBody\">El doble M\u00e1ster Universitario en Estudios Ling\u00fc\u00edsticos, Literarios y Culturales y en Ense\u00f1anza Secundaria (MELLC + MAES) es un programa de 96 cr\u00e9ditos que tiene lugar a lo largo de dos cursos acad\u00e9micos y que combina una alta formaci\u00f3n te\u00f3rica y metodol\u00f3gica en las \u00e1reas propias del MELLC (la lengua y la comunicaci\u00f3n; la literatura, la cultura y su difusi\u00f3n a trav\u00e9s de diversos soportes de informaci\u00f3n; y el lenguaje, su recepci\u00f3n y sus funciones en la sociedad), junto con la preparaci\u00f3n metodol\u00f3gica y docente proporcionada por el MAES.<\/p>\n<p class=\"x_elementToProof\">Los 96 cr\u00e9ditos que debe cursar el alumnado representan un n\u00famero limitado de las asignaturas ofertadas por cada m\u00e1ster. Puede encontrarse informaci\u00f3n al respecto en el siguiente <a href=\"https:\/\/filologia.us.es\/wp-content\/uploads\/2025\/06\/HIMat_M213.pdf\">enlace a la hoja informativa de matr\u00edcula<\/a>.<\/p>\n<p class=\"x_elementToProof\">Se debe consultar la p\u00e1gina del MELLC (https:\/\/filologia.us.es\/master-universitario\/mellc\/) para la informaci\u00f3n de este m\u00e1ster y la del MAES (https:\/\/masteroficial.us.es\/maes) para la suya.<\/p>\n<p>Asimismo, las respectivas coordinaciones de cada m\u00e1ster est\u00e1n a cargo de su propia oferta acad\u00e9mica. Por tanto, las consultas sobre los requisitos de cada uno deben dirigirse a su coordinaci\u00f3n.<\/p>\n<div><\/div>\n","protected":false},"excerpt":{"rendered":"<p>Informaci\u00f3n espec\u00edfica del doble M\u00e1ster Universitario en Estudios Ling\u00fc\u00edsticos, Literarios y Culturales y en Ense\u00f1anza Secundaria (MELLC + MAES) El doble M\u00e1ster Universitario en Estudios Ling\u00fc\u00edsticos, Literarios y Culturales y en Ense\u00f1anza Secundaria (MELLC + MAES) es un programa de 96 cr\u00e9ditos que tiene lugar a lo largo de dos cursos acad\u00e9micos y que combina &hellip; <a href=\"https:\/\/filologia.us.es\/?page_id=2516\" class=\"more-link\">Continue reading <span class=\"screen-reader-text\">Doble m\u00e1ster MELLC + MAES (Ense\u00f1anza Secundaria)<\/span> <span class=\"meta-nav\">&raquo;<\/span><\/a><\/p>\n","protected":false},"author":9,"featured_media":0,"parent":168,"menu_order":75,"comment_status":"closed","ping_status":"closed","template":"page-templates_siff\/page-listado_masteres.php","meta":{"_acf_changed":false,"footnotes":""},"acf":[],"_links":{"self":[{"href":"https:\/\/filologia.us.es\/index.php?rest_route=\/wp\/v2\/pages\/2516"}],"collection":[{"href":"https:\/\/filologia.us.es\/index.php?rest_route=\/wp\/v2\/pages"}],"about":[{"href":"https:\/\/filologia.us.es\/index.php?rest_route=\/wp\/v2\/types\/page"}],"author":[{"embeddable":true,"href":"https:\/\/filologia.us.es\/index.php?rest_route=\/wp\/v2\/users\/9"}],"replies":[{"embeddable":true,"href":"https:\/\/filologia.us.es\/index.php?rest_route=%2Fwp%2Fv2%2Fcomments&post=2516"}],"version-history":[{"count":3,"href":"https:\/\/filologia.us.es\/index.php?rest_route=\/wp\/v2\/pages\/2516\/revisions"}],"predecessor-version":[{"id":22625,"href":"https:\/\/filologia.us.es\/index.php?rest_route=\/wp\/v2\/pages\/2516\/revisions\/22625"}],"up":[{"embeddable":true,"href":"https:\/\/filologia.us.es\/index.php?rest_route=\/wp\/v2\/pages\/168"}],"wp:attachment":[{"href":"https:\/\/filologia.us.es\/index.php?rest_route=%2Fwp%2Fv2%2Fmedia&parent=2516"}],"curies":[{"name":"wp","href":"https:\/\/api.w.org\/{rel}","templated":true}]}}