{"id":23533,"date":"2026-02-10T12:18:16","date_gmt":"2026-02-10T11:18:16","guid":{"rendered":"https:\/\/filologia.us.es\/?page_id=23533"},"modified":"2026-03-07T10:35:30","modified_gmt":"2026-03-07T09:35:30","slug":"e-tandem-frances-intercambio-virtual-paris-argelia-la-reunion-sevilla","status":"publish","type":"page","link":"https:\/\/filologia.us.es\/centro-apla\/e-tandem-frances-intercambio-virtual-paris-argelia-la-reunion-sevilla\/","title":{"rendered":"E-T\u00e1ndem franc\u00e9s-espa\u00f1ol\u00a0(intercambio ling\u00fc\u00edstico online)"},"content":{"rendered":"<p>Conecta, aprende y descubre el mundo franc\u00f3fono a trav\u00e9s de nuestro e-t\u00e1ndem internacional con Par\u00eds, Argelia o La Reuni\u00f3n. Una experiencia \u00fanica de intercambio ling\u00fc\u00edstico y cultural donde personas de distintas universidades se encuentran en l\u00ednea para practicar franc\u00e9s y espa\u00f1ol, compartir culturas y crear lazos reales.<\/p>\n<p>&#x2728; <strong>2 cr\u00e9ditos ECTS<\/strong> (con <strong>porfolio:<\/strong> diarios de los encuentros y trabajo cultural com\u00fan)<br \/>\n&#x1f91d; Conecta con otras culturas<br \/>\n&#x1f4bb; Participa desde cualquier lugar a cualquier hora<\/p>\n<p>Inscripci\u00f3n a e-T\u00e1ndem: <a href=\"https:\/\/forms.office.com\/e\/e1zzAymD1S\">https:\/\/forms.office.com\/e\/e1zzAymD1S<\/a>\u00a0 (Plazo finalizado)<\/p>\n<p>Correo de contacto: tandem@us.es \/ lrubio3@us.es<\/p>\n<p><strong>\u00bfParticipas ya en el E-T\u00e1ndem?<\/strong> Completa el siguiente <strong>Cuestionario Inicial<\/strong>. Este breve formulario nos permitir\u00e1 conocer mejor vuestros intereses, horarios, objetivos y expectativas, y as\u00ed optimizar la experiencia t\u00e1ndem para todos\/as.<\/p>\n<p><a href=\"https:\/\/forms.gle\/CJ1Raq6xTJAC2Wzw8\">https:\/\/forms.gle\/CJ1Raq6xTJAC2Wzw8<\/a><\/p>\n<p><img loading=\"lazy\" decoding=\"async\" class=\"alignnone wp-image-23624\" src=\"https:\/\/filologia.us.es\/wp-content\/uploads\/2026\/02\/WhatsApp-Image-2026-02-13-at-01.24.55.jpeg\" alt=\"\" width=\"635\" height=\"898\" srcset=\"https:\/\/filologia.us.es\/wp-content\/uploads\/2026\/02\/WhatsApp-Image-2026-02-13-at-01.24.55.jpeg 1131w, https:\/\/filologia.us.es\/wp-content\/uploads\/2026\/02\/WhatsApp-Image-2026-02-13-at-01.24.55-768x1086.jpeg 768w, https:\/\/filologia.us.es\/wp-content\/uploads\/2026\/02\/WhatsApp-Image-2026-02-13-at-01.24.55-1086x1536.jpeg 1086w, https:\/\/filologia.us.es\/wp-content\/uploads\/2026\/02\/WhatsApp-Image-2026-02-13-at-01.24.55-685x969.jpeg 685w, https:\/\/filologia.us.es\/wp-content\/uploads\/2026\/02\/WhatsApp-Image-2026-02-13-at-01.24.55-1024x1449.jpeg 1024w\" sizes=\"(max-width: 635px) 100vw, 635px\" \/><\/p>\n","protected":false},"excerpt":{"rendered":"<p>Conecta, aprende y descubre el mundo franc\u00f3fono a trav\u00e9s de nuestro e-t\u00e1ndem internacional con Par\u00eds, Argelia o La Reuni\u00f3n. Una experiencia \u00fanica de intercambio ling\u00fc\u00edstico y cultural donde personas de distintas universidades se encuentran en l\u00ednea para practicar franc\u00e9s y espa\u00f1ol, compartir culturas y crear lazos reales. &#x2728; 2 cr\u00e9ditos ECTS (con porfolio: diarios de &hellip; <a href=\"https:\/\/filologia.us.es\/centro-apla\/e-tandem-frances-intercambio-virtual-paris-argelia-la-reunion-sevilla\/\" class=\"more-link\">Continue reading <span class=\"screen-reader-text\">E-T\u00e1ndem franc\u00e9s-espa\u00f1ol\u00a0(intercambio ling\u00fc\u00edstico online)<\/span> <span class=\"meta-nav\">&raquo;<\/span><\/a><\/p>\n","protected":false},"author":10,"featured_media":0,"parent":10883,"menu_order":2,"comment_status":"closed","ping_status":"closed","template":"","meta":{"_acf_changed":false,"footnotes":""},"acf":[],"_links":{"self":[{"href":"https:\/\/filologia.us.es\/wp-json\/wp\/v2\/pages\/23533"}],"collection":[{"href":"https:\/\/filologia.us.es\/wp-json\/wp\/v2\/pages"}],"about":[{"href":"https:\/\/filologia.us.es\/wp-json\/wp\/v2\/types\/page"}],"author":[{"embeddable":true,"href":"https:\/\/filologia.us.es\/wp-json\/wp\/v2\/users\/10"}],"replies":[{"embeddable":true,"href":"https:\/\/filologia.us.es\/wp-json\/wp\/v2\/comments?post=23533"}],"version-history":[{"count":3,"href":"https:\/\/filologia.us.es\/wp-json\/wp\/v2\/pages\/23533\/revisions"}],"predecessor-version":[{"id":23765,"href":"https:\/\/filologia.us.es\/wp-json\/wp\/v2\/pages\/23533\/revisions\/23765"}],"up":[{"embeddable":true,"href":"https:\/\/filologia.us.es\/wp-json\/wp\/v2\/pages\/10883"}],"wp:attachment":[{"href":"https:\/\/filologia.us.es\/wp-json\/wp\/v2\/media?parent=23533"}],"curies":[{"name":"wp","href":"https:\/\/api.w.org\/{rel}","templated":true}]}}