{"id":21260,"date":"2024-07-08T20:50:07","date_gmt":"2024-07-08T18:50:07","guid":{"rendered":"https:\/\/filologia.us.es\/?page_id=21260"},"modified":"2024-07-08T20:52:12","modified_gmt":"2024-07-08T18:52:12","slug":"doble-grado-lenguas-modernas-literaturas-y-culturas-educacion-primaria","status":"publish","type":"page","link":"https:\/\/filologia.us.es\/?page_id=21260","title":{"rendered":"Doble Grado en Lenguas Modernas, Literaturas y Culturas, y Educaci\u00f3n Primaria"},"content":{"rendered":"<h3>Informaci\u00f3n espec\u00edfica<\/h3>\n<p>&nbsp;<\/p>\n","protected":false},"excerpt":{"rendered":"<p>Informaci\u00f3n espec\u00edfica &nbsp;<\/p>\n","protected":false},"author":1,"featured_media":1681,"parent":104,"menu_order":142,"comment_status":"closed","ping_status":"closed","template":"","meta":{"_acf_changed":false,"footnotes":""},"acf":[],"_links":{"self":[{"href":"https:\/\/filologia.us.es\/index.php?rest_route=\/wp\/v2\/pages\/21260"}],"collection":[{"href":"https:\/\/filologia.us.es\/index.php?rest_route=\/wp\/v2\/pages"}],"about":[{"href":"https:\/\/filologia.us.es\/index.php?rest_route=\/wp\/v2\/types\/page"}],"author":[{"embeddable":true,"href":"https:\/\/filologia.us.es\/index.php?rest_route=\/wp\/v2\/users\/1"}],"replies":[{"embeddable":true,"href":"https:\/\/filologia.us.es\/index.php?rest_route=%2Fwp%2Fv2%2Fcomments&post=21260"}],"version-history":[{"count":2,"href":"https:\/\/filologia.us.es\/index.php?rest_route=\/wp\/v2\/pages\/21260\/revisions"}],"predecessor-version":[{"id":21265,"href":"https:\/\/filologia.us.es\/index.php?rest_route=\/wp\/v2\/pages\/21260\/revisions\/21265"}],"up":[{"embeddable":true,"href":"https:\/\/filologia.us.es\/index.php?rest_route=\/wp\/v2\/pages\/104"}],"wp:featuredmedia":[{"embeddable":true,"href":"https:\/\/filologia.us.es\/index.php?rest_route=\/wp\/v2\/media\/1681"}],"wp:attachment":[{"href":"https:\/\/filologia.us.es\/index.php?rest_route=%2Fwp%2Fv2%2Fmedia&parent=21260"}],"curies":[{"name":"wp","href":"https:\/\/api.w.org\/{rel}","templated":true}]}}