{"id":21199,"date":"2024-07-02T20:45:47","date_gmt":"2024-07-02T18:45:47","guid":{"rendered":"https:\/\/filologia.us.es\/?page_id=21199"},"modified":"2025-06-27T11:19:07","modified_gmt":"2025-06-27T09:19:07","slug":"hojas-informativas-de-matricula","status":"publish","type":"page","link":"https:\/\/filologia.us.es\/?page_id=21199","title":{"rendered":"Hojas informativas de matr\u00edcula"},"content":{"rendered":"<ul>\n<li><a href=\"https:\/\/filologia.us.es\/wp-content\/uploads\/2024\/07\/185_G_Lengua-y-Literatura-Alemanas.pdf\">Grado en Lengua y Literatura Alemanas<\/a><\/li>\n<li><a href=\"https:\/\/filologia.us.es\/wp-content\/uploads\/2024\/07\/184_G_Filologia_Clasica.pdf\">Grado en Filolog\u00eda Cl\u00e1sica<\/a><\/li>\n<li><a href=\"https:\/\/filologia.us.es\/wp-content\/uploads\/2024\/07\/181_G_Estudios-Arabes-e-Islamicos.pdf\">Grado en Estudios \u00c1rabes e Isl\u00e1micos<\/a><\/li>\n<li><a href=\"https:\/\/filologia.us.es\/wp-content\/uploads\/2024\/07\/183_G_Estudios-Ingleses.pdf\">Grado en Estudios Ingleses<\/a><\/li>\n<li><a href=\"https:\/\/filologia.us.es\/wp-content\/uploads\/2024\/07\/182_G_Estudios_Franceses.pdf\">Grado en Estudios Franceses<\/a><\/li>\n<li><a href=\"https:\/\/filologia.us.es\/wp-content\/uploads\/2024\/07\/159_G_Filologia_Hispanica.pdf\">Grado en Filolog\u00eda Hisp\u00e1nica<\/a><\/li>\n<li><a href=\"https:\/\/filologia.us.es\/wp-content\/uploads\/2024\/07\/259_G_Lenguas-Modernas-Literaturas-Cultura.pdf\">Grado en Lenguas Modernas, Literaturas y Culturas<\/a><\/li>\n<li><a href=\"https:\/\/filologia.us.es\/wp-content\/uploads\/2024\/07\/235_DG_Leng-y-Lit-Alem-y-Educ-Prim.pdf\">Doble Grado en Lengua y Literatura Alemanas y Educaci\u00f3n Primaria<\/a><\/li>\n<li><a href=\"https:\/\/filologia.us.es\/wp-content\/uploads\/2024\/07\/239_DG_Filologia_Clasica_Filologia_Hispanica.pdf\">Doble Grado en Filolog\u00eda Cl\u00e1sica e Hisp\u00e1nica<\/a><\/li>\n<li><a href=\"https:\/\/filologia.us.es\/wp-content\/uploads\/2024\/07\/238_DG_Educacion-Pri-y-Estudios-Franceses.pdf\">Doble Grado en Estudios Franceses y Educaci\u00f3n Primaria<\/a><\/li>\n<li><a href=\"https:\/\/filologia.us.es\/wp-content\/uploads\/2024\/07\/265_DG_Lenguas-Modernas-Literaturas-y-Culturas-y-Educ_Primaria.pdf\">Doble Grado en Lenguas Modernas, Literaturas y Culturas y Educaci\u00f3n Primaria<\/a><\/li>\n<li><a href=\"https:\/\/alojawebapps.us.es\/fichape\/Doc\/HIM\/HIMat_M076.pdf\">M\u00e1ster Universitario en Estudios Hisp\u00e1nicos Superiores (MEHS)<\/a><\/li>\n<li><a href=\"https:\/\/filologia.us.es\/wp-content\/uploads\/2024\/11\/HIMat_M070.pdf\">M\u00e1ster Universitario en Ense\u00f1anza del Espa\u00f1ol como Lengua Extranjera y otras Lenguas Modernas (MasELE)<\/a><\/li>\n<li><a href=\"https:\/\/filologia.us.es\/wp-content\/uploads\/2024\/07\/M137_M_Estudios_Ling_Lit_Culturales.pdf\">M\u00e1ster Universitario en Estudios Ling\u00fc\u00edsticos, Literarios y Culturales (MELLC)<\/a><\/li>\n<li><a href=\"https:\/\/filologia.us.es\/wp-content\/uploads\/2024\/07\/M175_M_Traduccion_Interculturalidad_2017.pdf\">M\u00e1ster Universitario en Traducci\u00f3n e Interculturalidad (MUenTI)<\/a><\/li>\n<li><a href=\"https:\/\/filologia.us.es\/wp-content\/uploads\/2024\/07\/M212_DM_Est_Hispanicos_Sup_Prof_ESO_Bach_FP_EI_2022.pdf\">Doble M\u00e1ster Universitario en Estudios Hisp\u00e1nicos Superiores y en Ense\u00f1anza Secundaria (MEHS + MAES)<\/a><\/li>\n<li><a href=\"https:\/\/filologia.us.es\/wp-content\/uploads\/2024\/07\/M213_DM_-Prof_ESO_FP_Estudios_Linguisticos_Lit_Cul_2022.pdf\">Doble M\u00e1ster Universitario en Estudios Ling\u00fc\u00edsticos, Literarios y Culturales y en Ense\u00f1anza Secundaria (MELLC + MAES)<\/a><\/li>\n<\/ul>\n","protected":false},"excerpt":{"rendered":"<p>Grado en Lengua y Literatura Alemanas Grado en Filolog\u00eda Cl\u00e1sica Grado en Estudios \u00c1rabes e Isl\u00e1micos Grado en Estudios Ingleses Grado en Estudios Franceses Grado en Filolog\u00eda Hisp\u00e1nica Grado en Lenguas Modernas, Literaturas y Culturas Doble Grado en Lengua y Literatura Alemanas y Educaci\u00f3n Primaria Doble Grado en Filolog\u00eda Cl\u00e1sica e Hisp\u00e1nica Doble Grado en &hellip; <a href=\"https:\/\/filologia.us.es\/?page_id=21199\" class=\"more-link\">Continue reading <span class=\"screen-reader-text\">Hojas informativas de matr\u00edcula<\/span> <span class=\"meta-nav\">&raquo;<\/span><\/a><\/p>\n","protected":false},"author":10,"featured_media":0,"parent":152,"menu_order":8,"comment_status":"closed","ping_status":"closed","template":"","meta":{"_acf_changed":false,"footnotes":""},"acf":[],"_links":{"self":[{"href":"https:\/\/filologia.us.es\/index.php?rest_route=\/wp\/v2\/pages\/21199"}],"collection":[{"href":"https:\/\/filologia.us.es\/index.php?rest_route=\/wp\/v2\/pages"}],"about":[{"href":"https:\/\/filologia.us.es\/index.php?rest_route=\/wp\/v2\/types\/page"}],"author":[{"embeddable":true,"href":"https:\/\/filologia.us.es\/index.php?rest_route=\/wp\/v2\/users\/10"}],"replies":[{"embeddable":true,"href":"https:\/\/filologia.us.es\/index.php?rest_route=%2Fwp%2Fv2%2Fcomments&post=21199"}],"version-history":[{"count":3,"href":"https:\/\/filologia.us.es\/index.php?rest_route=\/wp\/v2\/pages\/21199\/revisions"}],"predecessor-version":[{"id":22669,"href":"https:\/\/filologia.us.es\/index.php?rest_route=\/wp\/v2\/pages\/21199\/revisions\/22669"}],"up":[{"embeddable":true,"href":"https:\/\/filologia.us.es\/index.php?rest_route=\/wp\/v2\/pages\/152"}],"wp:attachment":[{"href":"https:\/\/filologia.us.es\/index.php?rest_route=%2Fwp%2Fv2%2Fmedia&parent=21199"}],"curies":[{"name":"wp","href":"https:\/\/api.w.org\/{rel}","templated":true}]}}