{"id":20997,"date":"2024-04-08T12:23:49","date_gmt":"2024-04-08T10:23:49","guid":{"rendered":"https:\/\/filologia.us.es\/?page_id=20997"},"modified":"2026-02-25T12:03:02","modified_gmt":"2026-02-25T11:03:02","slug":"plan-de-autoproteccion-del-edificio-antigua-fabrica-de-tabacos","status":"publish","type":"page","link":"https:\/\/filologia.us.es\/plan-de-autoproteccion-del-edificio-antigua-fabrica-de-tabacos\/","title":{"rendered":"Plan de Autoprotecci\u00f3n del Edificio \u00abAntigua F\u00e1brica de Tabacos\u00bb"},"content":{"rendered":"<p><a href=\"https:\/\/filologia.us.es\/wp-content\/uploads\/2024\/04\/PAU_Rectorado_Doc.-Abreviado.pdf\">Plan de Autoprotecci\u00f3n (Documento Abreviado)<\/a><\/p>\n<p>Instrucciones de Actuaci\u00f3n en caso de Emergencia:<\/p>\n<ul>\n<li><a href=\"https:\/\/filologia.us.es\/wp-content\/uploads\/2024\/04\/Plan-emergencias-Anexo-II-Ficha-5.pdf\">Para el Personal de Intervenci\u00f3n (E.P.I.) y (E.S.I.)<\/a><\/li>\n<li><a href=\"https:\/\/filologia.us.es\/wp-content\/uploads\/2024\/04\/Plan-emergencias-Anexo-II-Ficha-6.pdf\">Para el Equipo de Alarma y Evacuaci\u00f3n (E.A.E.)<\/a><\/li>\n<li><a href=\"https:\/\/filologia.us.es\/wp-content\/uploads\/2024\/04\/Plan-emergencias-Anexo-II-Ficha-7.pdf\">En Aulas\/Seminarios &#8211; Para P.D.I.<\/a><\/li>\n<li><a href=\"https:\/\/filologia.us.es\/wp-content\/uploads\/2024\/04\/Plan-emergencias-Anexo-II-Ficha-8.pdf\">En Laboratorio\/Talleres &#8211; Para P.D.I., alumnos y visitantes<\/a><\/li>\n<li><a href=\"https:\/\/filologia.us.es\/wp-content\/uploads\/2026\/02\/Actualizacon-Directorio-Plan-Autoproteccion.pdf\">Actualizaci\u00f3n del Directorio<\/a><\/li>\n<\/ul>\n","protected":false},"excerpt":{"rendered":"<p>Plan de Autoprotecci\u00f3n (Documento Abreviado) Instrucciones de Actuaci\u00f3n en caso de Emergencia: Para el Personal de Intervenci\u00f3n (E.P.I.) y (E.S.I.) Para el Equipo de Alarma y Evacuaci\u00f3n (E.A.E.) En Aulas\/Seminarios &#8211; Para P.D.I. En Laboratorio\/Talleres &#8211; Para P.D.I., alumnos y visitantes Actualizaci\u00f3n del Directorio<\/p>\n","protected":false},"author":10,"featured_media":0,"parent":0,"menu_order":10,"comment_status":"closed","ping_status":"closed","template":"page-templates_siff\/page-sidebar_secondary.php","meta":{"_acf_changed":false,"footnotes":""},"acf":[],"_links":{"self":[{"href":"https:\/\/filologia.us.es\/wp-json\/wp\/v2\/pages\/20997"}],"collection":[{"href":"https:\/\/filologia.us.es\/wp-json\/wp\/v2\/pages"}],"about":[{"href":"https:\/\/filologia.us.es\/wp-json\/wp\/v2\/types\/page"}],"author":[{"embeddable":true,"href":"https:\/\/filologia.us.es\/wp-json\/wp\/v2\/users\/10"}],"replies":[{"embeddable":true,"href":"https:\/\/filologia.us.es\/wp-json\/wp\/v2\/comments?post=20997"}],"version-history":[{"count":2,"href":"https:\/\/filologia.us.es\/wp-json\/wp\/v2\/pages\/20997\/revisions"}],"predecessor-version":[{"id":23691,"href":"https:\/\/filologia.us.es\/wp-json\/wp\/v2\/pages\/20997\/revisions\/23691"}],"wp:attachment":[{"href":"https:\/\/filologia.us.es\/wp-json\/wp\/v2\/media?parent=20997"}],"curies":[{"name":"wp","href":"https:\/\/api.w.org\/{rel}","templated":true}]}}