{"id":20548,"date":"2024-01-15T13:55:15","date_gmt":"2024-01-15T12:55:15","guid":{"rendered":"http:\/\/filologia.us.es\/?page_id=20548"},"modified":"2024-07-08T18:14:01","modified_gmt":"2024-07-08T16:14:01","slug":"grado-en-lenguas-modernas-literaturas-y-culturas","status":"publish","type":"page","link":"https:\/\/filologia.us.es\/?page_id=20548","title":{"rendered":"Grado en Lenguas Modernas, Literaturas y Culturas"},"content":{"rendered":"<p><strong>QUE\u0301 NECESITO PARA ACCEDER<\/strong><\/p>\r\n<p>En primer lugar, acreditar los requisitos de ACCESO a la universidad y, en segundo lugar, ser admitido al Grado a trave\u0301s del procedimiento de ADMISIO\u0301N del Distrito U\u0301nico Andaluz.<\/p>\r\n<p>ACCESO. Demostrar haber superado o estar en posesi\u00f3n de: Prueba de acceso (PEvAU), Ti\u0301tulo de Ciclo Formativo de Grado Superior, Ti\u0301tulo de Bachiller Europeo o Bachillerato Internacional, diplomas o estudios de sistemas educativos europeos y de pai\u0301ses con los que se hayan suscrito acuerdos de acceso, ti\u0301tulos extranjeros homologados o declarados equivalentes al ti\u0301tulo de Bachiller espan\u0303ol, Pruebas o Procedimientos de Acceso para mayores de 25, 40 o 45 an\u0303os.<\/p>\r\n<p>En la pa\u0301gina web del Distrito U\u0301nico Andaluz se podr\u00e1n consultar los para\u0301metros de ponderacio\u0301n de cada materia segu\u0301n el Ti\u0301tulo de Grado, los requisitos de acceso y los plazos para participar en las diferentes Fases del procedimiento de ADMISIO\u0301N.<\/p>\r\n<h3><a href=\"http:\/\/filologia.us.es\/wp-content\/uploads\/2024\/01\/Diagrama_del_GLMLC.png\"><img loading=\"lazy\" decoding=\"async\" class=\"aligncenter size-full wp-image-20563\" src=\"http:\/\/filologia.us.es\/wp-content\/uploads\/2024\/01\/Diagrama_del_GLMLC.png\" alt=\"\" width=\"2002\" height=\"802\" srcset=\"https:\/\/filologia.us.es\/wp-content\/uploads\/2024\/01\/Diagrama_del_GLMLC.png 2002w, https:\/\/filologia.us.es\/wp-content\/uploads\/2024\/01\/Diagrama_del_GLMLC-768x308.png 768w, https:\/\/filologia.us.es\/wp-content\/uploads\/2024\/01\/Diagrama_del_GLMLC-685x274.png 685w, https:\/\/filologia.us.es\/wp-content\/uploads\/2024\/01\/Diagrama_del_GLMLC-1024x410.png 1024w\" sizes=\"(max-width: 2002px) 100vw, 2002px\" \/><\/a><\/h3>\r\n<p><strong>POSIBILIDADES DE COMBINACI\u00d3N<\/strong><\/p>\r\n<ul>\r\n<li><strong>Maiorplus <\/strong>(a elegir entre 3)<strong> + M\u00f3dulo de Ampliaci\u00f3n <\/strong>(a elegir entre 6).<\/li>\r\n<li><strong>Maior <\/strong>(a elegir entre 3)<strong> + Minor <\/strong>(a elegir entre 9).<\/li>\r\n<li><strong>Doble Titulacio\u0301n<\/strong> Maior Plus en Lengua y Literatura Alemanas y Educacio\u0301n Primaria<\/li>\r\n<li><strong>Doble Titulacio\u0301n Internacional<\/strong> Maior Plus en Lengua y Literatura Alemanas (US) y Maior y Minor (Filologi\u0301a Hispa\u0301nica y Alemana) (Univ. de Erlangen y Saarland)<\/li>\r\n<\/ul>\r\n<p><strong>En adici\u00f3n al grado que elijas, la Facultad de Filolog\u00eda tambi\u00e9n te ofrece\u2026\u00a0 <\/strong><strong>MOVILIDAD NACIONAL E INTERNACIONAL<\/strong><\/p>\r\n<p>329 acuerdos de movilidad Erasmus + y convenios (EE. UU., Latinoam\u00e9rica, Asia y \u00c1frica). Tambi\u00e9n tiene movilidad SICUE (22 acuerdos con universidades nacionales y 61 plazas en 2023)<\/p>\r\n<p><strong>PR\u00c1CTICAS Y PLAN DE ACCI\u00d3N TUTORIAL<\/strong><\/p>\r\n<ul>\r\n<li>M\u00e1s de 400 acuerdos para las pr\u00e1cticas obligatorias<\/li>\r\n<li>M\u00e1s de 25 acciones anuales del Plan de Acci\u00f3n Tutorial (POAT)<\/li>\r\n<li>Cursos anuales de lengua rumana, china y polaca (en colaboraci\u00f3n con sus pa\u00edses)<\/li>\r\n<li>Cursos de preparaci\u00f3n para la movilidad Erasmus<\/li>\r\n<li>Actividades culturales (conferencias, conciertos, actos\u2026)<\/li>\r\n<\/ul>\r\n<p><strong>INSTALACIONES DE LA FACULTAD DE FILOLOG\u00cdA<\/strong><\/p>\r\n<ul>\r\n<li>Laboratorio de Fon\u00e9tica y Ciencias del habla<\/li>\r\n<li>Laboratorio de Idiomas<\/li>\r\n<li>Centro APLA (Aprendizaje Ling\u00fc\u00edstico Aut\u00f3nomo de Segundas Lenguas): T\u00e1ndem y asesoramiento ling\u00fc\u00edstico<\/li>\r\n<li>Lectorados de Alem\u00e1n (DAAD),Chino\u00a0(Shanghai\u00a0International\u00a0Studies\u00a0University),\u00a0Ingl\u00e9s (Universidades de\u00a0Indiana,\u00a0North Carolina at\u00a0Chapell\u00a0Hill,\u00a0Ohio),\u00a0Portugu\u00e9s (Instituto\u00a0Cam\u00f5es)\u00a0y\u00a0Rumano\u00a0(Instituto de la Lengua Rumana).<\/li>\r\n<li>Sala de Inform\u00e1tica<\/li>\r\n<li>Aula Magna<\/li>\r\n<li>Aulas y seminarios equipados para la docencia presencial y remota<\/li>\r\n<li>Sala de reuniones para profesorado, estudiantes y personal de administraci\u00f3n<\/li>\r\n<li>Sede de la C\u00e1tedra de Difusi\u00f3n de la Investigaci\u00f3n y Divulgaci\u00f3n Cient\u00edfica de Andaluc\u00eda (Directora: Prof. Lola Pons Rodr\u00edguez)<\/li>\r\n<li>Comedor compartido<\/li>\r\n<\/ul>\r\n\r\n<p>&nbsp;<\/p>\r\n","protected":false},"excerpt":{"rendered":"<p>QUE\u0301 NECESITO PARA ACCEDER En primer lugar, acreditar los requisitos de ACCESO a la universidad y, en segundo lugar, ser admitido al Grado a trave\u0301s del procedimiento de ADMISIO\u0301N del Distrito U\u0301nico Andaluz. ACCESO. Demostrar haber superado o estar en posesi\u00f3n de: Prueba de acceso (PEvAU), Ti\u0301tulo de Ciclo Formativo de Grado Superior, Ti\u0301tulo de &hellip; <a href=\"https:\/\/filologia.us.es\/?page_id=20548\" class=\"more-link\">Continue reading <span class=\"screen-reader-text\">Grado en Lenguas Modernas, Literaturas y Culturas<\/span> <span class=\"meta-nav\">&raquo;<\/span><\/a><\/p>\n","protected":false},"author":9,"featured_media":0,"parent":0,"menu_order":69,"comment_status":"closed","ping_status":"closed","template":"","meta":{"_acf_changed":false,"footnotes":""},"acf":[],"_links":{"self":[{"href":"https:\/\/filologia.us.es\/index.php?rest_route=\/wp\/v2\/pages\/20548"}],"collection":[{"href":"https:\/\/filologia.us.es\/index.php?rest_route=\/wp\/v2\/pages"}],"about":[{"href":"https:\/\/filologia.us.es\/index.php?rest_route=\/wp\/v2\/types\/page"}],"author":[{"embeddable":true,"href":"https:\/\/filologia.us.es\/index.php?rest_route=\/wp\/v2\/users\/9"}],"replies":[{"embeddable":true,"href":"https:\/\/filologia.us.es\/index.php?rest_route=%2Fwp%2Fv2%2Fcomments&post=20548"}],"version-history":[{"count":2,"href":"https:\/\/filologia.us.es\/index.php?rest_route=\/wp\/v2\/pages\/20548\/revisions"}],"predecessor-version":[{"id":21256,"href":"https:\/\/filologia.us.es\/index.php?rest_route=\/wp\/v2\/pages\/20548\/revisions\/21256"}],"wp:attachment":[{"href":"https:\/\/filologia.us.es\/index.php?rest_route=%2Fwp%2Fv2%2Fmedia&parent=20548"}],"curies":[{"name":"wp","href":"https:\/\/api.w.org\/{rel}","templated":true}]}}