{"id":2043,"date":"2016-07-08T16:03:10","date_gmt":"2016-07-08T16:03:10","guid":{"rendered":"http:\/\/filologia.us.es\/?page_id=2043"},"modified":"2016-07-28T18:45:14","modified_gmt":"2016-07-28T18:45:14","slug":"doctorados","status":"publish","type":"page","link":"https:\/\/filologia.us.es\/?page_id=2043","title":{"rendered":"Doctorado en Estudios Filol\u00f3gicos"},"content":{"rendered":"<p>El programa de especializaci\u00f3n m\u00e1s alta de la Facultad de Filolog\u00eda es el Doctorado en Estudios Filol\u00f3gicos.\u00a0 Para acceder a \u00e9l, seg\u00fan art. 6 del Real Decreto 99\/2011 (<a href=\"https:\/\/www.boe.es\/buscar\/doc.php?id=BOE-A-2011-2541\">BOE de 10 de febrero de 2011<\/a>) de manera general \u00abser\u00e1 necesario estar en posesi\u00f3n de los t\u00edtulos oficiales espa\u00f1oles de Grado, o equivalente, y de M\u00e1ster Universitario\u00bb (l\u00e9ase la normativa para otros casos).<\/p>\n<p>El programa ofrece ofrece diez l\u00edneas de investigaci\u00f3n. Cuenta con profesores altamente cualificados para ejercer la tarea de directores y tutores de tesis doctorales. El programa est\u00e1 ya s\u00f3lidamente implantado a nivel nacional e internacional. Los doctorandos reciben a lo largo de los tres a\u00f1os del ciclo doctoral una amplia formaci\u00f3n en los m\u00e9todos y contenidos de la investigaci\u00f3n filol\u00f3gica.<\/p>\n<p>Accede a la p\u00e1gina del Doctorado:\u00a0 <a href=\"http:\/\/institucional.us.es\/docfilologia\/\">Estudios Filol\u00f3gicos.<\/a><\/p>\n","protected":false},"excerpt":{"rendered":"<p>El programa de especializaci\u00f3n m\u00e1s alta de la Facultad de Filolog\u00eda es el Doctorado en Estudios Filol\u00f3gicos.\u00a0 Para acceder a \u00e9l, seg\u00fan art. 6 del Real Decreto 99\/2011 (BOE de 10 de febrero de 2011) de manera general \u00abser\u00e1 necesario estar en posesi\u00f3n de los t\u00edtulos oficiales espa\u00f1oles de Grado, o equivalente, y de M\u00e1ster &hellip; <a href=\"https:\/\/filologia.us.es\/?page_id=2043\" class=\"more-link\">Continue reading <span class=\"screen-reader-text\">Doctorado en Estudios Filol\u00f3gicos<\/span> <span class=\"meta-nav\">&raquo;<\/span><\/a><\/p>\n","protected":false},"author":10,"featured_media":2066,"parent":0,"menu_order":80,"comment_status":"closed","ping_status":"closed","template":"","meta":{"_acf_changed":false,"footnotes":""},"acf":[],"_links":{"self":[{"href":"https:\/\/filologia.us.es\/index.php?rest_route=\/wp\/v2\/pages\/2043"}],"collection":[{"href":"https:\/\/filologia.us.es\/index.php?rest_route=\/wp\/v2\/pages"}],"about":[{"href":"https:\/\/filologia.us.es\/index.php?rest_route=\/wp\/v2\/types\/page"}],"author":[{"embeddable":true,"href":"https:\/\/filologia.us.es\/index.php?rest_route=\/wp\/v2\/users\/10"}],"replies":[{"embeddable":true,"href":"https:\/\/filologia.us.es\/index.php?rest_route=%2Fwp%2Fv2%2Fcomments&post=2043"}],"version-history":[{"count":0,"href":"https:\/\/filologia.us.es\/index.php?rest_route=\/wp\/v2\/pages\/2043\/revisions"}],"wp:featuredmedia":[{"embeddable":true,"href":"https:\/\/filologia.us.es\/index.php?rest_route=\/wp\/v2\/media\/2066"}],"wp:attachment":[{"href":"https:\/\/filologia.us.es\/index.php?rest_route=%2Fwp%2Fv2%2Fmedia&parent=2043"}],"curies":[{"name":"wp","href":"https:\/\/api.w.org\/{rel}","templated":true}]}}