{"id":2039,"date":"2016-07-08T15:10:24","date_gmt":"2016-07-08T15:10:24","guid":{"rendered":"http:\/\/filologia.us.es\/?page_id=2039"},"modified":"2022-05-27T12:59:27","modified_gmt":"2022-05-27T10:59:27","slug":"masteres","status":"publish","type":"page","link":"https:\/\/filologia.us.es\/?page_id=2039","title":{"rendered":"M\u00e1steres"},"content":{"rendered":"<h3>Los estudios de M\u00e1ster<\/h3>\n<ul>\n<li>Puedes obtener informaci\u00f3n completa sobre M\u00e1steres Universitarios Oficiales de la Universidad de Sevilla en:\u00a0<a href=\"https:\/\/www.us.es\/estudiar\/que-estudiar\/oferta-de-masteres\">http:\/\/www.us.es\/estudios\/master\/index.html<\/a><\/li>\n<li>Accede a los M\u00e1steres Universitarios de la Facultad: <a href=\"http:\/\/filologia.us.es\/master-universitario\">http:\/\/filologia.us.es\/master-universitario<\/a>.<\/li>\n<\/ul>\n","protected":false},"excerpt":{"rendered":"<p>Los estudios de M\u00e1ster Puedes obtener informaci\u00f3n completa sobre M\u00e1steres Universitarios Oficiales de la Universidad de Sevilla en:\u00a0http:\/\/www.us.es\/estudios\/master\/index.html Accede a los M\u00e1steres Universitarios de la Facultad: http:\/\/filologia.us.es\/master-universitario.<\/p>\n","protected":false},"author":10,"featured_media":0,"parent":0,"menu_order":79,"comment_status":"closed","ping_status":"closed","template":"page-templates_siff\/page-listado_masteres.php","meta":{"_acf_changed":false,"footnotes":""},"acf":[],"_links":{"self":[{"href":"https:\/\/filologia.us.es\/index.php?rest_route=\/wp\/v2\/pages\/2039"}],"collection":[{"href":"https:\/\/filologia.us.es\/index.php?rest_route=\/wp\/v2\/pages"}],"about":[{"href":"https:\/\/filologia.us.es\/index.php?rest_route=\/wp\/v2\/types\/page"}],"author":[{"embeddable":true,"href":"https:\/\/filologia.us.es\/index.php?rest_route=\/wp\/v2\/users\/10"}],"replies":[{"embeddable":true,"href":"https:\/\/filologia.us.es\/index.php?rest_route=%2Fwp%2Fv2%2Fcomments&post=2039"}],"version-history":[{"count":1,"href":"https:\/\/filologia.us.es\/index.php?rest_route=\/wp\/v2\/pages\/2039\/revisions"}],"predecessor-version":[{"id":17789,"href":"https:\/\/filologia.us.es\/index.php?rest_route=\/wp\/v2\/pages\/2039\/revisions\/17789"}],"wp:attachment":[{"href":"https:\/\/filologia.us.es\/index.php?rest_route=%2Fwp%2Fv2%2Fmedia&parent=2039"}],"curies":[{"name":"wp","href":"https:\/\/api.w.org\/{rel}","templated":true}]}}