{"id":1914,"date":"2016-07-01T09:58:02","date_gmt":"2016-07-01T09:58:02","guid":{"rendered":"http:\/\/filologia.us.es\/?page_id=1914"},"modified":"2026-04-27T13:48:54","modified_gmt":"2026-04-27T11:48:54","slug":"estudiantes-salientes-outgoing-students","status":"publish","type":"page","link":"https:\/\/filologia.us.es\/movilidad-nacional-e-internacional\/estudiantes-salientes-outgoing-students\/","title":{"rendered":"Estudiantes Salientes \/ Outgoing Students"},"content":{"rendered":"<div><img loading=\"lazy\" decoding=\"async\" src=\"http:\/\/filologia.us.es\/wp-content\/uploads\/2019\/09\/EE57CksWsAAs7H1.jpg\" width=\"111\" height=\"111\" \/> Consulta <a href=\"https:\/\/filologia.us.es\/wp-content\/uploads\/2026\/04\/PPP-SI-ES-26_27_def.pptx\">aqu\u00ed<\/a> la presentaci\u00f3n de la reuni\u00f3n informativa para titulares<\/div>\n<p><a href=\"https:\/\/filologia.us.es\/wp-content\/uploads\/2025\/04\/Infografia-Erasmus-Salientes.pdf\">Informaci\u00f3n esquematizada para Erasmus Salientes<\/a><\/p>\n","protected":false},"excerpt":{"rendered":"<p>Consulta aqu\u00ed la presentaci\u00f3n de la reuni\u00f3n informativa para titulares Informaci\u00f3n esquematizada para Erasmus Salientes<\/p>\n","protected":false},"author":9,"featured_media":0,"parent":174,"menu_order":82,"comment_status":"closed","ping_status":"closed","template":"page-templates_siff\/page-movilidad_nacional_internacional_child.php","meta":{"_acf_changed":false,"footnotes":""},"acf":[],"_links":{"self":[{"href":"https:\/\/filologia.us.es\/wp-json\/wp\/v2\/pages\/1914"}],"collection":[{"href":"https:\/\/filologia.us.es\/wp-json\/wp\/v2\/pages"}],"about":[{"href":"https:\/\/filologia.us.es\/wp-json\/wp\/v2\/types\/page"}],"author":[{"embeddable":true,"href":"https:\/\/filologia.us.es\/wp-json\/wp\/v2\/users\/9"}],"replies":[{"embeddable":true,"href":"https:\/\/filologia.us.es\/wp-json\/wp\/v2\/comments?post=1914"}],"version-history":[{"count":4,"href":"https:\/\/filologia.us.es\/wp-json\/wp\/v2\/pages\/1914\/revisions"}],"predecessor-version":[{"id":23898,"href":"https:\/\/filologia.us.es\/wp-json\/wp\/v2\/pages\/1914\/revisions\/23898"}],"up":[{"embeddable":true,"href":"https:\/\/filologia.us.es\/wp-json\/wp\/v2\/pages\/174"}],"wp:attachment":[{"href":"https:\/\/filologia.us.es\/wp-json\/wp\/v2\/media?parent=1914"}],"curies":[{"name":"wp","href":"https:\/\/api.w.org\/{rel}","templated":true}]}}