{"id":19047,"date":"2022-11-14T11:06:02","date_gmt":"2022-11-14T10:06:02","guid":{"rendered":"http:\/\/filologia.us.es\/?page_id=19047"},"modified":"2022-11-14T13:19:19","modified_gmt":"2022-11-14T12:19:19","slug":"red-de-referentes-para-la-convivencia-y-buen-trato-de-la-universidad-de-sevilla","status":"publish","type":"page","link":"https:\/\/filologia.us.es\/?page_id=19047","title":{"rendered":"Red de Referentes para la Convivencia y Buen Trato de la Universidad de Sevilla"},"content":{"rendered":"\n<img decoding=\"async\" src=\"http:\/\/filologia.us.es\/wp-content\/uploads\/logos\/logo filologia_400x400.jpg\" width=\"90\">\n<p><\/p>\n<p>La <b><a href=\"https:\/\/igualdad.us.es\/?page_id=2014\" target=\"_blank\" rel=\"noopener noreferrer\">Red de Referentes para la Convivencia y Buen Trato de la Universidad de Sevilla<\/a><\/b> es un organismo patrocinado por el Vicerrectorado de Asuntos Sociales y Comunitarios, que se ha constituido por personas referentes de cada centro universitario, tras una formaci\u00f3n de m\u00e1s de cien horas, en materias de mediaci\u00f3n de conflictos y cualquier tipo de violencia. La finalidad esencial de la Red es la de derivar con profesionalidad los conflictos interpersonales a los servicios especializados de la Universidad de Sevilla.<\/p>\n<p>Las personas referentes de la Facultad de Filolog\u00eda en la Red son:\n<ul><li> <b>Cristina Mart\u00ednez Fraile<\/b> (PDI):<\/p>\n<ul>\n<li>Correo electr\u00f3nico: <a href=\"mailto:cmartinez@us.es\">cmartinez@us.es<\/a><\/li> \n<li>Departamento: Filolog\u00eda Alemana<\/li>\n<li>Tel\u00e9fono: 954 5 51578<\/li>\n<li>Lugar: Despacho Dpto. Filolog\u00eda Alemana (<a href=\"https:\/\/filologia.us.es\/wp-content\/themes\/wp-forge\/_siff\/assets\/images\/plano-planta-alta.jpg\" target=\"_blank\" rel=\"noopener noreferrer\">EA-U17<\/a>)<\/li>\n<\/ul><\/li>\n<li> <b>Carmen Rodr\u00edguez Vileya<\/b> (PAS):<\/p>\n<ul>\n<li>Correo electr\u00f3nico: <a href=\"mailto:crodriguez3@us.es\">crodriguez3@us.es<\/a><\/li> \n<li>Tel\u00e9fono: 954 5 51490<\/li>\n<li>Lugar: Conserjer\u00eda de la Facultad<\/li>\n<\/ul><\/li><\/ul>\n<p>Cualquier escrito o correo electr\u00f3nico remitido a las personas referentes estar\u00e1 bajo la m\u00e1s estricta confidencialidad, seg\u00fan la Ley de Protecci\u00f3n de Datos.<\/p>\n","protected":false},"excerpt":{"rendered":"<p>La Red de Referentes para la Convivencia y Buen Trato de la Universidad de Sevilla es un organismo patrocinado por el Vicerrectorado de Asuntos Sociales y Comunitarios, que se ha constituido por personas referentes de cada centro universitario, tras una formaci\u00f3n de m\u00e1s de cien horas, en materias de mediaci\u00f3n de conflictos y cualquier tipo &hellip; <a href=\"https:\/\/filologia.us.es\/?page_id=19047\" class=\"more-link\">Continue reading <span class=\"screen-reader-text\">Red de Referentes para la Convivencia y Buen Trato de la Universidad de Sevilla<\/span> <span class=\"meta-nav\">&raquo;<\/span><\/a><\/p>\n","protected":false},"author":10,"featured_media":0,"parent":0,"menu_order":14,"comment_status":"closed","ping_status":"closed","template":"page-templates_siff\/page-sidebar_tertiary.php","meta":{"_acf_changed":false,"footnotes":""},"acf":[],"_links":{"self":[{"href":"https:\/\/filologia.us.es\/index.php?rest_route=\/wp\/v2\/pages\/19047"}],"collection":[{"href":"https:\/\/filologia.us.es\/index.php?rest_route=\/wp\/v2\/pages"}],"about":[{"href":"https:\/\/filologia.us.es\/index.php?rest_route=\/wp\/v2\/types\/page"}],"author":[{"embeddable":true,"href":"https:\/\/filologia.us.es\/index.php?rest_route=\/wp\/v2\/users\/10"}],"replies":[{"embeddable":true,"href":"https:\/\/filologia.us.es\/index.php?rest_route=%2Fwp%2Fv2%2Fcomments&post=19047"}],"version-history":[{"count":1,"href":"https:\/\/filologia.us.es\/index.php?rest_route=\/wp\/v2\/pages\/19047\/revisions"}],"predecessor-version":[{"id":19067,"href":"https:\/\/filologia.us.es\/index.php?rest_route=\/wp\/v2\/pages\/19047\/revisions\/19067"}],"wp:attachment":[{"href":"https:\/\/filologia.us.es\/index.php?rest_route=%2Fwp%2Fv2%2Fmedia&parent=19047"}],"curies":[{"name":"wp","href":"https:\/\/api.w.org\/{rel}","templated":true}]}}