{"id":1872,"date":"2016-06-26T17:34:13","date_gmt":"2016-06-26T17:34:13","guid":{"rendered":"http:\/\/filologia.us.es\/?page_id=1872"},"modified":"2026-03-10T11:51:32","modified_gmt":"2026-03-10T10:51:32","slug":"mellc","status":"publish","type":"page","link":"https:\/\/filologia.us.es\/?page_id=1872","title":{"rendered":"MELLC"},"content":{"rendered":"<h3>Informaci\u00f3n espec\u00edfica del M\u00e1ster Universitario en Estudios Ling\u00fc\u00edsticos, Literarios y Culturales (MELLC)<\/h3>\n<p>El M\u00e1ster Universitario en Estudios Ling\u00fc\u00edsticos, Literarios y Culturales (MELLC) es un programa de un a\u00f1o (60 cr\u00e9ditos) que puede cursarse en espa\u00f1ol o \u00edntegramente en ingl\u00e9s. El MELLC ofrece al alumno la posibilidad de una alta formaci\u00f3n te\u00f3rica y metodol\u00f3gica en las siguientes \u00e1reas:<\/p>\n<ul>\n<li>la lengua y la comunicaci\u00f3n<\/li>\n<li>la literatura, la cultura y su difusi\u00f3n a trav\u00e9s de diversos soportes de informaci\u00f3n<\/li>\n<li>el lenguaje, su recepci\u00f3n y sus funciones en la sociedad<\/li>\n<\/ul>\n<p>De este modo, el MELLC le permitir\u00e1 a los estudiantes el acceso a la investigaci\u00f3n y a los estudios de doctorado. Al mismo tiempo, el MELLC se presenta como un m\u00e1ster que capacita para actuar en \u00e1mbitos laborales m\u00e1s all\u00e1 de la ense\u00f1anza y de la investigaci\u00f3n puramente ling\u00fc\u00edstica y literaria. En tal sentido, es un m\u00e1ster que abre al egresado un abanico de salidas laborales nuevas aunque basadas en el adiestramiento que proporcionan disciplinas y t\u00e9cnicas propias de o \u00edntimamente relacionadas con los estudios filol\u00f3gicos. En otras palabras, el MELLC supone una propuesta con perfil mixto investigador-profesionalizante que capacita plenamente para el acceso a los estudios de doctorado al tiempo que incluye numerosos contenidos orientados a los diversos escenarios profesionalizantes que guardan relaci\u00f3n con la materia filol\u00f3gica.<\/p>\n<p>Los contenidos del MELLC se caracterizan por su naturaleza transversal en diferentes \u00e1mbitos de los estudios ling\u00fc\u00edsticos, literarios y culturales incluyendo un amplio n\u00famero de lenguas, al tiempo que proporciona un enfoque y una metodolog\u00eda especializada, con el objeto \u00faltimo de ampliar y profundizar en aspectos y en materias introducidas en los distintos estudios de grado en humanidades con una finalidad eminentemente pr\u00e1ctica y aplicada.<\/p>\n<blockquote><p><strong>En esta p\u00e1gina se incluye informaci\u00f3n acad\u00e9mica sobre este M\u00e1ster<\/strong><br \/>\nSi necesita ayuda o informaci\u00f3n para resolver <strong>asuntos administrativos<\/strong>, puede dirigirse a la p\u00e1gina de la Unidad Acceso M\u00e1ster Universitario a trav\u00e9s del correo accesomaster@us.es o la Secretar\u00eda de la Facultad de Filolog\u00eda en el correo filologia@us.es.<\/p>\n<p>Si su inter\u00e9s es obtener <strong>informaci\u00f3n general<\/strong> sobre los t\u00edtulos de M\u00e1ster (plazos de solicitud, documentaci\u00f3n necesaria para alumnos extranjeros, acceso al <a href=\"https:\/\/www.juntadeandalucia.es\/economiaconocimientoempresasyuniversidad\/sguit\/?q=masteres\">Distrito \u00danico Andaluz<\/a> para la gesti\u00f3n de la matr\u00edcula, etc.), puede acceder a ella a trav\u00e9s de la p\u00e1gina de <a href=\"http:\/\/filologia.us.es\/master-universitario\/\">Informaci\u00f3n com\u00fan para los M\u00e1steres de la Facultad de Filolog\u00eda<\/a>.<\/p>\n<p>&nbsp;<\/p><\/blockquote>\n","protected":false},"excerpt":{"rendered":"<p>Informaci\u00f3n espec\u00edfica del M\u00e1ster Universitario en Estudios Ling\u00fc\u00edsticos, Literarios y Culturales (MELLC) El M\u00e1ster Universitario en Estudios Ling\u00fc\u00edsticos, Literarios y Culturales (MELLC) es un programa de un a\u00f1o (60 cr\u00e9ditos) que puede cursarse en espa\u00f1ol o \u00edntegramente en ingl\u00e9s. El MELLC ofrece al alumno la posibilidad de una alta formaci\u00f3n te\u00f3rica y metodol\u00f3gica en las &hellip; <a href=\"https:\/\/filologia.us.es\/?page_id=1872\" class=\"more-link\">Continue reading <span class=\"screen-reader-text\">MELLC<\/span> <span class=\"meta-nav\">&raquo;<\/span><\/a><\/p>\n","protected":false},"author":9,"featured_media":2296,"parent":168,"menu_order":88,"comment_status":"closed","ping_status":"closed","template":"page-templates_siff\/page-listado_masteres.php","meta":{"_acf_changed":false,"footnotes":""},"acf":[],"_links":{"self":[{"href":"https:\/\/filologia.us.es\/index.php?rest_route=\/wp\/v2\/pages\/1872"}],"collection":[{"href":"https:\/\/filologia.us.es\/index.php?rest_route=\/wp\/v2\/pages"}],"about":[{"href":"https:\/\/filologia.us.es\/index.php?rest_route=\/wp\/v2\/types\/page"}],"author":[{"embeddable":true,"href":"https:\/\/filologia.us.es\/index.php?rest_route=\/wp\/v2\/users\/9"}],"replies":[{"embeddable":true,"href":"https:\/\/filologia.us.es\/index.php?rest_route=%2Fwp%2Fv2%2Fcomments&post=1872"}],"version-history":[{"count":3,"href":"https:\/\/filologia.us.es\/index.php?rest_route=\/wp\/v2\/pages\/1872\/revisions"}],"predecessor-version":[{"id":23778,"href":"https:\/\/filologia.us.es\/index.php?rest_route=\/wp\/v2\/pages\/1872\/revisions\/23778"}],"up":[{"embeddable":true,"href":"https:\/\/filologia.us.es\/index.php?rest_route=\/wp\/v2\/pages\/168"}],"wp:featuredmedia":[{"embeddable":true,"href":"https:\/\/filologia.us.es\/index.php?rest_route=\/wp\/v2\/media\/2296"}],"wp:attachment":[{"href":"https:\/\/filologia.us.es\/index.php?rest_route=%2Fwp%2Fv2%2Fmedia&parent=1872"}],"curies":[{"name":"wp","href":"https:\/\/api.w.org\/{rel}","templated":true}]}}