{"id":1869,"date":"2016-06-26T17:28:31","date_gmt":"2016-06-26T17:28:31","guid":{"rendered":"http:\/\/filologia.us.es\/?page_id=1869"},"modified":"2026-02-24T14:40:38","modified_gmt":"2026-02-24T13:40:38","slug":"maehs-maes","status":"publish","type":"page","link":"https:\/\/filologia.us.es\/?page_id=1869","title":{"rendered":"MEHS + MAES"},"content":{"rendered":"<h3>Informaci\u00f3n espec\u00edfica del doble M\u00e1ster Universitario en Estudios Hisp\u00e1nicos Superiores y en Ense\u00f1anza Secundaria (MEHS + MAES)<\/h3>\n","protected":false},"excerpt":{"rendered":"<p>Informaci\u00f3n espec\u00edfica del doble M\u00e1ster Universitario en Estudios Hisp\u00e1nicos Superiores y en Ense\u00f1anza Secundaria (MEHS + MAES)<\/p>\n","protected":false},"author":10,"featured_media":2295,"parent":168,"menu_order":85,"comment_status":"closed","ping_status":"closed","template":"page-templates_siff\/page-listado_masteres.php","meta":{"_acf_changed":false,"footnotes":""},"acf":[],"_links":{"self":[{"href":"https:\/\/filologia.us.es\/index.php?rest_route=\/wp\/v2\/pages\/1869"}],"collection":[{"href":"https:\/\/filologia.us.es\/index.php?rest_route=\/wp\/v2\/pages"}],"about":[{"href":"https:\/\/filologia.us.es\/index.php?rest_route=\/wp\/v2\/types\/page"}],"author":[{"embeddable":true,"href":"https:\/\/filologia.us.es\/index.php?rest_route=\/wp\/v2\/users\/10"}],"replies":[{"embeddable":true,"href":"https:\/\/filologia.us.es\/index.php?rest_route=%2Fwp%2Fv2%2Fcomments&post=1869"}],"version-history":[{"count":2,"href":"https:\/\/filologia.us.es\/index.php?rest_route=\/wp\/v2\/pages\/1869\/revisions"}],"predecessor-version":[{"id":23683,"href":"https:\/\/filologia.us.es\/index.php?rest_route=\/wp\/v2\/pages\/1869\/revisions\/23683"}],"up":[{"embeddable":true,"href":"https:\/\/filologia.us.es\/index.php?rest_route=\/wp\/v2\/pages\/168"}],"wp:featuredmedia":[{"embeddable":true,"href":"https:\/\/filologia.us.es\/index.php?rest_route=\/wp\/v2\/media\/2295"}],"wp:attachment":[{"href":"https:\/\/filologia.us.es\/index.php?rest_route=%2Fwp%2Fv2%2Fmedia&parent=1869"}],"curies":[{"name":"wp","href":"https:\/\/api.w.org\/{rel}","templated":true}]}}