{"id":18666,"date":"2022-09-06T13:46:09","date_gmt":"2022-09-06T11:46:09","guid":{"rendered":"http:\/\/filologia.us.es\/?page_id=18666"},"modified":"2025-09-10T18:43:39","modified_gmt":"2025-09-10T16:43:39","slug":"programa-de-mentoria","status":"publish","type":"page","link":"https:\/\/filologia.us.es\/programa-de-mentoria\/","title":{"rendered":"Programa de Mentor\u00eda"},"content":{"rendered":"\r\n<p><strong>\u00a0 \u00a0 \u00a0 \u00a0 \u00a0 <img loading=\"lazy\" decoding=\"async\" class=\"alignnone  wp-image-18667\" src=\"http:\/\/filologia.us.es\/wp-content\/uploads\/2022\/09\/logo-us.jpg\" alt=\"\" width=\"110\" height=\"103\" \/>\u00a0 \u00a0 \u00a0\u00a0<\/strong>\u00a0 \u00a0 \u00a0 \u00a0 \u00a0 <img loading=\"lazy\" decoding=\"async\" class=\"alignnone  wp-image-18668\" src=\"http:\/\/filologia.us.es\/wp-content\/uploads\/2022\/09\/logo-accion-tutorial.jpg\" alt=\"\" width=\"163\" height=\"72\" \/>\u00a0 \u00a0 \u00a0 \u00a0 \u00a0 \u00a0 \u00a0 \u00a0 \u00a0 \u00a0 \u00a0 \u00a0 <img loading=\"lazy\" decoding=\"async\" class=\"alignnone  wp-image-18669\" src=\"http:\/\/filologia.us.es\/wp-content\/uploads\/2022\/09\/logo-filologia.jpg\" alt=\"\" width=\"109\" height=\"103\" \/><\/p>\r\n<p><a href=\"http:\/\/filologia.us.es\/wp-content\/uploads\/2023\/05\/Plan-de-orientaci%C3%B3n-y-acci%C3%B3n-tutorial-2023-24.pdf\"><strong>PLAN DE ORIENTACI\u00d3N Y ACCI\u00d3N TUTORIAL<\/strong><\/a><strong><u><br \/><\/u><\/strong><strong>PROGRAMA DE MENTOR\u00cdA DE LA FACULTAD DE FILOLOG\u00cdA<\/strong><\/p>\r\n<p>El Programa de Mentor\u00eda ofrece a los estudiantes de nuevo ingreso tutor\u00edas individuales y grupales con el fin de orientar y guiar sobre:<\/p>\r\n<ul>\r\n<li>cuestiones de inter\u00e9s general como son el conocimiento y uso de recursos que ofrece la Universidad, la estructura y desarrollo de los Planes de Estudios, la organizaci\u00f3n del Centro y sus infraestructuras, etc.;<\/li>\r\n<li>y en cuestiones de car\u00e1cter m\u00e1s particular centradas en el \u00e9xito o fracaso de cada estudiante en su experiencia de aprendizaje.<\/li>\r\n<\/ul>\r\n","protected":false},"excerpt":{"rendered":"<p>\u00a0 \u00a0 \u00a0 \u00a0 \u00a0 \u00a0 \u00a0 \u00a0\u00a0\u00a0 \u00a0 \u00a0 \u00a0 \u00a0 \u00a0 \u00a0 \u00a0 \u00a0 \u00a0 \u00a0 \u00a0 \u00a0 \u00a0 \u00a0 \u00a0 \u00a0 PLAN DE ORIENTACI\u00d3N Y ACCI\u00d3N TUTORIALPROGRAMA DE MENTOR\u00cdA DE LA FACULTAD DE FILOLOG\u00cdA El Programa de Mentor\u00eda ofrece a los estudiantes de nuevo ingreso tutor\u00edas individuales y grupales con el fin &hellip; <a href=\"https:\/\/filologia.us.es\/programa-de-mentoria\/\" class=\"more-link\">Continue reading <span class=\"screen-reader-text\">Programa de Mentor\u00eda<\/span> <span class=\"meta-nav\">&raquo;<\/span><\/a><\/p>\n","protected":false},"author":10,"featured_media":0,"parent":0,"menu_order":15,"comment_status":"closed","ping_status":"closed","template":"","meta":{"_acf_changed":false,"footnotes":""},"acf":[],"_links":{"self":[{"href":"https:\/\/filologia.us.es\/wp-json\/wp\/v2\/pages\/18666"}],"collection":[{"href":"https:\/\/filologia.us.es\/wp-json\/wp\/v2\/pages"}],"about":[{"href":"https:\/\/filologia.us.es\/wp-json\/wp\/v2\/types\/page"}],"author":[{"embeddable":true,"href":"https:\/\/filologia.us.es\/wp-json\/wp\/v2\/users\/10"}],"replies":[{"embeddable":true,"href":"https:\/\/filologia.us.es\/wp-json\/wp\/v2\/comments?post=18666"}],"version-history":[{"count":2,"href":"https:\/\/filologia.us.es\/wp-json\/wp\/v2\/pages\/18666\/revisions"}],"predecessor-version":[{"id":22826,"href":"https:\/\/filologia.us.es\/wp-json\/wp\/v2\/pages\/18666\/revisions\/22826"}],"wp:attachment":[{"href":"https:\/\/filologia.us.es\/wp-json\/wp\/v2\/media?parent=18666"}],"curies":[{"name":"wp","href":"https:\/\/api.w.org\/{rel}","templated":true}]}}