{"id":1859,"date":"2016-06-26T10:02:06","date_gmt":"2016-06-26T10:02:06","guid":{"rendered":"http:\/\/filologia.us.es\/?page_id=1859"},"modified":"2026-04-21T09:50:06","modified_gmt":"2026-04-21T07:50:06","slug":"maehs","status":"publish","type":"page","link":"https:\/\/filologia.us.es\/?page_id=1859","title":{"rendered":"MEHS"},"content":{"rendered":"<div data-canvas-width=\"51.28475630252101\">\n<h3>Informaci\u00f3n espec\u00edfica del M\u00e1ster Universitario en Estudios Hisp\u00e1nicos Superiores (MEHS)<\/h3>\n<p>El M\u00e1ster Universitario de Estudios Hisp\u00e1nicos Superiores se plantea con un doble objetivo: formaci\u00f3n hacia la investigaci\u00f3n, constituyendo as\u00ed el requisito formativo necesario para el ingreso en un Programa de Doctorado, seg\u00fan la nueva normativa ministerial, con vistas a la realizaci\u00f3n de Tesis Doctoral; y profundizaci\u00f3n en los conocimientos del alumnado que vaya a desarrollar otras actividades profesionales dentro del \u00e1mbito de la Lengua Espa\u00f1ola y las Literaturas hisp\u00e1nicas. En general, la finalidad del M\u00e1ster ser\u00e1 la adquisici\u00f3n por parte del alumnado de una formaci\u00f3n avanzada, de car\u00e1cter especializado, orientada a la especializaci\u00f3n acad\u00e9mica y a promover la iniciaci\u00f3n en las tareas investigadoras.<\/p>\n<\/div>\n","protected":false},"excerpt":{"rendered":"<p>Informaci\u00f3n espec\u00edfica del M\u00e1ster Universitario en Estudios Hisp\u00e1nicos Superiores (MEHS) El M\u00e1ster Universitario de Estudios Hisp\u00e1nicos Superiores se plantea con un doble objetivo: formaci\u00f3n hacia la investigaci\u00f3n, constituyendo as\u00ed el requisito formativo necesario para el ingreso en un Programa de Doctorado, seg\u00fan la nueva normativa ministerial, con vistas a la realizaci\u00f3n de Tesis Doctoral; y &hellip; <a href=\"https:\/\/filologia.us.es\/?page_id=1859\" class=\"more-link\">Continue reading <span class=\"screen-reader-text\">MEHS<\/span> <span class=\"meta-nav\">&raquo;<\/span><\/a><\/p>\n","protected":false},"author":10,"featured_media":2294,"parent":168,"menu_order":83,"comment_status":"closed","ping_status":"closed","template":"page-templates_siff\/page-listado_masteres.php","meta":{"_acf_changed":false,"footnotes":""},"acf":[],"_links":{"self":[{"href":"https:\/\/filologia.us.es\/index.php?rest_route=\/wp\/v2\/pages\/1859"}],"collection":[{"href":"https:\/\/filologia.us.es\/index.php?rest_route=\/wp\/v2\/pages"}],"about":[{"href":"https:\/\/filologia.us.es\/index.php?rest_route=\/wp\/v2\/types\/page"}],"author":[{"embeddable":true,"href":"https:\/\/filologia.us.es\/index.php?rest_route=\/wp\/v2\/users\/10"}],"replies":[{"embeddable":true,"href":"https:\/\/filologia.us.es\/index.php?rest_route=%2Fwp%2Fv2%2Fcomments&post=1859"}],"version-history":[{"count":2,"href":"https:\/\/filologia.us.es\/index.php?rest_route=\/wp\/v2\/pages\/1859\/revisions"}],"predecessor-version":[{"id":23891,"href":"https:\/\/filologia.us.es\/index.php?rest_route=\/wp\/v2\/pages\/1859\/revisions\/23891"}],"up":[{"embeddable":true,"href":"https:\/\/filologia.us.es\/index.php?rest_route=\/wp\/v2\/pages\/168"}],"wp:featuredmedia":[{"embeddable":true,"href":"https:\/\/filologia.us.es\/index.php?rest_route=\/wp\/v2\/media\/2294"}],"wp:attachment":[{"href":"https:\/\/filologia.us.es\/index.php?rest_route=%2Fwp%2Fv2%2Fmedia&parent=1859"}],"curies":[{"name":"wp","href":"https:\/\/api.w.org\/{rel}","templated":true}]}}