{"id":17847,"date":"2022-06-19T13:25:45","date_gmt":"2022-06-19T11:25:45","guid":{"rendered":"http:\/\/filologia.us.es\/?page_id=17847"},"modified":"2023-03-12T09:44:52","modified_gmt":"2023-03-12T08:44:52","slug":"nebrija-en-america-lee-dario-villanueva","status":"publish","type":"page","link":"https:\/\/filologia.us.es\/nebrija-en-america-lee-dario-villanueva\/","title":{"rendered":"Lee: Dar\u00edo Villanueva"},"content":{"rendered":"<p><img loading=\"lazy\" decoding=\"async\" class=\"size-full wp-image-18434 aligncenter\" src=\"http:\/\/filologia.us.es\/wp-content\/uploads\/2022\/06\/DV.jpeg\" alt=\"\" width=\"2400\" height=\"1600\" srcset=\"https:\/\/filologia.us.es\/wp-content\/uploads\/2022\/06\/DV.jpeg 2400w, https:\/\/filologia.us.es\/wp-content\/uploads\/2022\/06\/DV-768x512.jpeg 768w, https:\/\/filologia.us.es\/wp-content\/uploads\/2022\/06\/DV-600x400.jpeg 600w, https:\/\/filologia.us.es\/wp-content\/uploads\/2022\/06\/DV-685x457.jpeg 685w, https:\/\/filologia.us.es\/wp-content\/uploads\/2022\/06\/DV-1024x683.jpeg 1024w\" sizes=\"(max-width: 2400px) 100vw, 2400px\" \/><\/p>\n<p><a href=\"https:\/\/www.rae.es\/academico\/dario-villanueva-prieto\">Dar\u00edo Villanueva<\/a> (Vilalba, Lugo, Espa\u00f1a), doctor en Filolog\u00eda Hisp\u00e1nica por la Universidad Aut\u00f3noma de Madrid. Desde 2008 es acad\u00e9mico de n\u00famero de la Real Academia Espa\u00f1ola, instituci\u00f3n que dirigi\u00f3 entre 2015 y 2019.<\/p>\n<p><strong>En este audio, escuchar\u00e1s a Dar\u00edo Villanueva leyendo el documento:<\/strong><\/p>\n<!--[if lt IE 9]><script>document.createElement('audio');<\/script><![endif]-->\n<audio class=\"wp-audio-shortcode\" id=\"audio-17847-1\" preload=\"none\" style=\"width: 100%;\" controls=\"controls\"><source type=\"audio\/mpeg\" src=\"http:\/\/filologia.us.es\/wp-content\/uploads\/2022\/06\/23_DV.mp3?_=1\" \/><a href=\"http:\/\/filologia.us.es\/wp-content\/uploads\/2022\/06\/23_DV.mp3\">http:\/\/filologia.us.es\/wp-content\/uploads\/2022\/06\/23_DV.mp3<\/a><\/audio>\n<p>\u00a0<\/p>\n<p><strong>Puedes acompa\u00f1ar la escucha leyendo la edici\u00f3n del texto:<\/strong><\/p>\n<p>Real c\u00e9dula por la que Sancho de Matienzo, tesorero de la Casa de la Contrataci\u00f3n, recibe la orden de comprar y enviar a la Isla de la Espa\u00f1ola 20 artes de gram\u00e1tica, 20 pares de escriban\u00edas, 20 manos de papel y 10 vol\u00famenes de evangelios y homil\u00edas.<\/p>\n<p>Doctor Sancho de Matienzo, nuestro tesorero de la Casa de la Contrataci\u00f3n de las Indias que resid\u00eds en la ciudad de Sevilla, yo vos mando que de cualesquier maraved\u00eds e oro de vuestro cargo compr\u00e9is veinte artes de gram\u00e1tica e veinte pares de escriban\u00edas e veinte manos de papel e diez vol\u00famenes de evangelios e homil\u00edas. E as\u00ed comprado lo dad y entregad al bachiller Su\u00e1rez que va por nuestro mandado a la Isla Espa\u00f1ola a mostrar gram\u00e1tica a los indios, hijos de caciques que tienen los frailes de san Francisco de la dicha isla como por el despacho que lleva ver\u00e9is, e tomad su carta de pago de c\u00f3mo los recibe; con la cual y con esta mi c\u00e9dula, siendo primero tomada la raz\u00f3n de ella en los libros de la dicha casa, mando que vos sean recibidos e pagados en cuenta los maraved\u00eds que lo susodicho montare e no hag\u00e1is en tal fecha.<\/p>\n<p>En el Monesterio de Abrojo, a XXII d\u00edas de abril de 1513.<\/p>\n<p>Yo, el rey, por mandado de su alteza Lope Conchillos. El rey.<\/p>\n<p><strong>Puedes descargar la edici\u00f3n <a href=\"http:\/\/filologia.us.es\/wp-content\/uploads\/2022\/06\/Dario-Villanueva.pdf\">aqu\u00ed<\/a>:<\/strong><\/p>\n<p>\u00a0<\/p>\n<div align=\"center\">\n<figure><a href=\"http:\/\/filologia.us.es\/nebrija-en-america\/\"><img class=\"aligncenter wp-image-18171\" style=\"text-align: center;\" \/><\/a><a href=\"https:\/\/filologia.us.es\/nebrija-en-america\/\"><img loading=\"lazy\" decoding=\"async\" class=\"aligncenter wp-image-18171\" src=\"http:\/\/filologia.us.es\/wp-content\/uploads\/2022\/06\/Nebrijacanoa-2.png\" alt=\"\" width=\"75\" height=\"81\" srcset=\"https:\/\/filologia.us.es\/wp-content\/uploads\/2022\/06\/Nebrijacanoa-2.png 694w, https:\/\/filologia.us.es\/wp-content\/uploads\/2022\/06\/Nebrijacanoa-2-600x646.png 600w, https:\/\/filologia.us.es\/wp-content\/uploads\/2022\/06\/Nebrijacanoa-2-685x737.png 685w\" sizes=\"(max-width: 75px) 100vw, 75px\" \/><\/a><\/figure>\n<\/div>\n<p style=\"text-align: center;\"><a href=\"https:\/\/filologia.us.es\/exposicion-nebrija-en-america-cadiz\/\">Nebrija en Am\u00e9rica (C\u00e1diz)<\/a><\/p>\n\n\n<p><\/p>\n\n\n<form role=\"search\" method=\"get\" action=\"https:\/\/filologia.us.es\/\" class=\"wp-block-search__button-outside wp-block-search__text-button wp-block-search\"    ><label class=\"wp-block-search__label\" for=\"wp-block-search__input-1\" >Buscar<\/label><div class=\"wp-block-search__inside-wrapper \" ><input class=\"wp-block-search__input\" id=\"wp-block-search__input-1\" placeholder=\"\" value=\"\" type=\"search\" name=\"s\" required \/><button aria-label=\"Buscar\" class=\"wp-block-search__button wp-element-button\" type=\"submit\" >Buscar<\/button><\/div><\/form>","protected":false},"excerpt":{"rendered":"<p>Dar\u00edo Villanueva (Vilalba, Lugo, Espa\u00f1a), doctor en Filolog\u00eda Hisp\u00e1nica por la Universidad Aut\u00f3noma de Madrid. Desde 2008 es acad\u00e9mico de n\u00famero de la Real Academia Espa\u00f1ola, instituci\u00f3n que dirigi\u00f3 entre 2015 y 2019. En este audio, escuchar\u00e1s a Dar\u00edo Villanueva leyendo el documento: \u00a0 Puedes acompa\u00f1ar la escucha leyendo la edici\u00f3n del texto: Real c\u00e9dula &hellip; <a href=\"https:\/\/filologia.us.es\/nebrija-en-america-lee-dario-villanueva\/\" class=\"more-link\">Continue reading <span class=\"screen-reader-text\">Lee: Dar\u00edo Villanueva<\/span> <span class=\"meta-nav\">&raquo;<\/span><\/a><\/p>\n","protected":false},"author":9,"featured_media":0,"parent":0,"menu_order":26,"comment_status":"closed","ping_status":"closed","template":"","meta":{"_acf_changed":false,"footnotes":""},"acf":[],"_links":{"self":[{"href":"https:\/\/filologia.us.es\/wp-json\/wp\/v2\/pages\/17847"}],"collection":[{"href":"https:\/\/filologia.us.es\/wp-json\/wp\/v2\/pages"}],"about":[{"href":"https:\/\/filologia.us.es\/wp-json\/wp\/v2\/types\/page"}],"author":[{"embeddable":true,"href":"https:\/\/filologia.us.es\/wp-json\/wp\/v2\/users\/9"}],"replies":[{"embeddable":true,"href":"https:\/\/filologia.us.es\/wp-json\/wp\/v2\/comments?post=17847"}],"version-history":[{"count":2,"href":"https:\/\/filologia.us.es\/wp-json\/wp\/v2\/pages\/17847\/revisions"}],"predecessor-version":[{"id":19520,"href":"https:\/\/filologia.us.es\/wp-json\/wp\/v2\/pages\/17847\/revisions\/19520"}],"wp:attachment":[{"href":"https:\/\/filologia.us.es\/wp-json\/wp\/v2\/media?parent=17847"}],"curies":[{"name":"wp","href":"https:\/\/api.w.org\/{rel}","templated":true}]}}