{"id":178,"date":"2016-02-23T10:14:08","date_gmt":"2016-02-23T10:14:08","guid":{"rendered":"http:\/\/filologia.us.es\/?page_id=178"},"modified":"2026-04-15T07:01:37","modified_gmt":"2026-04-15T05:01:37","slug":"escritorio-del-profesor","status":"publish","type":"page","link":"https:\/\/filologia.us.es\/?page_id=178","title":{"rendered":"Escritorio del profesor"},"content":{"rendered":"<table>\r\n<thead>\r\n<tr>\r\n<th>Secci\u00f3n<\/th>\r\n<th>Enlace<\/th>\r\n<\/tr>\r\n<\/thead>\r\n<tbody>\r\n<tr>\r\n<td>Aula de Ense\u00f1anza Virtual US (Plataforma)<\/td>\r\n<td><a href=\"http:\/\/ev.us.es\">EV<\/a><\/td>\r\n<\/tr>\r\n<tr>\r\n<td>Secretar\u00eda Virtual de la US.\u00a0 SEVIUS<\/td>\r\n<td><a href=\"https:\/\/sevius.us.es\/\">SEVIUS<\/a><\/td>\r\n<\/tr>\r\n<tr>\r\n<td>Secretar\u00eda Virtual de la US.\u00a0 SEVIUS4: T\u00c9RMINUS, HORFEUS, etc.<\/td>\r\n<td>\r\n<p><a href=\"https:\/\/sso.us.es\/SAML2\/SSOService.php?SAMLRequest=fVJha8IwEP0rJd9rY7VTgwpOGRPcJtbtw76Ma3vOQJp0ucRt%2F36xOnAwhMCRu3vv3b1kTFCrRsy82%2BsNfngkF33VSpNoCxPmrRYGSJLQUCMJV4p89rASaYeLxhpnSqPYBeQ6AojQOmk0i5aLCXvr9UdplmExAujeDAYwGhU76BZZNcSU84IXCL2srHZDYNELWgrICQtEAU7kcanJgXYhxVMe8yycbZcL3hf97JVFi7CN1OBa1N65hkSSEJmOpw5ScpwqTfL8KUd7kCV2mn3DotnviHOjyddoz9XnzeqCBA%2FSU%2F9MRLJuFB63T2pTedUyJe2dTjGNoaQ2W%2BEOvHIxBan12b9bqSup369bV5yaSNxvt%2Bt4%2FZRv2XR85BatFXb6%2F2zj5LJnfHrux8C%2BXKyNkuV3dGdsDe66%2BDEjq3jXtgpnQZNE7YJbSpnPuUVwOGHOemTJ9CT591NNfwA%3D&amp;RelayState=https%3A%2F%2Fsevius4.us.es%2F\">SEVIUS4<\/a><\/p>\r\n<p><a href=\"http:\/\/filologia.us.es\/wp-content\/uploads\/2020\/06\/Guia_TERMINUS_Filologia.pdf\">Gu\u00eda b\u00e1sica de T\u00c9RMINUS<\/a><\/p>\r\n<\/td>\r\n<\/tr>\r\n<tr>\r\n<td>Gesti\u00f3n de Programas y Proyectos Docentes<\/td>\r\n<td><a href=\"https:\/\/algidus.us.es\/\">ALGIDUS<\/a><\/td>\r\n<\/tr>\r\n<tr>\r\n<td>Informaci\u00f3n de TFE en Filolog\u00eda: T\u00c9RMINUS<\/td>\r\n<td><a href=\"http:\/\/filologia.us.es\/tfg-la-facultad-filologia\/\">TFG<\/a>\u00a0 \/\u00a0 <a href=\"http:\/\/filologia.us.es\/master-universitario\/\">TFM<\/a>\u00a0<\/td>\r\n<\/tr>\r\n<tr>\r\n<td>Calendario acad\u00e9mico<\/td>\r\n<td><a href=\"https:\/\/www.us.es\/calendario-academico\">2024-25<\/a><\/td>\r\n<\/tr>\r\n<tr>\r\n<td>Ordenaci\u00f3n Acad\u00e9mica<\/td>\r\n<td><a href=\"http:\/\/servicio.us.es\/academica\/\">O.A.<\/a><\/td>\r\n<\/tr>\r\n<tr>\r\n<td>Parte de incidencias en aulas<\/td>\r\n<td><a href=\"https:\/\/forms.office.com\/Pages\/ResponsePage.aspx?id=TmhK77WBHEmpjsezG-bEaewtYsqHgHhFuwwukXWuTdRUMDVZRzJBMFBXN0k2TjJRWkZJQUZESTNOVC4u\">Incidencias<\/a><\/td>\r\n<\/tr>\r\n<tr>\r\n<td>Centro de Formaci\u00f3n Permanente de la US<\/td>\r\n<td><a href=\"http:\/\/www.cfp.us.es\/\">CFP<\/a><\/td>\r\n<\/tr>\r\n<tr>\r\n<td>Reglamento General de Actividades Docentes de la US<\/td>\r\n<td><a href=\"http:\/\/bous.us.es\/2009\/numero-2\/numero-2\/archivo-1\">RGAD<\/a><\/td>\r\n<\/tr>\r\n<tr>\r\n<td>Normativa Reguladora de la Evaluaci\u00f3n y Calificaci\u00f3n de las Asignaturas de la US<\/td>\r\n<td><a href=\"https:\/\/servicio.us.es\/secgral\/node\/213\">NRECA<\/a><\/td>\r\n<\/tr>\r\n<tr>\r\n<td>Comunicaci\u00f3n de la distribuci\u00f3n temporal de la docencia para grupos compartidos<\/td>\r\n<td><a href=\"https:\/\/forms.office.com\/Pages\/ResponsePage.aspx?id=TmhK77WBHEmpjsezG-bEafydHvWMpC9MgsLEq20WUFJUREpRRktJTk1LRDhOVU1SU1hCOFhGUFdLRi4u\">Formulario<\/a><\/td>\r\n<\/tr>\r\n<tr>\r\n<td>Consideraciones sobre el equipamiento de las aulas<\/td>\r\n<td><a href=\"http:\/\/filologia.us.es\/wp-content\/uploads\/2021\/03\/El_equipo_del_aula.pdf\">El equipo del aula<\/a><\/td>\r\n<\/tr>\r\n<\/tbody>\r\n<\/table>\r\n\r\n<p>&nbsp;<\/p>\r\n","protected":false},"excerpt":{"rendered":"<p>Secci\u00f3n Enlace Aula de Ense\u00f1anza Virtual US (Plataforma) EV Secretar\u00eda Virtual de la US.\u00a0 SEVIUS SEVIUS Secretar\u00eda Virtual de la US.\u00a0 SEVIUS4: T\u00c9RMINUS, HORFEUS, etc. SEVIUS4 Gu\u00eda b\u00e1sica de T\u00c9RMINUS Gesti\u00f3n de Programas y Proyectos Docentes ALGIDUS Informaci\u00f3n de TFE en Filolog\u00eda: T\u00c9RMINUS TFG\u00a0 \/\u00a0 TFM\u00a0 Calendario acad\u00e9mico 2024-25 Ordenaci\u00f3n Acad\u00e9mica O.A. Parte de incidencias &hellip; <a href=\"https:\/\/filologia.us.es\/?page_id=178\" class=\"more-link\">Continue reading <span class=\"screen-reader-text\">Escritorio del profesor<\/span> <span class=\"meta-nav\">&raquo;<\/span><\/a><\/p>\n","protected":false},"author":1,"featured_media":1684,"parent":0,"menu_order":117,"comment_status":"closed","ping_status":"closed","template":"","meta":{"_acf_changed":false,"footnotes":""},"acf":[],"_links":{"self":[{"href":"https:\/\/filologia.us.es\/index.php?rest_route=\/wp\/v2\/pages\/178"}],"collection":[{"href":"https:\/\/filologia.us.es\/index.php?rest_route=\/wp\/v2\/pages"}],"about":[{"href":"https:\/\/filologia.us.es\/index.php?rest_route=\/wp\/v2\/types\/page"}],"author":[{"embeddable":true,"href":"https:\/\/filologia.us.es\/index.php?rest_route=\/wp\/v2\/users\/1"}],"replies":[{"embeddable":true,"href":"https:\/\/filologia.us.es\/index.php?rest_route=%2Fwp%2Fv2%2Fcomments&post=178"}],"version-history":[{"count":2,"href":"https:\/\/filologia.us.es\/index.php?rest_route=\/wp\/v2\/pages\/178\/revisions"}],"predecessor-version":[{"id":23870,"href":"https:\/\/filologia.us.es\/index.php?rest_route=\/wp\/v2\/pages\/178\/revisions\/23870"}],"wp:featuredmedia":[{"embeddable":true,"href":"https:\/\/filologia.us.es\/index.php?rest_route=\/wp\/v2\/media\/1684"}],"wp:attachment":[{"href":"https:\/\/filologia.us.es\/index.php?rest_route=%2Fwp%2Fv2%2Fmedia&parent=178"}],"curies":[{"name":"wp","href":"https:\/\/api.w.org\/{rel}","templated":true}]}}