{"id":17704,"date":"2022-05-16T08:42:21","date_gmt":"2022-05-16T06:42:21","guid":{"rendered":"http:\/\/filologia.us.es\/?page_id=17704"},"modified":"2023-10-26T18:18:04","modified_gmt":"2023-10-26T16:18:04","slug":"nebrija-en-america","status":"publish","type":"page","link":"https:\/\/filologia.us.es\/nebrija-en-america\/","title":{"rendered":"Exposici\u00f3n \u00abNebrija en Am\u00e9rica\u00bb"},"content":{"rendered":"<div align=\"center\">\n<p data-wp-editing=\"1\"><a href=\"http:\/\/filologia.us.es\/wp-content\/uploads\/2022\/06\/NEBRIJA-WEB-AF.jpg\"><img loading=\"lazy\" decoding=\"async\" class=\"aligncenter size-full wp-image-18282\" src=\"http:\/\/filologia.us.es\/wp-content\/uploads\/2022\/06\/NEBRIJA-WEB-AF.jpg\" alt=\"\" width=\"2000\" height=\"1500\" srcset=\"https:\/\/filologia.us.es\/wp-content\/uploads\/2022\/06\/NEBRIJA-WEB-AF.jpg 2000w, https:\/\/filologia.us.es\/wp-content\/uploads\/2022\/06\/NEBRIJA-WEB-AF-768x576.jpg 768w, https:\/\/filologia.us.es\/wp-content\/uploads\/2022\/06\/NEBRIJA-WEB-AF-600x450.jpg 600w, https:\/\/filologia.us.es\/wp-content\/uploads\/2022\/06\/NEBRIJA-WEB-AF-685x514.jpg 685w, https:\/\/filologia.us.es\/wp-content\/uploads\/2022\/06\/NEBRIJA-WEB-AF-1024x768.jpg 1024w\" sizes=\"(max-width: 2000px) 100vw, 2000px\" \/><\/a><\/p>\n<\/div>\n<h2 style=\"text-align: center;\"><strong>Nebrija en Am\u00e9rica<\/strong><\/h2>\n<h2 style=\"text-align: center;\"><em><strong>Y el oc\u00e9ano se llen\u00f3 de palabras<\/strong><\/em><\/h2>\n<p style=\"text-align: center;\"><strong>Archivo General de Indias, del 29 de junio al 16 de octubre de 2022<\/strong><\/p>\n<p><strong>Comisariado cient\u00edfico<\/strong>: <a href=\"http:\/\/lolapons.es\/\">Lola Pons<\/a>, <a href=\"http:\/\/alojamientos.us.es\/historia15\/new\/leyre-martin-aizpuru\/\">Leyre Mart\u00edn Aizpuru<\/a> y Manuel \u00c1lvarez Casado<\/p>\n<p><strong>Organizan<\/strong>: <a href=\"https:\/\/www.juntadeandalucia.es\/organismos\/culturaypatrimoniohistorico.html\">Consejer\u00eda de Cultura y Patrimonio Hist\u00f3rico de la Junta de Andaluc\u00eda<\/a>, <a href=\"https:\/\/www.culturaydeporte.gob.es\/portada.html\">Ministerio de Cultura y Deporte<\/a> (<a href=\"https:\/\/www.culturaydeporte.gob.es\/ministerio\/organigrama\/ministro\/secretaria-general\/dg-patrimonio-cultural-bellas-artes.html\">Direcci\u00f3n General de Patrimonio Cultural y Bellas Artes.<\/a> <a href=\"https:\/\/www.culturaydeporte.gob.es\/cultura\/archivos\/informacion-general\/gestion-de-archivos-estatales-en-el-ministerio\/subdireccion-general-de-los-archivos-estatales.html\">Subdirecci\u00f3n General de los Archivos Estatales<\/a>)<\/p>\n<p><strong>Colaboran:&nbsp;<\/strong><a href=\"https:\/\/www.us.es\/\">Universidad de Sevilla, <\/a><a href=\"http:\/\/alojamientos.us.es\/historia15\/new\/\">Proyecto <em>Historia15<\/em> <\/a>y <a href=\"https:\/\/www.nebrija.com\/vcentenarioantonionebrija\/\">V Centenario de Antonio de Nebrija 1522-2022<\/a><\/p>\n<p><strong>Agradecimientos<\/strong>: <a href=\"https:\/\/www.us.es\/trabaja-en-la-us\/directorio\/antonio-del-castillo-garcia\">Antonio del Castillo<\/a>, <a href=\"http:\/\/elblogderobertocuadros.blogspot.com\/\">Roberto Cuadros,<\/a> <a href=\"https:\/\/www.linkedin.com\/in\/rosa-espinar-herrero-698248159\/\">Rosa Espinar<\/a>, <a href=\"https:\/\/investigacion.us.es\/sisius\/sis_showpub.php?idpers=5218\">Luis M\u00e9ndez<\/a> e <a href=\"https:\/\/ajihle.net\/irene-roldan-gonzalez\/\">Irene Rold\u00e1n<\/a><\/p>\n<p><strong>Voces<\/strong>: <a href=\"http:\/\/felipe-benitez-reyes.blogspot.com\/\">Felipe Ben\u00edtez Reyes<\/a>, <a href=\"https:\/\/ebravo.es\/\">Eva Bravo Garc\u00eda<\/a>, <a href=\"https:\/\/www.carmencamacho.net\/\">Carmen Camacho<\/a>, <a href=\"https:\/\/dialnet.unirioja.es\/servlet\/autor?codigo=56990\">Esther Cruces<\/a>, <a href=\"https:\/\/www.juntadeandalucia.es\/cultura\/caletras\/autores\/eva-diaz-perez\">Eva D\u00edaz P\u00e9rez,<\/a> <a href=\"https:\/\/www.fernandoiwasaki.com\/\">Fernando Iwasaki<\/a>, <a href=\"https:\/\/luisgarciamontero.com\/\">Luis Garc\u00eda Montero<\/a>, <a href=\"http:\/\/www.corpusnebrissense.com\/contacto\/contacto.html\">Pedro Mart\u00edn Ba\u00f1os<\/a>, <a href=\"http:\/\/www.andresneuman.com\/\">Andr\u00e9s Neuman<\/a> y <a href=\"https:\/\/www.rae.es\/academico\/dario-villanueva-prieto\">Dar\u00edo Villanueva<\/a><\/p>\n<p><strong>Exposici\u00f3n<\/strong>: Amado Miguel T.I.S.L., Antonio Po\u00f3 S\u00e1nchez y M.\u00aa Luisa de Miguel Zabala<\/p>\n<p><strong>Informaci\u00f3n pr\u00e1ctica:<\/strong><\/p>\n<p>&#8211; Horarios de acceso a la exposici\u00f3n:<\/p>\n<p style=\"padding-left: 40px;\">&#8211; De martes a s\u00e1bado: de 9:30 a 17:00 horas (\u00faltimo pase a las 16:30h)<\/p>\n<p style=\"padding-left: 40px;\">&#8211; Domingos y festivos: de 10:00 a 14:00 horas<\/p>\n<p style=\"padding-left: 40px;\">&#8211; Lunes cerrado<\/p>\n<p>&#8211; Entrada gratuita<\/p>\n<div align=\"center\">\n<p><a href=\"https:\/\/filologia.us.es\/nebrija-en-america\/\"><img loading=\"lazy\" decoding=\"async\" class=\"aligncenter wp-image-17963\" src=\"http:\/\/filologia.us.es\/wp-content\/uploads\/2022\/06\/Nebrijaenamerica.png\" alt=\"\" width=\"120\" height=\"120\" srcset=\"https:\/\/filologia.us.es\/wp-content\/uploads\/2022\/06\/Nebrijaenamerica.png 1584w, https:\/\/filologia.us.es\/wp-content\/uploads\/2022\/06\/Nebrijaenamerica-768x768.png 768w, https:\/\/filologia.us.es\/wp-content\/uploads\/2022\/06\/Nebrijaenamerica-600x600.png 600w, https:\/\/filologia.us.es\/wp-content\/uploads\/2022\/06\/Nebrijaenamerica-685x685.png 685w, https:\/\/filologia.us.es\/wp-content\/uploads\/2022\/06\/Nebrijaenamerica-1024x1024.png 1024w\" sizes=\"(max-width: 120px) 100vw, 120px\" \/><\/a><\/p>\n<\/div>\n\n\n<div align=\"center\">\n<a class=\"twitter-timeline\" data-lang=\"es\" data-width=\"400\" data-height=\"400\" href=\"https:\/\/twitter.com\/NietoDeAntonio?ref_src=twsrc%5Etfw\">Tweets by NietoDeAntonio<\/a> <script async=\"\" src=\"https:\/\/platform.twitter.com\/widgets.js\" charset=\"utf-8\"><\/script>\n<\/div>\n","protected":false},"excerpt":{"rendered":"<p>Extensi\u00f3n digital de la exposici\u00f3n \u00abNebrija en Am\u00e9rica<br \/>\nY el oc\u00e9ano se llen\u00f3 de palabras\u00bb<br \/>\nArchivo General de Indias, del 29 de junio al 16 de octubre de 2022<\/p>\n","protected":false},"author":9,"featured_media":0,"parent":0,"menu_order":17,"comment_status":"closed","ping_status":"closed","template":"","meta":{"_acf_changed":false,"footnotes":""},"acf":[],"_links":{"self":[{"href":"https:\/\/filologia.us.es\/wp-json\/wp\/v2\/pages\/17704"}],"collection":[{"href":"https:\/\/filologia.us.es\/wp-json\/wp\/v2\/pages"}],"about":[{"href":"https:\/\/filologia.us.es\/wp-json\/wp\/v2\/types\/page"}],"author":[{"embeddable":true,"href":"https:\/\/filologia.us.es\/wp-json\/wp\/v2\/users\/9"}],"replies":[{"embeddable":true,"href":"https:\/\/filologia.us.es\/wp-json\/wp\/v2\/comments?post=17704"}],"version-history":[{"count":2,"href":"https:\/\/filologia.us.es\/wp-json\/wp\/v2\/pages\/17704\/revisions"}],"predecessor-version":[{"id":20335,"href":"https:\/\/filologia.us.es\/wp-json\/wp\/v2\/pages\/17704\/revisions\/20335"}],"wp:attachment":[{"href":"https:\/\/filologia.us.es\/wp-json\/wp\/v2\/media?parent=17704"}],"curies":[{"name":"wp","href":"https:\/\/api.w.org\/{rel}","templated":true}]}}