{"id":1767,"date":"2016-06-14T17:24:29","date_gmt":"2016-06-14T17:24:29","guid":{"rendered":"http:\/\/filologia.us.es\/?page_id=1767"},"modified":"2016-12-21T17:53:59","modified_gmt":"2016-12-21T17:53:59","slug":"defensa-tfg-tfm","status":"publish","type":"page","link":"https:\/\/filologia.us.es\/?page_id=1767","title":{"rendered":"Informaci\u00f3n sobre TFG y TFM"},"content":{"rendered":"<h3>Informaci\u00f3n sobre los Trabajos de Fin de Grado\/M\u00e1ster<\/h3>\n<ul>\n<li>Acceso a la informaci\u00f3n sobre<a href=\"http:\/\/filologia.us.es\/tfg-la-facultad-filologia\/\"> el TFG en la Facultad de Filolog\u00eda<\/a><\/li>\n<li>Acceso a la informaci\u00f3n sobre<a href=\"http:\/\/filologia.us.es\/master-universitario\/\"> el TFM en la Facultad de Filolog\u00eda<\/a><\/li>\n<li>Gu\u00edas de la BUS sobre <a href=\"http:\/\/guiasbus.us.es\/comoencuentro\/trabajosacad\">Trabajos Acad\u00e9micos para TFG y TFM<\/a><\/li>\n<\/ul>\n","protected":false},"excerpt":{"rendered":"<p>Informaci\u00f3n sobre los Trabajos de Fin de Grado\/M\u00e1ster Acceso a la informaci\u00f3n sobre el TFG en la Facultad de Filolog\u00eda Acceso a la informaci\u00f3n sobre el TFM en la Facultad de Filolog\u00eda Gu\u00edas de la BUS sobre Trabajos Acad\u00e9micos para TFG y TFM<\/p>\n","protected":false},"author":1,"featured_media":0,"parent":0,"menu_order":84,"comment_status":"closed","ping_status":"closed","template":"","meta":{"_acf_changed":false,"footnotes":""},"acf":[],"_links":{"self":[{"href":"https:\/\/filologia.us.es\/index.php?rest_route=\/wp\/v2\/pages\/1767"}],"collection":[{"href":"https:\/\/filologia.us.es\/index.php?rest_route=\/wp\/v2\/pages"}],"about":[{"href":"https:\/\/filologia.us.es\/index.php?rest_route=\/wp\/v2\/types\/page"}],"author":[{"embeddable":true,"href":"https:\/\/filologia.us.es\/index.php?rest_route=\/wp\/v2\/users\/1"}],"replies":[{"embeddable":true,"href":"https:\/\/filologia.us.es\/index.php?rest_route=%2Fwp%2Fv2%2Fcomments&post=1767"}],"version-history":[{"count":0,"href":"https:\/\/filologia.us.es\/index.php?rest_route=\/wp\/v2\/pages\/1767\/revisions"}],"wp:attachment":[{"href":"https:\/\/filologia.us.es\/index.php?rest_route=%2Fwp%2Fv2%2Fmedia&parent=1767"}],"curies":[{"name":"wp","href":"https:\/\/api.w.org\/{rel}","templated":true}]}}