{"id":17657,"date":"2022-05-10T21:07:37","date_gmt":"2022-05-10T19:07:37","guid":{"rendered":"http:\/\/filologia.us.es\/?page_id=17657"},"modified":"2025-02-13T13:52:03","modified_gmt":"2025-02-13T12:52:03","slug":"laboratorio-de-fonetica","status":"publish","type":"page","link":"https:\/\/filologia.us.es\/?page_id=17657","title":{"rendered":"Laboratorio de Fon\u00e9tica y Ciencias del Habla (labfonetica@us.es \/ 954 551 506)"},"content":{"rendered":"\r\n<ol>\r\n<li>DESCRIPCI\u00d3N: Unidad que se encarga fundamentalmente de los procesos relacionados con la gesti\u00f3n y el mantenimiento del Laboratorio (apoyo a la docencia y la investigaci\u00f3n en el \u00e1rea de la Fon\u00e9tica Ac\u00fastica y en procesamiento de audio en general).<\/li>\r\n<li>CONTACTO: <a>labfonetica@us.es<\/a><\/li>\r\n<li>OBJETIVO: Apoyo a la docencia e investigaci\u00f3n desempe\u00f1ando funciones de supervisi\u00f3n, gesti\u00f3n y ejecuci\u00f3n.<\/li>\r\n<li>FUNCIONES:\r\n<ol>\r\n<li>Gesti\u00f3n del Laboratorio\r\n<ol type=\"a\">\r\n<li>Adquisici\u00f3n de material<\/li>\r\n<li>Atenci\u00f3n personal y telem\u00e1tica a proveedores y usuarios<\/li>\r\n<li>Tareas administrativas de su competencia<\/li>\r\n<li>Gesti\u00f3n de la calidad del laboratorio<\/li>\r\n<li>Tratamiento del audio<\/li>\r\n<li>Grabaci\u00f3n en cabina insonorizada<\/li>\r\n<li>Edici\u00f3n de audio<\/li>\r\n<li>An\u00e1lisis ac\u00fastico de la onda sonora (Fon\u00e9tica Ac\u00fastica)<\/li>\r\n<\/ol>\r\n<\/li>\r\n<li>Adquisici\u00f3n, mantenimiento y pr\u00e9stamo de equipos \/material\r\n<ol type=\"a\">\r\n<li>Instalaci\u00f3n y mantenimiento de ordenadores (11 puestos)<\/li>\r\n<li>Mantenimiento del equipamiento tecnol\u00f3gico<\/li>\r\n<li>Pr\u00e9stamo de recursos audiovisuales para grabaci\u00f3n y edici\u00f3n<\/li>\r\n<li>Cualquier otra tarea que, en este \u00e1mbito, pueda serle encomendada por necesidades del servicio<\/li>\r\n<\/ol>\r\n<\/li>\r\n<li>Apoyo a la Docencia y la Investigaci\u00f3n\r\n<ol type=\"a\">\r\n<li>Fon\u00e9tica experimental (formaci\u00f3n y pr\u00e1cticas)<\/li>\r\n<li>Instrucci\u00f3n a los usuarios sobre: seguimiento ocular (Eye-Tracking), electroencefalograf\u00eda (EEG), electroglotograf\u00eda (EGG), patolog\u00eda vocal\u2026<\/li>\r\n<li>Software especializado en ling\u00fc\u00edstica y ciencias afines<\/li>\r\n<li>Colaboraci\u00f3n \/ formaci\u00f3n de alumnos internos e investigadores nacionales e internacionales<\/li>\r\n<li>Asesoramiento al profesorado en sus proyectos de investigaci\u00f3n<\/li>\r\n<li>Representaci\u00f3n del laboratorio en congresos y otros eventos<\/li>\r\n<li>Colaboraciones con otras universidades<\/li>\r\n<li>Cualquier otra tarea que, en este \u00e1mbito, pueda serle encomendada por necesidades del servicio<\/li>\r\n<\/ol>\r\n<\/li>\r\n<\/ol>\r\n<\/li>\r\n<\/ol>\r\n<p><a href=\"https:\/\/filologia.us.es\/wp-content\/uploads\/2024\/10\/Lab-Fon-Normas-V3.pdf\">Normativa de uso y seguridad el Laboratorio de Fon\u00e9tica y Ciencias del Habla<\/a><a href=\"https:\/\/filologia.us.es\/wp-content\/uploads\/2024\/10\/Lab-Fon-Normas-V3.docx\">.<\/a><\/p>\r\n<p><b>Nota importante: En aplicaci\u00f3n de la Normativa vigente (punto 3.10) y por razones de previsi\u00f3n de riesgos laborales y de custodia del equipamiento especializado del Laboratorio, la apertura del mismo est\u00e1 condicionada a la presencia del personal t\u00e9cnico, que debe estar presente durante todo el horario de atenci\u00f3n de los usuarios.<\/b><\/p>\r\n<p><b>En caso de situaciones sobrevenidas del personal t\u00e9cnico (d\u00edas de asuntos propios, baja por enfermedad, etc.), el laboratorio permanecer\u00e1 cerrado y se cancelar\u00e1n todas las solicitudes de reserva, que se habr\u00e1n de volver a realizar para otra fecha.<\/b><\/p>\r\n","protected":false},"excerpt":{"rendered":"<p>DESCRIPCI\u00d3N: Unidad que se encarga fundamentalmente de los procesos relacionados con la gesti\u00f3n y el mantenimiento del Laboratorio (apoyo a la docencia y la investigaci\u00f3n en el \u00e1rea de la Fon\u00e9tica Ac\u00fastica y en procesamiento de audio en general). CONTACTO: labfonetica@us.es OBJETIVO: Apoyo a la docencia e investigaci\u00f3n desempe\u00f1ando funciones de supervisi\u00f3n, gesti\u00f3n y ejecuci\u00f3n. &hellip; <a href=\"https:\/\/filologia.us.es\/?page_id=17657\" class=\"more-link\">Continue reading <span class=\"screen-reader-text\">Laboratorio de Fon\u00e9tica y Ciencias del Habla (labfonetica@us.es \/ 954 551 506)<\/span> <span class=\"meta-nav\">&raquo;<\/span><\/a><\/p>\n","protected":false},"author":10,"featured_media":0,"parent":634,"menu_order":30,"comment_status":"closed","ping_status":"closed","template":"","meta":{"_acf_changed":false,"footnotes":""},"acf":[],"_links":{"self":[{"href":"https:\/\/filologia.us.es\/index.php?rest_route=\/wp\/v2\/pages\/17657"}],"collection":[{"href":"https:\/\/filologia.us.es\/index.php?rest_route=\/wp\/v2\/pages"}],"about":[{"href":"https:\/\/filologia.us.es\/index.php?rest_route=\/wp\/v2\/types\/page"}],"author":[{"embeddable":true,"href":"https:\/\/filologia.us.es\/index.php?rest_route=\/wp\/v2\/users\/10"}],"replies":[{"embeddable":true,"href":"https:\/\/filologia.us.es\/index.php?rest_route=%2Fwp%2Fv2%2Fcomments&post=17657"}],"version-history":[{"count":4,"href":"https:\/\/filologia.us.es\/index.php?rest_route=\/wp\/v2\/pages\/17657\/revisions"}],"predecessor-version":[{"id":22319,"href":"https:\/\/filologia.us.es\/index.php?rest_route=\/wp\/v2\/pages\/17657\/revisions\/22319"}],"up":[{"embeddable":true,"href":"https:\/\/filologia.us.es\/index.php?rest_route=\/wp\/v2\/pages\/634"}],"wp:attachment":[{"href":"https:\/\/filologia.us.es\/index.php?rest_route=%2Fwp%2Fv2%2Fmedia&parent=17657"}],"curies":[{"name":"wp","href":"https:\/\/api.w.org\/{rel}","templated":true}]}}