{"id":170,"date":"2016-02-23T10:13:04","date_gmt":"2016-02-23T10:13:04","guid":{"rendered":"http:\/\/filologia.us.es\/?page_id=170"},"modified":"2016-10-15T06:45:38","modified_gmt":"2016-10-15T06:45:38","slug":"doctorado","status":"publish","type":"page","link":"https:\/\/filologia.us.es\/?page_id=170","title":{"rendered":"Doctorado"},"content":{"rendered":"<p style=\"text-align: justify;\">\n<h3 style=\"text-align: justify;\">Los estudios de Doctorado<\/h3>\n<p style=\"text-align: justify;\"><span style=\"font-family: 'Open Sans', sans-serif; font-size: 1rem;\">En la Universidad de Sevilla (<a href=\"http:\/\/bous.us.es\/2011\/numero-4\/pdf\/archivo-12.pdf\" target=\"_blank\">Acuerdo 7.2\/CG 17-6-11<\/a>), los estudios de doctorado se encuentran organizados por\u00a0<strong>programas de doctorado<\/strong>. Cada programa de doctorado desarrolla un conjunto de actividades conducentes a la adquisici\u00f3n de las competencias y habilidades necesarias para la obtenci\u00f3n del <a href=\"http:\/\/www.doctorado.us.es\/titulo-de-doctor\">t\u00edtulo de Doctor<\/a>. Dichos estudios finalizan con la elaboraci\u00f3n y defensa de una <a href=\"http:\/\/www.doctorado.us.es\/tesis-doctoral\">tesis doctoral<\/a> que incorpore resultados originales de investigaci\u00f3n.<\/span><\/p>\n<p style=\"text-align: justify;\">Accede al programa de Doctorado de la Facultad: \u00a0<a href=\"http:\/\/institucional.us.es\/docfilologia\/\">Doctorado en Estudios Filol\u00f3gicos.<\/a><\/p>\n","protected":false},"excerpt":{"rendered":"<p>Los estudios de Doctorado En la Universidad de Sevilla (Acuerdo 7.2\/CG 17-6-11), los estudios de doctorado se encuentran organizados por\u00a0programas de doctorado. Cada programa de doctorado desarrolla un conjunto de actividades conducentes a la adquisici\u00f3n de las competencias y habilidades necesarias para la obtenci\u00f3n del t\u00edtulo de Doctor. Dichos estudios finalizan con la elaboraci\u00f3n y &hellip; <a href=\"https:\/\/filologia.us.es\/?page_id=170\" class=\"more-link\">Continue reading <span class=\"screen-reader-text\">Doctorado<\/span> <span class=\"meta-nav\">&raquo;<\/span><\/a><\/p>\n","protected":false},"author":1,"featured_media":1677,"parent":0,"menu_order":115,"comment_status":"closed","ping_status":"closed","template":"","meta":{"_acf_changed":false,"footnotes":""},"acf":[],"_links":{"self":[{"href":"https:\/\/filologia.us.es\/index.php?rest_route=\/wp\/v2\/pages\/170"}],"collection":[{"href":"https:\/\/filologia.us.es\/index.php?rest_route=\/wp\/v2\/pages"}],"about":[{"href":"https:\/\/filologia.us.es\/index.php?rest_route=\/wp\/v2\/types\/page"}],"author":[{"embeddable":true,"href":"https:\/\/filologia.us.es\/index.php?rest_route=\/wp\/v2\/users\/1"}],"replies":[{"embeddable":true,"href":"https:\/\/filologia.us.es\/index.php?rest_route=%2Fwp%2Fv2%2Fcomments&post=170"}],"version-history":[{"count":0,"href":"https:\/\/filologia.us.es\/index.php?rest_route=\/wp\/v2\/pages\/170\/revisions"}],"wp:featuredmedia":[{"embeddable":true,"href":"https:\/\/filologia.us.es\/index.php?rest_route=\/wp\/v2\/media\/1677"}],"wp:attachment":[{"href":"https:\/\/filologia.us.es\/index.php?rest_route=%2Fwp%2Fv2%2Fmedia&parent=170"}],"curies":[{"name":"wp","href":"https:\/\/api.w.org\/{rel}","templated":true}]}}