{"id":164,"date":"2016-02-23T10:12:18","date_gmt":"2016-02-23T10:12:18","guid":{"rendered":"http:\/\/filologia.us.es\/?page_id=164"},"modified":"2016-08-08T14:14:20","modified_gmt":"2016-08-08T14:14:20","slug":"estudiantes-master-doctorado-egresados","status":"publish","type":"page","link":"https:\/\/filologia.us.es\/?page_id=164","title":{"rendered":"Estudiantes de M\u00e1ster, Doctorado y egresados"},"content":{"rendered":"<p>Los estudiantes de M\u00e1ster tienen una oferta amplia en la Facultad de Filolog\u00eda:<\/p>\n<ul>\n<li>M. U. en Ense\u00f1anza del Espa\u00f1ol como Lengua Extranjera<\/li>\n<li>M. U. en Estudios Hisp\u00e1nicos Superiores<\/li>\n<li>M. U. en\u00a0Estudios\u00a0Ling\u00fc\u00edsticos\u00a0Literarios\u00a0y\u00a0Culturales<\/li>\n<li>M.\u00a0U.\u00a0en\u00a0Traducci\u00f3n\u00a0e\u00a0Interculturalidad<\/li>\n<li>Doble M. U. en Estudios Hisp\u00e1nicos Superiores y Profesorado de Ense\u00f1anza Secundaria Obligatoria y Bachillerato, Formaci\u00f3n Profesional y Ense\u00f1anzas de Idiomas<\/li>\n<li>Doble M\u00e1ster en\u00a0Estudios\u00a0Ling\u00fc\u00edsticos\u00a0Literarios\u00a0y\u00a0Culturales y\u00a0Profesorado de Ense\u00f1anza Secundaria Obligatoria y Bachillerato, Formaci\u00f3n Profesional y Ense\u00f1anzas de Idiomas<\/li>\n<\/ul>\n<p>Vaya a la secci\u00f3n de \u00abPlanes de estudio\u00bb de esta p\u00e1gina o pulse <a href=\"http:\/\/filologia.us.es\/master-universitario\/\">aqu\u00ed<\/a>.<\/p>\n<p>Los estudiantes de Doctorado tienen la informaci\u00f3n necesaria en <a href=\"http:\/\/institucional.us.es\/docfilologia\/\">http:\/\/institucional.us.es\/docfilologia\/<\/a><\/p>\n","protected":false},"excerpt":{"rendered":"<p>Los estudiantes de M\u00e1ster tienen una oferta amplia en la Facultad de Filolog\u00eda: M. U. en Ense\u00f1anza del Espa\u00f1ol como Lengua Extranjera M. U. en Estudios Hisp\u00e1nicos Superiores M. U. en\u00a0Estudios\u00a0Ling\u00fc\u00edsticos\u00a0Literarios\u00a0y\u00a0Culturales M.\u00a0U.\u00a0en\u00a0Traducci\u00f3n\u00a0e\u00a0Interculturalidad Doble M. U. en Estudios Hisp\u00e1nicos Superiores y Profesorado de Ense\u00f1anza Secundaria Obligatoria y Bachillerato, Formaci\u00f3n Profesional y Ense\u00f1anzas de Idiomas Doble M\u00e1ster &hellip; <a href=\"https:\/\/filologia.us.es\/?page_id=164\" class=\"more-link\">Continue reading <span class=\"screen-reader-text\">Estudiantes de M\u00e1ster, Doctorado y egresados<\/span> <span class=\"meta-nav\">&raquo;<\/span><\/a><\/p>\n","protected":false},"author":1,"featured_media":1678,"parent":0,"menu_order":119,"comment_status":"closed","ping_status":"closed","template":"","meta":{"_acf_changed":false,"footnotes":""},"acf":[],"_links":{"self":[{"href":"https:\/\/filologia.us.es\/index.php?rest_route=\/wp\/v2\/pages\/164"}],"collection":[{"href":"https:\/\/filologia.us.es\/index.php?rest_route=\/wp\/v2\/pages"}],"about":[{"href":"https:\/\/filologia.us.es\/index.php?rest_route=\/wp\/v2\/types\/page"}],"author":[{"embeddable":true,"href":"https:\/\/filologia.us.es\/index.php?rest_route=\/wp\/v2\/users\/1"}],"replies":[{"embeddable":true,"href":"https:\/\/filologia.us.es\/index.php?rest_route=%2Fwp%2Fv2%2Fcomments&post=164"}],"version-history":[{"count":0,"href":"https:\/\/filologia.us.es\/index.php?rest_route=\/wp\/v2\/pages\/164\/revisions"}],"wp:featuredmedia":[{"embeddable":true,"href":"https:\/\/filologia.us.es\/index.php?rest_route=\/wp\/v2\/media\/1678"}],"wp:attachment":[{"href":"https:\/\/filologia.us.es\/index.php?rest_route=%2Fwp%2Fv2%2Fmedia&parent=164"}],"curies":[{"name":"wp","href":"https:\/\/api.w.org\/{rel}","templated":true}]}}