{"id":16390,"date":"2021-05-06T19:11:46","date_gmt":"2021-05-06T17:11:46","guid":{"rendered":"http:\/\/filologia.us.es\/?page_id=16390"},"modified":"2021-06-18T14:01:48","modified_gmt":"2021-06-18T12:01:48","slug":"colecciones-de-la-editorial-us-para-estudiantes-de-filologia","status":"publish","type":"page","link":"https:\/\/filologia.us.es\/?page_id=16390","title":{"rendered":"Colecciones de libros, manuales y revistas de la Editorial US para estudiantes de Filolog\u00eda"},"content":{"rendered":"\n<p>La Editorial Universidad de Sevilla cuenta con varias colecciones de libros, manuales universitarios, y revistas de divulgaci\u00f3n cient\u00edfica de especial inter\u00e9s para los alumnos de Filolog\u00eda:<\/p>\n<table>\n  <thead>\n    <tr>\n      <th>Colecci\u00f3n de libros<\/th>\n      <th>Enlace de la colecci\u00f3n<\/th>\n    <\/tr>\n  <\/thead>\n  <tbody>\n    <tr>\n      <td>Ling\u00fc\u00edstica<\/td>\n      <td><a href=\"https:\/\/editorial.us.es\/es\/colecciones-y-series\/lingistica\/51\/0\">https:\/\/editorial.us.es\/es\/colecciones-y-series\/lingistica\/51\/0<\/a><\/td>\n    <\/tr>\n    <tr>\n      <td>Literatura<\/td>\n      <td><a href=\"https:\/\/editorial.us.es\/es\/colecciones-y-series\/literatura\/49\/0\">https:\/\/editorial.us.es\/es\/colecciones-y-series\/literatura\/49\/0<\/a><\/td>\n    <\/tr>\n    <tr>\n      <td>Monograf\u00edas de Gahia<\/td>\n      <td><a href=\"https:\/\/editorial.us.es\/es\/colecciones-y-series\/monografias-de-gahia\/90\/0\">https:\/\/editorial.us.es\/es\/colecciones-y-series\/monografias-de-gahia\/90\/0<\/a><\/td>\n    <\/tr>\n    <tr>\n      <td>Estudios \u00c1rabo-Isl\u00e1micos de Almonaster la Real<\/td>\n      <td><a href=\"https:\/\/editorial.us.es\/es\/colecciones-y-series\/estudios-arabo-islamicos-de-almonaster-la-real\/89\/0\">https:\/\/editorial.us.es\/es\/colecciones-y-series\/estudios-arabo-islamicos-de-almonaster-la-real\/89\/0<\/a><\/td>\n    <\/tr>\n    <tr>\n      <td>Escritores del Cono Sur<\/td>\n      <td><a href=\"https:\/\/editorial.us.es\/es\/colecciones-y-series\/escritores-del-cono-sur\/94\/0\">https:\/\/editorial.us.es\/es\/colecciones-y-series\/escritores-del-cono-sur\/94\/0<\/a><\/td>\n    <\/tr>\n    <tr>\n      <td>Flamenco<\/td>\n      <td><a href=\"https:\/\/editorial.us.es\/es\/colecciones-y-series\/flamenco\/96\/0\">https:\/\/editorial.us.es\/es\/colecciones-y-series\/flamenco\/96\/0<\/a><\/td>\n    <\/tr>\n  <\/tbody>\n<\/table>\n<table>\n  <thead>\n    <tr>\n      <th>Colecci\u00f3n de manuales<\/th>\n      <th>Enlace de la colecci\u00f3n<\/th>\n    <\/tr>\n  <\/thead>\n  <tbody>\n    <tr>\n      <td>Filolog\u00eda cl\u00e1sica: Lat\u00edn<\/td>\n      <td><a href=\"https:\/\/editorial.us.es\/es\/colecciones-y-series\/manuales-universitarios\/30\/0\">https:\/\/editorial.us.es\/es\/colecciones-y-series\/manuales-universitarios\/30\/0<\/a><\/td>\n    <\/tr>\n  <\/tbody>\n<\/table>\n<table>\n  <thead>\n    <tr>\n      <th>Revista<\/th>\n      <th>Enlace de la revista<\/th>\n    <\/tr>\n  <\/thead>\n  <tbody>\n    <tr>\n      <td>Philologia Hispalensis (Estudios Ling\u00fc\u00edsticos y Literarios)<\/td>\n      <td><a href=\"https:\/\/editorial.us.es\/es\/revistas\/philologia-hispalensis\">https:\/\/editorial.us.es\/es\/revistas\/philologia-hispalensis<\/a><\/td>\n    <\/tr>\n    <tr>\n      <td>ENCLAVES. Revista de Literatura, M\u00fasica y Artes Esc\u00e9nicas<\/td>\n      <td><a href=\"https:\/\/editorial.us.es\/es\/revistas\/enclaves-revista-de-literatura-musica-y-artes-escenicas\">https:\/\/editorial.us.es\/es\/revistas\/enclaves-revista-de-literatura-musica-y-artes-escenicas<\/a><\/td>\n    <\/tr>\n    <tr>\n      <td>Futhark. Revista de Investigaci\u00f3n y Cultura<\/td>\n      <td><a href=\"https:\/\/editorial.us.es\/es\/revistas\/futhark-revista-de-investigacion-y-cultura\">https:\/\/editorial.us.es\/es\/revistas\/futhark-revista-de-investigacion-y-cultura<\/a><\/td>\n    <\/tr>\n    <tr>\n      <td>Bolet\u00edn de la Real Academia Sevillana de Buenas Letras<\/td>\n      <td><a href=\"https:\/\/editorial.us.es\/es\/revistas\/boletin-de-la-real-academia-sevillana-de-buenas-letras\">https:\/\/editorial.us.es\/es\/revistas\/boletin-de-la-real-academia-sevillana-de-buenas-letras<\/a><\/td>\n    <\/tr>\n    <tr>\n      <td>Atalanta. Revista de las Letras Barrocas<\/td>\n      <td><a href=\"https:\/\/editorial.us.es\/es\/revistas\/atalanta-revista-de-las-letras-barrocas\">https:\/\/editorial.us.es\/es\/revistas\/atalanta-revista-de-las-letras-barrocas<\/a><\/td>\n    <\/tr>\n    <tr>\n      <td>Revista de Estudios Andaluces<\/td>\n      <td><a href=\"https:\/\/editorial.us.es\/es\/revistas\/revista-de-estudios-andaluces\">https:\/\/editorial.us.es\/es\/revistas\/revista-de-estudios-andaluces<\/a><\/td>\n    <\/tr>\n  <\/<tr>\n      <td>CAUCE (Revista Internacional de Filolog\u00eda, Comunicaci\u00f3n y sus Did\u00e1cticas<\/td>\n      <td><a href=\"https:\/\/revistascientificas.us.es\/index.php\/CAUCE\">https:\/\/revistascientificas.us.es\/index.php\/CAUCE<\/a><\/td>\n    <\/tr>\n  <\/<tr>\n      <td>ELIA: Estudios de Ling\u00fc\u00edstica Inglesa Aplicada<\/td>\n      <td><a href=\"https:\/\/editorial.us.es\/es\/revistas\/elia-estudios-de-linguistica-inglesa-aplicada\">https:\/\/editorial.us.es\/es\/revistas\/elia-estudios-de-linguistica-inglesa-aplicada<\/a><\/td>\n    <\/tr>\n  <\/<tr>\n      <td>Estaci\u00f3n Poes\u00eda<\/td>\n      <td><a href=\"http:\/\/institucional.us.es\/estacion\/\">http:\/\/institucional.us.es\/estacion\/<\/a><\/td>\n    <\/tr>\n  <\/<tr>\n      <td>Iberia. An International Journal of Theorical Linguistics<\/td>\n      <td><a href=\"https:\/\/revistascientificas.us.es\/index.php\/iberia\">https:\/\/revistascientificas.us.es\/index.php\/iberia<\/a><\/td>\n    <\/tr>\n  <\/<tr>\n      <td>mAGAzin<\/td>\n      <td><a href=\"https:\/\/revistascientificas.us.es\/index.php\/mAGAzin\/\">https:\/\/revistascientificas.us.es\/index.php\/mAGAzin\/<\/a><\/td>\n    <\/tr>\n  <\/<tr>\n      <td>Revista de Estudios Norteamericanos<\/td>\n      <td><a href=\"https:\/\/revistascientificas.us.es\/index.php\/ESTUDIOS_NORTEAMERICANOS\">https:\/\/revistascientificas.us.es\/index.php\/ESTUDIOS_NORTEAMERICANOS<\/a><\/td>\n    <\/tr>\n  <\/tbody>\n<\/table>\n\n\n\n<p><\/p>\n","protected":false},"excerpt":{"rendered":"<p>La Editorial Universidad de Sevilla cuenta con varias colecciones de libros, manuales universitarios, y revistas de divulgaci\u00f3n cient\u00edfica de especial inter\u00e9s para los alumnos de Filolog\u00eda: Colecci\u00f3n de libros Enlace de la colecci\u00f3n Ling\u00fc\u00edstica https:\/\/editorial.us.es\/es\/colecciones-y-series\/lingistica\/51\/0 Literatura https:\/\/editorial.us.es\/es\/colecciones-y-series\/literatura\/49\/0 Monograf\u00edas de Gahia https:\/\/editorial.us.es\/es\/colecciones-y-series\/monografias-de-gahia\/90\/0 Estudios \u00c1rabo-Isl\u00e1micos de Almonaster la Real https:\/\/editorial.us.es\/es\/colecciones-y-series\/estudios-arabo-islamicos-de-almonaster-la-real\/89\/0 Escritores del Cono Sur https:\/\/editorial.us.es\/es\/colecciones-y-series\/escritores-del-cono-sur\/94\/0 Flamenco https:\/\/editorial.us.es\/es\/colecciones-y-series\/flamenco\/96\/0 &hellip; <a href=\"https:\/\/filologia.us.es\/?page_id=16390\" class=\"more-link\">Continue reading <span class=\"screen-reader-text\">Colecciones de libros, manuales y revistas de la Editorial US para estudiantes de Filolog\u00eda<\/span> <span class=\"meta-nav\">&raquo;<\/span><\/a><\/p>\n","protected":false},"author":10,"featured_media":0,"parent":0,"menu_order":37,"comment_status":"closed","ping_status":"closed","template":"","meta":{"_acf_changed":false,"footnotes":""},"acf":[],"_links":{"self":[{"href":"https:\/\/filologia.us.es\/index.php?rest_route=\/wp\/v2\/pages\/16390"}],"collection":[{"href":"https:\/\/filologia.us.es\/index.php?rest_route=\/wp\/v2\/pages"}],"about":[{"href":"https:\/\/filologia.us.es\/index.php?rest_route=\/wp\/v2\/types\/page"}],"author":[{"embeddable":true,"href":"https:\/\/filologia.us.es\/index.php?rest_route=\/wp\/v2\/users\/10"}],"replies":[{"embeddable":true,"href":"https:\/\/filologia.us.es\/index.php?rest_route=%2Fwp%2Fv2%2Fcomments&post=16390"}],"version-history":[{"count":2,"href":"https:\/\/filologia.us.es\/index.php?rest_route=\/wp\/v2\/pages\/16390\/revisions"}],"predecessor-version":[{"id":16534,"href":"https:\/\/filologia.us.es\/index.php?rest_route=\/wp\/v2\/pages\/16390\/revisions\/16534"}],"wp:attachment":[{"href":"https:\/\/filologia.us.es\/index.php?rest_route=%2Fwp%2Fv2%2Fmedia&parent=16390"}],"curies":[{"name":"wp","href":"https:\/\/api.w.org\/{rel}","templated":true}]}}