{"id":15210,"date":"2020-07-31T12:14:53","date_gmt":"2020-07-31T10:14:53","guid":{"rendered":"http:\/\/filologia.us.es\/?page_id=15210"},"modified":"2021-02-05T13:38:13","modified_gmt":"2021-02-05T12:38:13","slug":"doble-grado-en-filologia-clasica-e-hispanica-con-mencion-en-italiano","status":"publish","type":"page","link":"https:\/\/filologia.us.es\/?page_id=15210","title":{"rendered":"Doble Grado en Filolog\u00eda Cl\u00e1sica e Hisp\u00e1nica con menci\u00f3n en Italiano"},"content":{"rendered":"","protected":false},"excerpt":{"rendered":"","protected":false},"author":10,"featured_media":0,"parent":0,"menu_order":40,"comment_status":"closed","ping_status":"closed","template":"","meta":{"_acf_changed":false,"footnotes":""},"acf":[],"_links":{"self":[{"href":"https:\/\/filologia.us.es\/index.php?rest_route=\/wp\/v2\/pages\/15210"}],"collection":[{"href":"https:\/\/filologia.us.es\/index.php?rest_route=\/wp\/v2\/pages"}],"about":[{"href":"https:\/\/filologia.us.es\/index.php?rest_route=\/wp\/v2\/types\/page"}],"author":[{"embeddable":true,"href":"https:\/\/filologia.us.es\/index.php?rest_route=\/wp\/v2\/users\/10"}],"replies":[{"embeddable":true,"href":"https:\/\/filologia.us.es\/index.php?rest_route=%2Fwp%2Fv2%2Fcomments&post=15210"}],"version-history":[{"count":1,"href":"https:\/\/filologia.us.es\/index.php?rest_route=\/wp\/v2\/pages\/15210\/revisions"}],"predecessor-version":[{"id":15211,"href":"https:\/\/filologia.us.es\/index.php?rest_route=\/wp\/v2\/pages\/15210\/revisions\/15211"}],"wp:attachment":[{"href":"https:\/\/filologia.us.es\/index.php?rest_route=%2Fwp%2Fv2%2Fmedia&parent=15210"}],"curies":[{"name":"wp","href":"https:\/\/api.w.org\/{rel}","templated":true}]}}