{"id":152,"date":"2016-02-23T10:10:49","date_gmt":"2016-02-23T10:10:49","guid":{"rendered":"http:\/\/filologia.us.es\/?page_id=152"},"modified":"2016-07-17T07:17:10","modified_gmt":"2016-07-17T07:17:10","slug":"no-estas-matriculado-nuevo-ingreso","status":"publish","type":"page","link":"https:\/\/filologia.us.es\/?page_id=152","title":{"rendered":"Si no est\u00e1s matriculado \/ nuevo ingreso"},"content":{"rendered":"<h3>Estudiantes de nuevo ingreso<\/h3>\n<p>Si no est\u00e1s matriculado y eres un estudiante de nuevo ingreso (has superado la P.A.U. y quieres estudiar Filolog\u00eda) deber\u00e1s seguir el proceso de preinscripci\u00f3n y adjudicaci\u00f3n que dicta la USE. El \u00c1rea de Orientaci\u00f3n y Atenci\u00f3n al Estudiante (<a href=\"http:\/\/cat.us.es\/\">cat.us.es<\/a>; <a href=\"http:\/\/estudiantes.us.es\/\">estudiantes.us.es<\/a>) tiene abundante informaci\u00f3n sobre c\u00f3mo, cu\u00e1ndo y d\u00f3nde iniciar y culminar los tr\u00e1mites correctamente.<\/p>\n<h3>Si no est\u00e1s matriculado<\/h3>\n<p>Si no est\u00e1s matriculado, pero eres o has sido estudiante de la Facultad, encontrar\u00e1s suficiente informaci\u00f3n sobre los distintos procesos de matr\u00edcula o reincorporaci\u00f3n a los estudios, tanto si procedes de otra universidad o como si cursabas otro plan de estudio.<\/p>\n<h3>US-ORIENTA y Plan TOURS<\/h3>\n<p>La <strong>Universidad de Sevilla<\/strong> est\u00e1 desarrollando un <strong>Sistema Integral de Orientaci\u00f3n y Acci\u00f3n Tutorial<\/strong> (US-\u00adORIENTA), coordinado desde el Vicerrectorado de Estudiantes, con la finalidad de integrar y desarrollar acciones de orientaci\u00f3n y tutor\u00eda.<\/p>\n<p>En el marco de este sistema se encuadra el <a href=\"http:\/\/estudiantes.us.es\/programa-tours\"><strong>Plan TOURS<\/strong><\/a> (Transici\u00f3n a la Universidad de Sevilla), que engloba un conjunto de actuaciones encaminadas a facilitar que el alumnado realice su primera transici\u00f3n a la Universidad de una manera \u00f3ptima. La transici\u00f3n se entiende como una oportunidad de desarrollo personal en la que cada estudiante puede aprender a gestionar los cambios que se producen en \u00e9l\/ella mismo\/a y en su contexto m\u00e1s inmediato y a elaborar su propio proyecto personal y profesional. Este proceso se desarrolla a trav\u00e9s de una serie de etapas que requieren una implicaci\u00f3n activa por parte de cada estudiante y que suponen un avance en su desarrollo personal y profesional.<\/p>\n","protected":false},"excerpt":{"rendered":"<p>Estudiantes de nuevo ingreso Si no est\u00e1s matriculado y eres un estudiante de nuevo ingreso (has superado la P.A.U. y quieres estudiar Filolog\u00eda) deber\u00e1s seguir el proceso de preinscripci\u00f3n y adjudicaci\u00f3n que dicta la USE. El \u00c1rea de Orientaci\u00f3n y Atenci\u00f3n al Estudiante (cat.us.es; estudiantes.us.es) tiene abundante informaci\u00f3n sobre c\u00f3mo, cu\u00e1ndo y d\u00f3nde iniciar y &hellip; <a href=\"https:\/\/filologia.us.es\/?page_id=152\" class=\"more-link\">Continue reading <span class=\"screen-reader-text\">Si no est\u00e1s matriculado \/ nuevo ingreso<\/span> <span class=\"meta-nav\">&raquo;<\/span><\/a><\/p>\n","protected":false},"author":1,"featured_media":1678,"parent":0,"menu_order":164,"comment_status":"closed","ping_status":"closed","template":"","meta":{"_acf_changed":false,"footnotes":""},"acf":[],"_links":{"self":[{"href":"https:\/\/filologia.us.es\/index.php?rest_route=\/wp\/v2\/pages\/152"}],"collection":[{"href":"https:\/\/filologia.us.es\/index.php?rest_route=\/wp\/v2\/pages"}],"about":[{"href":"https:\/\/filologia.us.es\/index.php?rest_route=\/wp\/v2\/types\/page"}],"author":[{"embeddable":true,"href":"https:\/\/filologia.us.es\/index.php?rest_route=\/wp\/v2\/users\/1"}],"replies":[{"embeddable":true,"href":"https:\/\/filologia.us.es\/index.php?rest_route=%2Fwp%2Fv2%2Fcomments&post=152"}],"version-history":[{"count":0,"href":"https:\/\/filologia.us.es\/index.php?rest_route=\/wp\/v2\/pages\/152\/revisions"}],"wp:featuredmedia":[{"embeddable":true,"href":"https:\/\/filologia.us.es\/index.php?rest_route=\/wp\/v2\/media\/1678"}],"wp:attachment":[{"href":"https:\/\/filologia.us.es\/index.php?rest_route=%2Fwp%2Fv2%2Fmedia&parent=152"}],"curies":[{"name":"wp","href":"https:\/\/api.w.org\/{rel}","templated":true}]}}