{"id":148,"date":"2016-02-23T10:10:23","date_gmt":"2016-02-23T10:10:23","guid":{"rendered":"http:\/\/filologia.us.es\/?page_id=148"},"modified":"2026-01-22T11:59:25","modified_gmt":"2026-01-22T10:59:25","slug":"tandem","status":"publish","type":"page","link":"https:\/\/filologia.us.es\/centro-apla\/tandem\/","title":{"rendered":"T\u00c1NDEM"},"content":{"rendered":"\r\n<figure class=\"\"><img loading=\"lazy\" decoding=\"async\" class=\"alignnone size-full wp-image-23442\" src=\"https:\/\/filologia.us.es\/wp-content\/uploads\/2026\/01\/Cartel-Tandem-2aC-2025-26-scaled.jpg\" alt=\"\" width=\"2048\" height=\"2560\" srcset=\"https:\/\/filologia.us.es\/wp-content\/uploads\/2026\/01\/Cartel-Tandem-2aC-2025-26-scaled.jpg 2048w, https:\/\/filologia.us.es\/wp-content\/uploads\/2026\/01\/Cartel-Tandem-2aC-2025-26-768x960.jpg 768w, https:\/\/filologia.us.es\/wp-content\/uploads\/2026\/01\/Cartel-Tandem-2aC-2025-26-1229x1536.jpg 1229w, https:\/\/filologia.us.es\/wp-content\/uploads\/2026\/01\/Cartel-Tandem-2aC-2025-26-1638x2048.jpg 1638w, https:\/\/filologia.us.es\/wp-content\/uploads\/2026\/01\/Cartel-Tandem-2aC-2025-26-685x856.jpg 685w, https:\/\/filologia.us.es\/wp-content\/uploads\/2026\/01\/Cartel-Tandem-2aC-2025-26-1024x1280.jpg 1024w\" sizes=\"(max-width: 2048px) 100vw, 2048px\" \/><\/figure>\r\n\r\n<div>\r\n<div style=\"border: solid windowtext 1.0pt; padding: 1.0pt 4.0pt 1.0pt 4.0pt;\">\r\n<p style=\"line-height: 115%; border: none; padding: 0cm;\"><strong>NOTA IMPORTANTE ANTES DE COMPLETAR LA PREINSCRIPCI\u00d3N:<\/strong><\/p>\r\n<\/div>\r\n<p>Por favor, lee detenidamente estas l\u00edneas antes de proceder a la solicitud de preinscripci\u00f3n en la Actividad Reconocida de \u201cIntercambio Cultural y Ling\u00fc\u00edstico: T\u00e1ndem\u201d.<\/p>\r\n<p>Sobre el proceso<\/p>\r\n<p>1. Si un\/a alumno\/a realiza <strong>m\u00e1s de una preinscripci\u00f3n<\/strong> on-line el sistema solo registrar\u00e1 la <strong>\u00faltima<\/strong>.<\/p>\r\n<p>2. Los alumnos Erasmus y extranjeros en general solo pueden escoger como lengua de estudio el espa\u00f1ol.<\/p>\r\n<p>3. Todos los alumnos solicitantes se comprometen a no darse de baja de la Actividad T\u00e1ndem durante su duraci\u00f3n porque eso impedir\u00eda que su pareja completara la actividad.<\/p>\r\n<p>Sobre el compromiso del Centro APLA<\/p>\r\n<p>4. El <strong>equipo del Centro APLA<\/strong>\u00a0<b>lo forma<\/b> un grupo de profesores y profesoras de la Facultad de Filolog\u00eda de la Universidad de Sevilla, con la que colaboran estudiantes mentores y becarios Erasmus+ Traineeship.\u00a0Su \u00fanico empe\u00f1o es facilitar al estudiantado un medio de aprendizaje de lenguas y culturas que creemos que es \u00fatil y divertido. Recuerda que esto no es el Instituto de Idiomas de la US y que no hay clases.<\/p>\r\n<p>5. Por lo expuesto en el punto anterior y en el momento de la presentaci\u00f3n de la preinscripci\u00f3n en la Actividad T\u00e1ndem, <strong>todos los alumnos<\/strong> que no obtengan pareja <strong>declinan cualquier derecho a reclamar.<\/strong><\/p>\r\n<p>6. Los <strong>alumnos Erasmus<\/strong> que hubieran registrado la Actividad T\u00e1ndem en su acuerdo de estudios pero <strong>para los que no se haya podido facilitar pareja deber\u00e1n modificar su acuerdo de estudios<\/strong>. La Actividad Reconocida de \u201cIntercambio Cultural y Ling\u00fc\u00edstico: T\u00e1ndem\u201d no es una asignatura reglada y el Centro APLA no tiene ninguna obligaci\u00f3n ni responsabilidad sobre el creditaje que el alumno Erasmus haya acordado con su Universidad de origen. El c\u00f3digo de la actividad correspondiente al primer cuatrimestre del curso 2025-2026 es 4272 y el del segundo cuatrimestre es 4273.<\/p>\r\n<p>Si has entendido lo que esta NOTA significa y est\u00e1s de acuerdo con ella, puedes proceder a completar el Formulario de <a href=\"https:\/\/forms.office.com\/e\/7kTcSU4PkZ\">Preinscripci\u00f3n<\/a>.<\/p>\r\n<p style=\"text-align: center; line-height: 115%;\" align=\"center\">Acceso aqu\u00ed: https:\/\/forms.office.com\/e\/7kTcSU4PkZ hasta el 9 de febrero<\/p>\r\n<\/div>\r\n","protected":false},"excerpt":{"rendered":"<p>NOTA IMPORTANTE ANTES DE COMPLETAR LA PREINSCRIPCI\u00d3N: Por favor, lee detenidamente estas l\u00edneas antes de proceder a la solicitud de preinscripci\u00f3n en la Actividad Reconocida de \u201cIntercambio Cultural y Ling\u00fc\u00edstico: T\u00e1ndem\u201d. Sobre el proceso 1. Si un\/a alumno\/a realiza m\u00e1s de una preinscripci\u00f3n on-line el sistema solo registrar\u00e1 la \u00faltima. 2. Los alumnos Erasmus y &hellip; <a href=\"https:\/\/filologia.us.es\/centro-apla\/tandem\/\" class=\"more-link\">Continue reading <span class=\"screen-reader-text\">T\u00c1NDEM<\/span> <span class=\"meta-nav\">&raquo;<\/span><\/a><\/p>\n","protected":false},"author":1,"featured_media":4104,"parent":10883,"menu_order":131,"comment_status":"closed","ping_status":"closed","template":"","meta":{"_acf_changed":false,"footnotes":""},"acf":[],"_links":{"self":[{"href":"https:\/\/filologia.us.es\/wp-json\/wp\/v2\/pages\/148"}],"collection":[{"href":"https:\/\/filologia.us.es\/wp-json\/wp\/v2\/pages"}],"about":[{"href":"https:\/\/filologia.us.es\/wp-json\/wp\/v2\/types\/page"}],"author":[{"embeddable":true,"href":"https:\/\/filologia.us.es\/wp-json\/wp\/v2\/users\/1"}],"replies":[{"embeddable":true,"href":"https:\/\/filologia.us.es\/wp-json\/wp\/v2\/comments?post=148"}],"version-history":[{"count":1,"href":"https:\/\/filologia.us.es\/wp-json\/wp\/v2\/pages\/148\/revisions"}],"predecessor-version":[{"id":23443,"href":"https:\/\/filologia.us.es\/wp-json\/wp\/v2\/pages\/148\/revisions\/23443"}],"up":[{"embeddable":true,"href":"https:\/\/filologia.us.es\/wp-json\/wp\/v2\/pages\/10883"}],"wp:featuredmedia":[{"embeddable":true,"href":"https:\/\/filologia.us.es\/wp-json\/wp\/v2\/media\/4104"}],"wp:attachment":[{"href":"https:\/\/filologia.us.es\/wp-json\/wp\/v2\/media?parent=148"}],"curies":[{"name":"wp","href":"https:\/\/api.w.org\/{rel}","templated":true}]}}