{"id":14553,"date":"2020-04-13T15:44:08","date_gmt":"2020-04-13T13:44:08","guid":{"rendered":"http:\/\/filologia.us.es\/?page_id=14553"},"modified":"2024-01-24T10:30:07","modified_gmt":"2024-01-24T09:30:07","slug":"claustrales-c1-de-filologia","status":"publish","type":"page","link":"https:\/\/filologia.us.es\/?page_id=14553","title":{"rendered":"Claustrales del subsector C1 de Filolog\u00eda"},"content":{"rendered":"<p><strong>Claustrales del subsector C1 de Filolog\u00eda<\/strong><\/p>\n<p>Representantes claustrales del subsector C1 (estudiantes de grado y m\u00e1ster) por nuestra Facultad de Filolog\u00eda en la Universidad de Sevilla:<\/p>\n<p><a href=\"http:\/\/filologia.us.es\/wp-content\/uploads\/2020\/04\/IMG-20200413-WA0048.jpg\"><img loading=\"lazy\" decoding=\"async\" src=\"http:\/\/filologia.us.es\/wp-content\/uploads\/2020\/04\/IMG-20200413-WA0048.jpg\" alt=\"\" width=\"350\" height=\"233\" \/><\/a><\/p>\n<p>Laura Gil Pozuelo (Grado de Estudios Ingleses)<\/p>\n<p><a href=\"http:\/\/filologia.us.es\/wp-content\/uploads\/2020\/04\/PSX_20200413_165036.jpg\"><img loading=\"lazy\" decoding=\"async\" src=\"http:\/\/filologia.us.es\/wp-content\/uploads\/2020\/04\/PSX_20200413_165036.jpg\" alt=\"\" width=\"233\" height=\"314\" \/><\/a><\/p>\n<p>Elena Fern\u00e1ndez Naranjo (Doble Grado de Filolog\u00eda Hisp\u00e1nica y Cl\u00e1sica)<\/p>\n<p><a href=\"http:\/\/filologia.us.es\/wp-content\/uploads\/2020\/04\/IMG-20200413-WA0063.jpg\"><img loading=\"lazy\" decoding=\"async\" src=\"http:\/\/filologia.us.es\/wp-content\/uploads\/2020\/04\/IMG-20200413-WA0063.jpg\" alt=\"\" width=\"233\" height=\"363\" \/><\/a><\/p>\n<p>Paula Fuster Santos (Grado de Estudios \u00c1rabes e Isl\u00e1micos)<\/p>\n<ul>\n<li>\u00bfQu\u00e9 es el Claustro?<\/li>\n<\/ul>\n<p>El Claustro es el m\u00e1ximo \u00f3rgano de representaci\u00f3n de la comunidad universitaria, y en \u00e9l est\u00e1n representados todos los colectivos de la Comunidad: Profesorado e Investigadores, Estudiantes y Personal de administraci\u00f3n y servicios.<\/p>\n<ul>\n<li>\u00bfCu\u00e1les son sus funciones?<\/li>\n<li>\n<ul>\n<li>Elecci\u00f3n del Rector<\/li>\n<li>Elaboraci\u00f3n y reforma del Estatuto<\/li>\n<li>Elaboraci\u00f3n y aprobaci\u00f3n de los Reglamentos generales y su propio Reglamento de funcionamiento<\/li>\n<li>Elecci\u00f3n del Defensor Universitario y de los miembros del Consejo de Gobierno<\/li>\n<li>Conceder las distinciones honor\u00edficas y aprobar las propuestas de nombramiento de Doctores Honoris Causa<\/li>\n<li>Aprobar el informe anual de Gobierno<\/li>\n<\/ul>\n<\/li>\n<\/ul>\n<ul>\n<li>Correo electr\u00f3nico de contacto y redes sociales:<\/li>\n<\/ul>\n<p>Correo electr\u00f3nico: <a href=\"mailto:claustrofilologia2020@gmail.com\">claustrofilologia2020@gmail.com<\/a><\/p>\n<p>Instagram: @clausfilologia<\/p>\n<p><a href=\"https:\/\/www.instagram.com\/clausfilologia\/\"><img loading=\"lazy\" decoding=\"async\" class=\"aligncenter size-full wp-image-14571\" src=\"http:\/\/filologia.us.es\/wp-content\/uploads\/2020\/04\/IG.png\" alt=\"\" width=\"1065\" height=\"519\" srcset=\"https:\/\/filologia.us.es\/wp-content\/uploads\/2020\/04\/IG.png 1065w, https:\/\/filologia.us.es\/wp-content\/uploads\/2020\/04\/IG-768x374.png 768w, https:\/\/filologia.us.es\/wp-content\/uploads\/2020\/04\/IG-600x292.png 600w, https:\/\/filologia.us.es\/wp-content\/uploads\/2020\/04\/IG-685x334.png 685w, https:\/\/filologia.us.es\/wp-content\/uploads\/2020\/04\/IG-1024x499.png 1024w\" sizes=\"(max-width: 1065px) 100vw, 1065px\" \/><\/a><\/p>\n<p style=\"text-align: center;\"><em>Perfil en Instagram de los estudiantes del claustro de la Facultad de Filolog\u00eda<\/em><\/p>\n","protected":false},"excerpt":{"rendered":"<p>Claustrales del subsector C1 de Filolog\u00eda Representantes claustrales del subsector C1 (estudiantes de grado y m\u00e1ster) por nuestra Facultad de Filolog\u00eda en la Universidad de Sevilla: Laura Gil Pozuelo (Grado de Estudios Ingleses) Elena Fern\u00e1ndez Naranjo (Doble Grado de Filolog\u00eda Hisp\u00e1nica y Cl\u00e1sica) Paula Fuster Santos (Grado de Estudios \u00c1rabes e Isl\u00e1micos) \u00bfQu\u00e9 es el &hellip; <a href=\"https:\/\/filologia.us.es\/?page_id=14553\" class=\"more-link\">Continue reading <span class=\"screen-reader-text\">Claustrales del subsector C1 de Filolog\u00eda<\/span> <span class=\"meta-nav\">&raquo;<\/span><\/a><\/p>\n","protected":false},"author":1,"featured_media":14571,"parent":0,"menu_order":42,"comment_status":"closed","ping_status":"closed","template":"","meta":{"_acf_changed":false,"footnotes":""},"acf":[],"_links":{"self":[{"href":"https:\/\/filologia.us.es\/index.php?rest_route=\/wp\/v2\/pages\/14553"}],"collection":[{"href":"https:\/\/filologia.us.es\/index.php?rest_route=\/wp\/v2\/pages"}],"about":[{"href":"https:\/\/filologia.us.es\/index.php?rest_route=\/wp\/v2\/types\/page"}],"author":[{"embeddable":true,"href":"https:\/\/filologia.us.es\/index.php?rest_route=\/wp\/v2\/users\/1"}],"replies":[{"embeddable":true,"href":"https:\/\/filologia.us.es\/index.php?rest_route=%2Fwp%2Fv2%2Fcomments&post=14553"}],"version-history":[{"count":2,"href":"https:\/\/filologia.us.es\/index.php?rest_route=\/wp\/v2\/pages\/14553\/revisions"}],"predecessor-version":[{"id":20616,"href":"https:\/\/filologia.us.es\/index.php?rest_route=\/wp\/v2\/pages\/14553\/revisions\/20616"}],"wp:featuredmedia":[{"embeddable":true,"href":"https:\/\/filologia.us.es\/index.php?rest_route=\/wp\/v2\/media\/14571"}],"wp:attachment":[{"href":"https:\/\/filologia.us.es\/index.php?rest_route=%2Fwp%2Fv2%2Fmedia&parent=14553"}],"curies":[{"name":"wp","href":"https:\/\/api.w.org\/{rel}","templated":true}]}}