{"id":140,"date":"2016-02-23T10:09:32","date_gmt":"2016-02-23T10:09:32","guid":{"rendered":"http:\/\/filologia.us.es\/?page_id=140"},"modified":"2022-05-13T18:19:25","modified_gmt":"2022-05-13T16:19:25","slug":"bibliotecas","status":"publish","type":"page","link":"https:\/\/filologia.us.es\/?page_id=140","title":{"rendered":"Bibliotecas"},"content":{"rendered":"<h3>Las bibliotecas de la Facultad de Filolog\u00eda<\/h3>\n<p>La <em>Biblioteca de Humanidades<\/em> organiza el cat\u00e1logo de recursos bibliogr\u00e1ficos universitarios m\u00e1s inmediato a tus intereses.\u00a0 En su p\u00e1gina web encontrar\u00e1s m\u00faltiples enlaces con las gu\u00edas de uso, bases de datos, cursos de formaci\u00f3n, cat\u00e1logo fama, horarios de las diferentes sedes, etc. que puedas necesitar.<\/p>\n<p>La web de la biblioteca es muy completa, como lo demuestra el hecho de que puedas buscar la bibliograf\u00eda de tu asignatura si abres el men\u00fa \u00abBUSCA y ENCUENTRA\u00bb y te desplazas hasta el rengl\u00f3n de \u00abBibliograf\u00eda recomendada\u00bb o directamente en el men\u00fa \u00abIMPRESCINDIBLES\u00bb.<\/p>\n<p>No obstante, recuerda que \u00abHumanidades\u00bb es el techo que cubre una casa con muchas habitaciones<\/p>\n<ul>\n<li><a href=\"http:\/\/bib.us.es\/humanidades\/\">Biblioteca de Humanidades<\/a><\/li>\n<li><a href=\"http:\/\/bib.us.es\/humanidades\/imprescindibles\/bibliotecaenlosdepartamentos\">La Biblioteca en los Departamentos<\/a><\/li>\n<li><a href=\"https:\/\/www.google.com\/maps\/d\/viewer?ll=37.380751%2C-5.990864&amp;spn=0.001829%2C0.003455&amp;hl=es&amp;t=h&amp;msa=0&amp;source=embed&amp;ie=UTF8&amp;mid=16nNKACSmbWidfd_VaCChemcWDN0\">Mapa de Bibliotecas<\/a><\/li>\n<li><a href=\"http:\/\/fama.us.es\/\">Cat\u00e1logo FAMA<\/a><\/li>\n<\/ul>\n","protected":false},"excerpt":{"rendered":"<p>Las bibliotecas de la Facultad de Filolog\u00eda La Biblioteca de Humanidades organiza el cat\u00e1logo de recursos bibliogr\u00e1ficos universitarios m\u00e1s inmediato a tus intereses.\u00a0 En su p\u00e1gina web encontrar\u00e1s m\u00faltiples enlaces con las gu\u00edas de uso, bases de datos, cursos de formaci\u00f3n, cat\u00e1logo fama, horarios de las diferentes sedes, etc. que puedas necesitar. La web de &hellip; <a href=\"https:\/\/filologia.us.es\/?page_id=140\" class=\"more-link\">Continue reading <span class=\"screen-reader-text\">Bibliotecas<\/span> <span class=\"meta-nav\">&raquo;<\/span><\/a><\/p>\n","protected":false},"author":1,"featured_media":0,"parent":0,"menu_order":94,"comment_status":"closed","ping_status":"closed","template":"","meta":{"_acf_changed":false,"footnotes":""},"acf":[],"_links":{"self":[{"href":"https:\/\/filologia.us.es\/index.php?rest_route=\/wp\/v2\/pages\/140"}],"collection":[{"href":"https:\/\/filologia.us.es\/index.php?rest_route=\/wp\/v2\/pages"}],"about":[{"href":"https:\/\/filologia.us.es\/index.php?rest_route=\/wp\/v2\/types\/page"}],"author":[{"embeddable":true,"href":"https:\/\/filologia.us.es\/index.php?rest_route=\/wp\/v2\/users\/1"}],"replies":[{"embeddable":true,"href":"https:\/\/filologia.us.es\/index.php?rest_route=%2Fwp%2Fv2%2Fcomments&post=140"}],"version-history":[{"count":2,"href":"https:\/\/filologia.us.es\/index.php?rest_route=\/wp\/v2\/pages\/140\/revisions"}],"predecessor-version":[{"id":17697,"href":"https:\/\/filologia.us.es\/index.php?rest_route=\/wp\/v2\/pages\/140\/revisions\/17697"}],"wp:attachment":[{"href":"https:\/\/filologia.us.es\/index.php?rest_route=%2Fwp%2Fv2%2Fmedia&parent=140"}],"curies":[{"name":"wp","href":"https:\/\/api.w.org\/{rel}","templated":true}]}}