{"id":138,"date":"2016-02-23T10:09:19","date_gmt":"2016-02-23T10:09:19","guid":{"rendered":"http:\/\/filologia.us.es\/?page_id=138"},"modified":"2016-11-03T23:42:53","modified_gmt":"2016-11-03T23:42:53","slug":"estudiantes-visitantes-la-use","status":"publish","type":"page","link":"https:\/\/filologia.us.es\/?page_id=138","title":{"rendered":"Estudiantes visitantes de la USE"},"content":{"rendered":"<p>La informaci\u00f3n para los estudiantes visitantes de la USE est\u00e1 en la pesta\u00f1a de \u00abMovilidad Nacional e Internacional\u00bb. Pulsa en el siguiente <a href=\"http:\/\/filologia.us.es\/movilidad-nacional-e-internacional\/alumnos-visitantes\/\">enlace<\/a>.<\/p>\n","protected":false},"excerpt":{"rendered":"<p>La informaci\u00f3n para los estudiantes visitantes de la USE est\u00e1 en la pesta\u00f1a de \u00abMovilidad Nacional e Internacional\u00bb. Pulsa en el siguiente enlace.<\/p>\n","protected":false},"author":1,"featured_media":1678,"parent":0,"menu_order":120,"comment_status":"closed","ping_status":"closed","template":"","meta":{"_acf_changed":false,"footnotes":""},"acf":[],"_links":{"self":[{"href":"https:\/\/filologia.us.es\/index.php?rest_route=\/wp\/v2\/pages\/138"}],"collection":[{"href":"https:\/\/filologia.us.es\/index.php?rest_route=\/wp\/v2\/pages"}],"about":[{"href":"https:\/\/filologia.us.es\/index.php?rest_route=\/wp\/v2\/types\/page"}],"author":[{"embeddable":true,"href":"https:\/\/filologia.us.es\/index.php?rest_route=\/wp\/v2\/users\/1"}],"replies":[{"embeddable":true,"href":"https:\/\/filologia.us.es\/index.php?rest_route=%2Fwp%2Fv2%2Fcomments&post=138"}],"version-history":[{"count":0,"href":"https:\/\/filologia.us.es\/index.php?rest_route=\/wp\/v2\/pages\/138\/revisions"}],"wp:featuredmedia":[{"embeddable":true,"href":"https:\/\/filologia.us.es\/index.php?rest_route=\/wp\/v2\/media\/1678"}],"wp:attachment":[{"href":"https:\/\/filologia.us.es\/index.php?rest_route=%2Fwp%2Fv2%2Fmedia&parent=138"}],"curies":[{"name":"wp","href":"https:\/\/api.w.org\/{rel}","templated":true}]}}