{"id":134,"date":"2016-02-23T10:08:46","date_gmt":"2016-02-23T10:08:46","guid":{"rendered":"http:\/\/filologia.us.es\/?page_id=134"},"modified":"2025-07-22T12:29:37","modified_gmt":"2025-07-22T10:29:37","slug":"calendario-de-examenes","status":"publish","type":"page","link":"https:\/\/filologia.us.es\/?page_id=134","title":{"rendered":"Calendario de ex\u00e1menes"},"content":{"rendered":"<h5><strong>Calendario de Ex\u00e1menes de la Facultad de Filolog\u00eda para el curso 2025-26 aprobado por la Junta de Centro celebrada el 26 de mayo de 2025. Incluye fecha y hora de los ex\u00e1menes de las asignaturas de Grado en todas las convocatorias.<\/strong><\/h5>\r\n<p>Los cambios de \u00faltima hora, impuestos por razones sobrevenidas, se publican en la pesta\u00f1a \u00abIMPORTANTE: Cambios en el calendarios\u00bb.<\/p>\r\n\r\n<p>&nbsp;<\/p>\r\n","protected":false},"excerpt":{"rendered":"<p>Calendario de Ex\u00e1menes de la Facultad de Filolog\u00eda para el curso 2025-26 aprobado por la Junta de Centro celebrada el 26 de mayo de 2025. Incluye fecha y hora de los ex\u00e1menes de las asignaturas de Grado en todas las convocatorias. Los cambios de \u00faltima hora, impuestos por razones sobrevenidas, se publican en la pesta\u00f1a &hellip; <a href=\"https:\/\/filologia.us.es\/?page_id=134\" class=\"more-link\">Continue reading <span class=\"screen-reader-text\">Calendario de ex\u00e1menes<\/span> <span class=\"meta-nav\">&raquo;<\/span><\/a><\/p>\n","protected":false},"author":1,"featured_media":1675,"parent":0,"menu_order":96,"comment_status":"closed","ping_status":"closed","template":"page-templates_siff\/page-sidebar_secondary.php","meta":{"_acf_changed":false,"footnotes":""},"acf":[],"_links":{"self":[{"href":"https:\/\/filologia.us.es\/index.php?rest_route=\/wp\/v2\/pages\/134"}],"collection":[{"href":"https:\/\/filologia.us.es\/index.php?rest_route=\/wp\/v2\/pages"}],"about":[{"href":"https:\/\/filologia.us.es\/index.php?rest_route=\/wp\/v2\/types\/page"}],"author":[{"embeddable":true,"href":"https:\/\/filologia.us.es\/index.php?rest_route=\/wp\/v2\/users\/1"}],"replies":[{"embeddable":true,"href":"https:\/\/filologia.us.es\/index.php?rest_route=%2Fwp%2Fv2%2Fcomments&post=134"}],"version-history":[{"count":3,"href":"https:\/\/filologia.us.es\/index.php?rest_route=\/wp\/v2\/pages\/134\/revisions"}],"predecessor-version":[{"id":22752,"href":"https:\/\/filologia.us.es\/index.php?rest_route=\/wp\/v2\/pages\/134\/revisions\/22752"}],"wp:featuredmedia":[{"embeddable":true,"href":"https:\/\/filologia.us.es\/index.php?rest_route=\/wp\/v2\/media\/1675"}],"wp:attachment":[{"href":"https:\/\/filologia.us.es\/index.php?rest_route=%2Fwp%2Fv2%2Fmedia&parent=134"}],"curies":[{"name":"wp","href":"https:\/\/api.w.org\/{rel}","templated":true}]}}