{"id":128,"date":"2016-02-23T10:07:08","date_gmt":"2016-02-23T10:07:08","guid":{"rendered":"http:\/\/filologia.us.es\/?page_id=128"},"modified":"2025-07-04T13:12:43","modified_gmt":"2025-07-04T11:12:43","slug":"calendario-academico-la-use","status":"publish","type":"page","link":"https:\/\/filologia.us.es\/?page_id=128","title":{"rendered":"Calendario acad\u00e9mico de la US"},"content":{"rendered":"<p>El calendario de cada a\u00f1o acad\u00e9mico es aprobado por acuerdo de Claustro de la Universidad de Sevilla conforme a lo que establece el art\u00edculo 31 del Reglamento General de Actividades Docentes, y es de aplicaci\u00f3n para los estudios de Grado, de M\u00e1ster Universitario, as\u00ed como para el resto de las titulaciones en proceso de extinci\u00f3n.<\/p>\n<p><a href=\"https:\/\/filologia.us.es\/wp-content\/uploads\/2025\/07\/Calendario-academico-25-26-resumen.pdf\"><strong>CALENDARIO ACAD\u00c9MICO CURSO 2025-26 (Resumen)<\/strong><\/a><\/p>\n<p><strong><a href=\"https:\/\/filologia.us.es\/wp-content\/uploads\/2025\/07\/calendario-academico-2025-2026.pdf\">CALENDARIO ACAD\u00c9MICO CURSO 2025-26<\/a><\/strong><\/p>\n","protected":false},"excerpt":{"rendered":"<p>El calendario de cada a\u00f1o acad\u00e9mico es aprobado por acuerdo de Claustro de la Universidad de Sevilla conforme a lo que establece el art\u00edculo 31 del Reglamento General de Actividades Docentes, y es de aplicaci\u00f3n para los estudios de Grado, de M\u00e1ster Universitario, as\u00ed como para el resto de las titulaciones en proceso de extinci\u00f3n. &hellip; <a href=\"https:\/\/filologia.us.es\/?page_id=128\" class=\"more-link\">Continue reading <span class=\"screen-reader-text\">Calendario acad\u00e9mico de la US<\/span> <span class=\"meta-nav\">&raquo;<\/span><\/a><\/p>\n","protected":false},"author":1,"featured_media":1675,"parent":0,"menu_order":95,"comment_status":"closed","ping_status":"closed","template":"page-templates_siff\/page-sidebar_secondary.php","meta":{"_acf_changed":false,"footnotes":""},"acf":[],"_links":{"self":[{"href":"https:\/\/filologia.us.es\/index.php?rest_route=\/wp\/v2\/pages\/128"}],"collection":[{"href":"https:\/\/filologia.us.es\/index.php?rest_route=\/wp\/v2\/pages"}],"about":[{"href":"https:\/\/filologia.us.es\/index.php?rest_route=\/wp\/v2\/types\/page"}],"author":[{"embeddable":true,"href":"https:\/\/filologia.us.es\/index.php?rest_route=\/wp\/v2\/users\/1"}],"replies":[{"embeddable":true,"href":"https:\/\/filologia.us.es\/index.php?rest_route=%2Fwp%2Fv2%2Fcomments&post=128"}],"version-history":[{"count":3,"href":"https:\/\/filologia.us.es\/index.php?rest_route=\/wp\/v2\/pages\/128\/revisions"}],"predecessor-version":[{"id":22700,"href":"https:\/\/filologia.us.es\/index.php?rest_route=\/wp\/v2\/pages\/128\/revisions\/22700"}],"wp:featuredmedia":[{"embeddable":true,"href":"https:\/\/filologia.us.es\/index.php?rest_route=\/wp\/v2\/media\/1675"}],"wp:attachment":[{"href":"https:\/\/filologia.us.es\/index.php?rest_route=%2Fwp%2Fv2%2Fmedia&parent=128"}],"curies":[{"name":"wp","href":"https:\/\/api.w.org\/{rel}","templated":true}]}}