{"id":126,"date":"2016-02-23T10:06:51","date_gmt":"2016-02-23T10:06:51","guid":{"rendered":"http:\/\/filologia.us.es\/?page_id=126"},"modified":"2019-05-16T13:57:01","modified_gmt":"2019-05-16T11:57:01","slug":"como-saber-tu-grupo","status":"publish","type":"page","link":"https:\/\/filologia.us.es\/?page_id=126","title":{"rendered":"C\u00f3mo saber tu grupo"},"content":{"rendered":"<h3>Grupos y horarios<\/h3>\n<p style=\"text-align: justify;\">A menudo, por razones de n\u00famero o por la idiosincrasia de una asignatura, puede ocurrir que \u00e9sta se ordene en dos o m\u00e1s grupos. Para facilitar la automatr\u00edcula, se han creado agrupaciones obligatorias que persiguen evitar errores de matriculaci\u00f3n que hagan incompatibles los horarios de clase. De esta manera, el sistema asignar\u00e1 autom\u00e1ticamente los grupos correctos en funci\u00f3n del grupo se\u00f1alado por el estudiante en el momento de automatricularse sin que sea posible romper esa agrupaci\u00f3n.<\/p>\n<p style=\"text-align: justify;\">Si por alg\u00fan motivo no sabes en qu\u00e9 grupo est\u00e1s, podr\u00e1s consultar tu <em>hoja de matr\u00edcula<\/em>. Para hacerlo virtualmente sigue estos pasos (se incluye una foto m\u00e1s abajo):<\/p>\n<ol>\n<li style=\"text-align: justify;\">Conecta con la Secretar\u00eda Virtual (<a href=\"https:\/\/sevius.us.es\/\">SEVIUS<\/a>) usando tu UVUS y tu contrase\u00f1a<\/li>\n<li style=\"text-align: justify;\">Abre la pesta\u00f1a de <strong>Datos acad\u00e9micos<\/strong> y selecciona <strong>Grado<\/strong><\/li>\n<li style=\"text-align: justify;\">Selecciona la pesta\u00f1a <strong>Matr\u00edcula<\/strong><\/li>\n<li style=\"text-align: justify;\">Localiza la columna <em>Grupo<\/em> en los <em>Datos de matr\u00edcula<\/em>. En ella aparecer\u00e1n los grupos asignados<\/li>\n<\/ol>\n<p style=\"text-align: justify;\">Puedes consultar los horarios que publicamos en esta misma p\u00e1gina pulsando <a href=\"http:\/\/filologia.us.es\/horarios-de-clase\/\">aqu\u00ed<\/a> y filtrando la informaci\u00f3n para que aparezca solo la que desees.<\/p>\n<p style=\"text-align: justify;\"><img loading=\"lazy\" decoding=\"async\" class=\"aligncenter wp-image-3966 size-full\" src=\"http:\/\/filologia.us.es\/wp-content\/uploads\/2016\/10\/Como_saber_tu_grupo.jpg\" alt=\"como_saber_tu_grupo\" width=\"1232\" height=\"851\" \/><\/p>\n","protected":false},"excerpt":{"rendered":"<p>Grupos y horarios A menudo, por razones de n\u00famero o por la idiosincrasia de una asignatura, puede ocurrir que \u00e9sta se ordene en dos o m\u00e1s grupos. Para facilitar la automatr\u00edcula, se han creado agrupaciones obligatorias que persiguen evitar errores de matriculaci\u00f3n que hagan incompatibles los horarios de clase. De esta manera, el sistema asignar\u00e1 &hellip; <a href=\"https:\/\/filologia.us.es\/?page_id=126\" class=\"more-link\">Continue reading <span class=\"screen-reader-text\">C\u00f3mo saber tu grupo<\/span> <span class=\"meta-nav\">&raquo;<\/span><\/a><\/p>\n","protected":false},"author":1,"featured_media":1677,"parent":0,"menu_order":99,"comment_status":"closed","ping_status":"closed","template":"","meta":{"_acf_changed":false,"footnotes":""},"acf":[],"_links":{"self":[{"href":"https:\/\/filologia.us.es\/index.php?rest_route=\/wp\/v2\/pages\/126"}],"collection":[{"href":"https:\/\/filologia.us.es\/index.php?rest_route=\/wp\/v2\/pages"}],"about":[{"href":"https:\/\/filologia.us.es\/index.php?rest_route=\/wp\/v2\/types\/page"}],"author":[{"embeddable":true,"href":"https:\/\/filologia.us.es\/index.php?rest_route=\/wp\/v2\/users\/1"}],"replies":[{"embeddable":true,"href":"https:\/\/filologia.us.es\/index.php?rest_route=%2Fwp%2Fv2%2Fcomments&post=126"}],"version-history":[{"count":2,"href":"https:\/\/filologia.us.es\/index.php?rest_route=\/wp\/v2\/pages\/126\/revisions"}],"predecessor-version":[{"id":12429,"href":"https:\/\/filologia.us.es\/index.php?rest_route=\/wp\/v2\/pages\/126\/revisions\/12429"}],"wp:featuredmedia":[{"embeddable":true,"href":"https:\/\/filologia.us.es\/index.php?rest_route=\/wp\/v2\/media\/1677"}],"wp:attachment":[{"href":"https:\/\/filologia.us.es\/index.php?rest_route=%2Fwp%2Fv2%2Fmedia&parent=126"}],"curies":[{"name":"wp","href":"https:\/\/api.w.org\/{rel}","templated":true}]}}